{"id":3835,"date":"2022-02-08T15:56:50","date_gmt":"2022-02-08T18:56:50","guid":{"rendered":"https:\/\/ens5-caba.infd.edu.ar\/sitio\/?page_id=3835"},"modified":"2026-03-17T16:13:24","modified_gmt":"2026-03-17T19:13:24","slug":"2022-2","status":"publish","type":"page","link":"https:\/\/ens5-caba.infd.edu.ar\/sitio\/2022-2\/","title":{"rendered":"DD JJ EN L\u00cdNEA"},"content":{"rendered":"\n<p><\/p>\n\n\n\n<p>Los enlaces para ingresar a las aplicaciones a trav\u00e9s del&nbsp;<strong>Sistema de Gesti\u00f3n Educativa&nbsp;<\/strong>y registrar los movimientos correspondientes son:<\/p>\n\n\n\n<p><img decoding=\"async\" loading=\"lazy\" width=\"5\" height=\"5\" src=\"https:\/\/ens7-caba.infd.edu.ar\/sitio\/declaracion-jurada-en-linea\/\"><strong>Acceso a Declaraci\u00f3n Jurada en L\u00ednea:&nbsp;<\/strong><a href=\"http:\/\/sistemas1.buenosaires.edu.ar\/wsad\/declaracion_jurada.php\">http:\/\/sistemas1.buenosaires.edu.ar\/wsad\/declaracion_jurada.php<\/a><\/p>\n\n\n\n<p><img decoding=\"async\" loading=\"lazy\" width=\"5\" height=\"5\" src=\"https:\/\/ens7-caba.infd.edu.ar\/sitio\/declaracion-jurada-en-linea\/\"><strong>Acceso a Formulario T Web:&nbsp;<\/strong><a href=\"http:\/\/sistemas1.buenosaires.edu.ar\/wsad\/\">http:\/\/sistemas1.buenosaires.edu.ar\/wsad\/<\/a><\/p>\n\n\n\n<p><strong>SALA DE CONSULTA VIRTUAL (SACOVI)<\/strong>,\u00a0<strong>para realizar la declaraci\u00f3n jurada en l\u00ednea y el formulario T Web<\/strong>:<\/p>\n\n\n\n<p><strong>MESAS DE AYUDA<\/strong><\/p>\n\n\n\n<p><img decoding=\"async\" loading=\"lazy\" width=\"5\" height=\"5\" src=\"https:\/\/ens7-caba.infd.edu.ar\/sitio\/declaracion-jurada-en-linea\/\"><strong>DECLARACI\u00d3N JURADA EN L\u00cdNEA (DJL)<\/strong><\/p>\n\n\n\n<p>Correo electr\u00f3nico:&nbsp;<a href=\"mailto:consultas.djl@bue.edu.ar\">consultas.djl@bue.edu.ar<\/a>&nbsp;Tel\u00e9fonos: 6076 6000 internos 4017\/4023\/4029\/4034<\/p>\n\n\n\n<p>D\u00edas y horarios de atenci\u00f3n: lunes a viernes de 08:00 a 20:00 Hs.<\/p>\n\n\n\n<p><\/p>\n\n\n\n<p><img decoding=\"async\" loading=\"lazy\" width=\"5\" height=\"5\" src=\"https:\/\/ens7-caba.infd.edu.ar\/sitio\/declaracion-jurada-en-linea\/\"><strong>FORMULARIO T WEB (FTW)<\/strong><\/p>\n\n\n\n<p>Correo electr\u00f3nico:&nbsp;<a href=\"mailto:consultatweb@bue.edu.ar\">consultatweb@bue.edu.ar<\/a><\/p>\n\n\n\n<p>Tel\u00e9fonos: 6076 6000 internos 4035 \/ 4040 \/ 4041 \/ 4046<\/p>\n\n\n\n<p>D\u00edas y horarios de atenci\u00f3n: lunes a viernes de 08:00 a 20:00 Hs.<\/p>\n\n\n\n<hr class=\"wp-block-separator has-css-opacity\"\/>\n\n\n\n<p><\/p>\n\n\n\n<p><\/p>\n","protected":false},"excerpt":{"rendered":"<p>Los enlaces para ingresar a las aplicaciones a trav\u00e9s del&nbsp;Sistema de Gesti\u00f3n Educativa&nbsp;y registrar los movimientos correspondientes son: Acceso a Declaraci\u00f3n Jurada en L\u00ednea:&nbsp;http:\/\/sistemas1.buenosaires.edu.ar\/wsad\/declaracion_jurada.php Acceso a Formulario T Web:&nbsp;http:\/\/sistemas1.buenosaires.edu.ar\/wsad\/ SALA DE CONSULTA VIRTUAL (SACOVI),\u00a0para realizar la declaraci\u00f3n jurada en l\u00ednea y el formulario T Web: MESAS DE AYUDA DECLARACI\u00d3N JURADA EN L\u00cdNEA (DJL) Correo electr\u00f3nico:&nbsp;consultas.djl@bue.edu.ar&nbsp;Tel\u00e9fonos: &#8230; <a title=\"DD JJ EN L\u00cdNEA\" class=\"read-more\" href=\"https:\/\/ens5-caba.infd.edu.ar\/sitio\/2022-2\/\" aria-label=\"More on DD JJ EN L\u00cdNEA\">[+]<\/a><\/p>\n","protected":false},"author":1201,"featured_media":0,"parent":0,"menu_order":0,"comment_status":"closed","ping_status":"closed","template":"","meta":[],"acf":[],"_links":{"self":[{"href":"https:\/\/ens5-caba.infd.edu.ar\/sitio\/wp-json\/wp\/v2\/pages\/3835"}],"collection":[{"href":"https:\/\/ens5-caba.infd.edu.ar\/sitio\/wp-json\/wp\/v2\/pages"}],"about":[{"href":"https:\/\/ens5-caba.infd.edu.ar\/sitio\/wp-json\/wp\/v2\/types\/page"}],"author":[{"embeddable":true,"href":"https:\/\/ens5-caba.infd.edu.ar\/sitio\/wp-json\/wp\/v2\/users\/1201"}],"replies":[{"embeddable":true,"href":"https:\/\/ens5-caba.infd.edu.ar\/sitio\/wp-json\/wp\/v2\/comments?post=3835"}],"version-history":[{"count":18,"href":"https:\/\/ens5-caba.infd.edu.ar\/sitio\/wp-json\/wp\/v2\/pages\/3835\/revisions"}],"predecessor-version":[{"id":5915,"href":"https:\/\/ens5-caba.infd.edu.ar\/sitio\/wp-json\/wp\/v2\/pages\/3835\/revisions\/5915"}],"wp:attachment":[{"href":"https:\/\/ens5-caba.infd.edu.ar\/sitio\/wp-json\/wp\/v2\/media?parent=3835"}],"curies":[{"name":"wp","href":"https:\/\/api.w.org\/{rel}","templated":true}]}}