{"id":3709,"date":"2021-11-25T11:23:59","date_gmt":"2021-11-25T14:23:59","guid":{"rendered":"https:\/\/ens5-caba.infd.edu.ar\/sitio\/?page_id=3709"},"modified":"2022-11-30T14:39:03","modified_gmt":"2022-11-30T17:39:03","slug":"inscripcion_2022","status":"publish","type":"page","link":"https:\/\/ens5-caba.infd.edu.ar\/sitio\/inscripcion_2022\/","title":{"rendered":"Inscripci\u00f3n Ciclo Lectivo 2023"},"content":{"rendered":"\n<p class=\"has-text-align-center has-luminous-vivid-amber-color has-text-color\" style=\"font-size:26px\"><strong><em>Per\u00edodo ordinario<\/em><\/strong><\/p>\n\n\n\n<p class=\"has-text-align-center has-black-color has-text-color has-medium-font-size\"><strong>Para aspirantes a 1.\u00b0 a\u00f1o de Nivel Secundario<\/strong><\/p>\n\n\n\n<p class=\"has-text-align-center\"><\/p>\n\n\n\n<p class=\"has-text-align-center\"><\/p>\n\n\n\n<p class=\"has-text-align-center has-black-color has-text-color\" style=\"font-size:26px\"><strong>Preinscripci\u00f3n<\/strong><\/p>\n\n\n\n<p class=\"has-text-align-center has-black-color has-text-color has-normal-font-size\"><a rel=\"noreferrer noopener\" href=\"https:\/\/www.buenosaires.gob.ar\/educacion\/estudiantes\/inscripcionescolar\" data-type=\"URL\" data-id=\"https:\/\/www.buenosaires.gob.ar\/educacion\/estudiantes\/inscripcionescolar\" target=\"_blank\">buenosaires.gob.ar\/inscripcionescolar<\/a><\/p>\n\n\n\n<p class=\"has-text-align-center has-black-color has-text-color has-medium-font-size\">del 3 al 23 de octubre de 2022<br><\/p>\n\n\n\n<p class=\"has-text-align-center\"><\/p>\n\n\n\n<p class=\"has-text-align-center has-black-color has-text-color\" style=\"font-size:26px\"><strong>Control documental<\/strong><\/p>\n\n\n\n<p class=\"has-text-align-center has-black-color has-text-color has-medium-font-size\">del 3 al 28 de octubre de 2022<\/p>\n\n\n\n<p class=\"has-text-align-center has-black-color has-text-color has-small-font-size\"><br>Presentaci\u00f3n de la documentaci\u00f3n que respalda la informaci\u00f3n suministrada en el sistema.<\/p>\n\n\n\n<p class=\"has-text-align-center\"><\/p>\n\n\n\n<p class=\"has-text-align-center\" style=\"font-size:26px\"><strong>Tutorial<\/strong><\/p>\n\n\n\n<figure class=\"wp-block-embed is-type-video is-provider-youtube wp-block-embed-youtube wp-embed-aspect-16-9 wp-has-aspect-ratio\"><div class=\"wp-block-embed__wrapper\">\n<iframe loading=\"lazy\" title=\"Inscripci\u00f3n escolar 2022\" width=\"1200\" height=\"675\" src=\"https:\/\/www.youtube.com\/embed\/DI-cMGyLUM0?feature=oembed\" frameborder=\"0\" allow=\"accelerometer; autoplay; clipboard-write; encrypted-media; gyroscope; picture-in-picture\" allowfullscreen><\/iframe>\n<\/div><\/figure>\n\n\n\n<p><\/p>\n\n\n\n<p><\/p>\n\n\n\n<p class=\"has-text-align-center has-large-font-size\"><strong>Inscripci\u00f3n al ciclo lectivo 2023<\/strong><\/p>\n\n\n\n<p class=\"has-text-align-center has-luminous-vivid-amber-color has-text-color\" style=\"font-size:26px\"><strong><em>Per\u00edodo complementario<\/em><\/strong><\/p>\n\n\n\n<p class=\"has-text-align-center has-medium-font-size\"><strong>Para aspirantes a Nivel Secundario<\/strong><br><\/p>\n\n\n\n<p class=\"has-text-align-center\" style=\"font-size:26px\"><strong>Preinscripci\u00f3n<\/strong><\/p>\n\n\n\n<p class=\"has-text-align-center has-medium-font-size\">del 5 de diciembre de 2022 al 27 de enero de 2023<\/p>\n\n\n\n<p class=\"has-text-align-center has-normal-font-size\">Carga de datos del aspirante en el sistema de inscripci\u00f3n en l\u00ednea.<\/p>\n\n\n\n<div class=\"wp-block-file aligncenter\"><a href=\"https:\/\/ens5-caba.infd.edu.ar\/sitio\/wp-content\/uploads\/2022\/11\/matricula-nuevos-ingresantes-Primer-ano-2023.pdf\" target=\"_blank\" rel=\"noreferrer noopener\">Matr\u00edcula nuevos ingresantes Primer a\u00f1o 2023<\/a><a href=\"https:\/\/ens5-caba.infd.edu.ar\/sitio\/wp-content\/uploads\/2022\/11\/matricula-nuevos-ingresantes-Primer-ano-2023.pdf\" class=\"wp-block-file__button\" download>Descarga<\/a><\/div>\n\n\n\n<div class=\"wp-block-file aligncenter\"><a href=\"https:\/\/ens5-caba.infd.edu.ar\/sitio\/wp-content\/uploads\/2022\/11\/DOCUMENTACION-A-PRESENTAR.pdf\" target=\"_blank\" rel=\"noreferrer noopener\">Documentaci\u00f3n a presentar<\/a><a href=\"https:\/\/ens5-caba.infd.edu.ar\/sitio\/wp-content\/uploads\/2022\/11\/DOCUMENTACION-A-PRESENTAR.pdf\" class=\"wp-block-file__button\" download>Descarga<\/a><\/div>\n\n\n\n<hr class=\"wp-block-separator\"\/>\n\n\n\n<p class=\"has-text-align-center has-luminous-vivid-amber-color has-text-color\" style=\"font-size:22px\"><strong>Reclamos debido a la asignaci\u00f3n de las vacantes<\/strong><\/p>\n\n\n\n<p class=\"has-text-align-center\">Se les informa que las familias que desean realizar reclamos debido a la asignaci\u00f3n de las vacantes, deben hacerlo\u00a0<strong>s\u00f3lo de modo presencial en\u00a0 las sedes IEL<\/strong>.<\/p>\n\n\n\n<p class=\"has-text-align-center\">Las sedes de Atenci\u00f3n presencial estar\u00e1n atendiendo desde el\u00a0<strong><u>viernes 25\/11<\/u><\/strong>\u00a0al\u00a0<strong><u>martes 20\/12<\/u><\/strong>\u00a0con\u00a0<strong><u>turno previo<\/u><\/strong>.<\/p>\n\n\n\n<p class=\"has-text-align-center\">Sacar un turno en::\u00a0<a rel=\"noreferrer noopener\" href=\"https:\/\/turnoseducacion.buenosaires.gob.ar\/inscripcionEnLinea\" target=\"_blank\">https:\/\/turnoseducacion.buenosaires.gob.ar\/inscripcionEnLinea<\/a><\/p>\n\n\n\n<p class=\"has-text-align-center\">Para mayor informaci\u00f3n\u00a0ingresar en:\u00a0<a rel=\"noreferrer noopener\" href=\"https:\/\/www.buenosaires.gob.ar\/educacion\/estudiantes\/inscripcionescolar#\" target=\"_blank\">https:\/\/www.buenosaires.gob.ar\/educacion\/estudiantes\/inscripcionescolar#<\/a><\/p>\n\n\n\n<div class=\"wp-block-file aligncenter\"><a href=\"https:\/\/ens5-caba.infd.edu.ar\/sitio\/wp-content\/uploads\/2022\/11\/SEDES-DE-ATENCION-PRESENCIAL-IEL-2023-PERIODO-COMPLEMENTARIO-Y-RECLAMOS.xlsx-IEL.pdf\" target=\"_blank\" rel=\"noreferrer noopener\">Sedes de Atenci\u00f3n Presencial IEL<\/a><a href=\"https:\/\/ens5-caba.infd.edu.ar\/sitio\/wp-content\/uploads\/2022\/11\/SEDES-DE-ATENCION-PRESENCIAL-IEL-2023-PERIODO-COMPLEMENTARIO-Y-RECLAMOS.xlsx-IEL.pdf\" class=\"wp-block-file__button\" download>Descarga<\/a><\/div>\n\n\n\n<hr class=\"wp-block-separator\"\/>\n\n\n\n<p class=\"has-text-align-center has-large-font-size\"><strong>Inscripci\u00f3n al ciclo lectivo 2022<\/strong><\/p>\n\n\n\n<ol type=\"1\"><li>DEBEN COMPRAR EN LA LIBRER\u00cdA DE SU\u00c1REZ 2076 EL FORMULARIO DE INSCRIPCI\u00d3N O DESCARGARLO DE LA P\u00c1GINA OFICIAL DE LA ESCUELA.<br><br><\/li><li>FICHA INDIVIDUAL DE MATR\u00cdCULA. COMPLETA Y FIRMADA<br><br><\/li><li>FOTOCOPIA DEL D.N.I. DEL ALUMNO<br><br><\/li><li>AUTORIZACI\u00d3N DE INGRESO TARD\u00cdO O RETIRO ANTICIPADO, COMPLETA Y FIRMADA.<br><br><\/li><li>SOLICITUD DE BECA (REFRIGERI0), COMPLETA Y FIRMADA. ACOMPA\u00d1ADA DE RECIBO DE SUELDO.<br><br><\/li><li>EL ALUMNO DEBE ACERCARSE A LA ESCUELA CON <u>EL ADULTO RESPONSABLE DESDE EL 07 HASTA EL 21 DE DICIEMBRE DE 8 A 11:30 HS<\/u> Y ENTREGAR AL PRECEPTOR DEL CURSO TODO COMPLETO Y FIRMADO.<br><br><\/li><li>EST\u00c1N EN CONDICIONES DE INSCRIBIRSE TODOS LOS ALUMNOS DE 1ER A\u00d1O Y LOS ALUMNOS DE 2DO A 5TO A\u00d1O QUE ADEUDEN HASTA 2 MATERIAS. EL RESTO PODR\u00c1 INSCRIBIRSE A PARTIR DEL 7 DE FEBRERO 2022 DE LA MISMA FORMA.<\/li><\/ol>\n\n\n\n<div class=\"wp-block-file aligncenter\"><a href=\"https:\/\/ens5-caba.infd.edu.ar\/sitio\/wp-content\/uploads\/2021\/11\/Formulario.pdf\" target=\"_blank\" rel=\"noreferrer noopener\">Formulario<\/a><a href=\"https:\/\/ens5-caba.infd.edu.ar\/sitio\/wp-content\/uploads\/2021\/11\/Formulario.pdf\" class=\"wp-block-file__button\" download>Descarga<\/a><\/div>\n\n\n\n<div class=\"wp-block-file aligncenter\"><a href=\"https:\/\/ens5-caba.infd.edu.ar\/sitio\/wp-content\/uploads\/2021\/11\/FICHA-INDIVIDUAL-DE-MATRICULA.pdf\" target=\"_blank\" rel=\"noreferrer noopener\">Ficha Individual de Matr\u00edcula<\/a><a href=\"https:\/\/ens5-caba.infd.edu.ar\/sitio\/wp-content\/uploads\/2021\/11\/FICHA-INDIVIDUAL-DE-MATRICULA.pdf\" class=\"wp-block-file__button\" download>Descarga<\/a><\/div>\n\n\n\n<p class=\"has-text-align-center\"><\/p>\n\n\n\n<div class=\"wp-block-file aligncenter\"><a href=\"https:\/\/ens5-caba.infd.edu.ar\/sitio\/wp-content\/uploads\/2021\/11\/Formulario-de-solicitud-de-beca-de-refrigerio-medio-y-adultos.pdf\" target=\"_blank\" rel=\"noreferrer noopener\">Formulario de solicitud de beca de refrigerio<\/a><a href=\"https:\/\/ens5-caba.infd.edu.ar\/sitio\/wp-content\/uploads\/2021\/11\/Formulario-de-solicitud-de-beca-de-refrigerio-medio-y-adultos.pdf\" class=\"wp-block-file__button\" download>Descarga<\/a><\/div>\n\n\n\n<p><\/p>\n","protected":false},"excerpt":{"rendered":"<p>Per\u00edodo ordinario Para aspirantes a 1.\u00b0 a\u00f1o de Nivel Secundario Preinscripci\u00f3n buenosaires.gob.ar\/inscripcionescolar del 3 al 23 de octubre de 2022 Control documental del 3 al 28 de octubre de 2022 Presentaci\u00f3n de la documentaci\u00f3n que respalda la informaci\u00f3n suministrada en el sistema. Tutorial Inscripci\u00f3n al ciclo lectivo 2023 Per\u00edodo complementario Para aspirantes a Nivel Secundario &#8230; <a title=\"Inscripci\u00f3n Ciclo Lectivo 2023\" class=\"read-more\" href=\"https:\/\/ens5-caba.infd.edu.ar\/sitio\/inscripcion_2022\/\" aria-label=\"More on Inscripci\u00f3n Ciclo Lectivo 2023\">[+]<\/a><\/p>\n","protected":false},"author":1201,"featured_media":0,"parent":0,"menu_order":0,"comment_status":"closed","ping_status":"closed","template":"","meta":[],"acf":[],"_links":{"self":[{"href":"https:\/\/ens5-caba.infd.edu.ar\/sitio\/wp-json\/wp\/v2\/pages\/3709"}],"collection":[{"href":"https:\/\/ens5-caba.infd.edu.ar\/sitio\/wp-json\/wp\/v2\/pages"}],"about":[{"href":"https:\/\/ens5-caba.infd.edu.ar\/sitio\/wp-json\/wp\/v2\/types\/page"}],"author":[{"embeddable":true,"href":"https:\/\/ens5-caba.infd.edu.ar\/sitio\/wp-json\/wp\/v2\/users\/1201"}],"replies":[{"embeddable":true,"href":"https:\/\/ens5-caba.infd.edu.ar\/sitio\/wp-json\/wp\/v2\/comments?post=3709"}],"version-history":[{"count":14,"href":"https:\/\/ens5-caba.infd.edu.ar\/sitio\/wp-json\/wp\/v2\/pages\/3709\/revisions"}],"predecessor-version":[{"id":4481,"href":"https:\/\/ens5-caba.infd.edu.ar\/sitio\/wp-json\/wp\/v2\/pages\/3709\/revisions\/4481"}],"wp:attachment":[{"href":"https:\/\/ens5-caba.infd.edu.ar\/sitio\/wp-json\/wp\/v2\/media?parent=3709"}],"curies":[{"name":"wp","href":"https:\/\/api.w.org\/{rel}","templated":true}]}}