{"id":318,"date":"2016-10-31T14:20:44","date_gmt":"2016-10-31T17:20:44","guid":{"rendered":"https:\/\/ens5-caba.infd.edu.ar\/sitio\/?page_id=318"},"modified":"2025-11-21T08:03:36","modified_gmt":"2025-11-21T11:03:36","slug":"contacto","status":"publish","type":"page","link":"https:\/\/ens5-caba.infd.edu.ar\/sitio\/contacto\/","title":{"rendered":"CONTACTO"},"content":{"rendered":"<h2>Comunicate con nosotros<\/h2>\n<p><strong>SECRETAR\u00cdA<\/strong><\/p>\n<p>ens5@bue.edu.ar<\/p>\n<p>Tel. (011) 4301-9690<\/p>\n<p><strong>NIVEL TERCIARIO (PROFESORADOS)<\/strong><\/p>\n<p>Vicerrectorado:ens5_vicerrectorado@bue.edu.ar<\/p>\n<p>Regencia: ens5_ntregencia@bue.edu.ar<\/p>\n<p>Bedel\u00eda TM y Bedel\u00eda TV: ens5_bedelia@bue.edu.ar<\/p>\n<p>Gesti\u00f3n de la Informaci\u00f3n: ens5de5_gestion@bue.edu.ar<\/p>\n<p>Tel. (011) 4301-6688<\/p>\n<p><strong>NIVEL MEDIO SECUNDARIO<\/strong><\/p>\n<p>Direcci\u00f3n: ens5.nmdireccion@bue.edu.ar<\/p>\n<p>Vicedirecci\u00f3n: ens5_vicedireccion@bue.edu.ar<\/p>\n<p>Tel. (011) 4302- 6688<\/p>\n<p><strong>NIVEL PRIMARIO<\/strong><\/p>\n<p>ens5_npregencia@bue.edu.ar<\/p>\n<p>Tel. (011) 4301-2651<\/p>\n<p><strong>NIVEL INICIAL (JARD\u00cdN)<\/strong><\/p>\n<p>normal5inicial@yahoo.com.ar<\/p>\n<p>Tel. (011) 4301-2660<\/p>\n","protected":false},"excerpt":{"rendered":"<p>Comunicate con nosotros SECRETAR\u00cdA ens5@bue.edu.ar Tel. (011) 4301-9690 NIVEL TERCIARIO (PROFESORADOS) Vicerrectorado:ens5_vicerrectorado@bue.edu.ar Regencia: ens5_ntregencia@bue.edu.ar Bedel\u00eda TM y Bedel\u00eda TV: ens5_bedelia@bue.edu.ar Gesti\u00f3n de la Informaci\u00f3n: ens5de5_gestion@bue.edu.ar Tel. (011) 4301-6688 NIVEL MEDIO SECUNDARIO Direcci\u00f3n: ens5.nmdireccion@bue.edu.ar Vicedirecci\u00f3n: ens5_vicedireccion@bue.edu.ar Tel. (011) 4302- 6688 NIVEL PRIMARIO ens5_npregencia@bue.edu.ar Tel. (011) 4301-2651 NIVEL INICIAL (JARD\u00cdN) normal5inicial@yahoo.com.ar Tel. (011) 4301-2660<\/p>\n","protected":false},"author":1,"featured_media":0,"parent":0,"menu_order":0,"comment_status":"closed","ping_status":"closed","template":"","meta":[],"acf":[],"_links":{"self":[{"href":"https:\/\/ens5-caba.infd.edu.ar\/sitio\/wp-json\/wp\/v2\/pages\/318"}],"collection":[{"href":"https:\/\/ens5-caba.infd.edu.ar\/sitio\/wp-json\/wp\/v2\/pages"}],"about":[{"href":"https:\/\/ens5-caba.infd.edu.ar\/sitio\/wp-json\/wp\/v2\/types\/page"}],"author":[{"embeddable":true,"href":"https:\/\/ens5-caba.infd.edu.ar\/sitio\/wp-json\/wp\/v2\/users\/1"}],"replies":[{"embeddable":true,"href":"https:\/\/ens5-caba.infd.edu.ar\/sitio\/wp-json\/wp\/v2\/comments?post=318"}],"version-history":[{"count":15,"href":"https:\/\/ens5-caba.infd.edu.ar\/sitio\/wp-json\/wp\/v2\/pages\/318\/revisions"}],"predecessor-version":[{"id":5854,"href":"https:\/\/ens5-caba.infd.edu.ar\/sitio\/wp-json\/wp\/v2\/pages\/318\/revisions\/5854"}],"wp:attachment":[{"href":"https:\/\/ens5-caba.infd.edu.ar\/sitio\/wp-json\/wp\/v2\/media?parent=318"}],"curies":[{"name":"wp","href":"https:\/\/api.w.org\/{rel}","templated":true}]}}