{"id":2337,"date":"2020-08-06T13:30:15","date_gmt":"2020-08-06T16:30:15","guid":{"rendered":"https:\/\/ens5-caba.infd.edu.ar\/sitio\/?page_id=2337"},"modified":"2026-05-12T18:52:23","modified_gmt":"2026-05-12T21:52:23","slug":"planilla-para-estudiantes-profesorados","status":"publish","type":"page","link":"https:\/\/ens5-caba.infd.edu.ar\/sitio\/planilla-para-estudiantes-profesorados\/","title":{"rendered":"PLANILLA PARA ESTUDIANTES &#8211; PROFESORADOS"},"content":{"rendered":"\n<h2 class=\"wp-block-heading\"><strong>PLANILLA PARA ALUMNOS &#8211; PROFESORADOS<\/strong><\/h2>\n\n\n\n<p><\/p>\n\n\n\n<p>Planilla Presencia de Hijo<\/p>\n\n\n\n<p><a href=\"https:\/\/ens5-caba.infd.edu.ar\/sitio\/wp-content\/uploads\/2025\/05\/Solicitud-de-inscripcion-profesorado-actualizada.docx\">Solicitud de inscripci\u00f3n profesorado<\/a><\/p>\n\n\n\n<p><a href=\"https:\/\/ens5-caba.infd.edu.ar\/sitio\/wp-content\/uploads\/2022\/05\/INSTRUCTIVO-EQUIVALENCIAS-ENS-5.pdf\" data-type=\"URL\" data-id=\"https:\/\/ens5-caba.infd.edu.ar\/sitio\/wp-content\/uploads\/2022\/05\/INSTRUCTIVO-EQUIVALENCIAS-ENS-5.pdf\" target=\"_blank\" rel=\"noreferrer noopener\">Instructivo para Equivalencias<\/a><\/p>\n\n\n\n<p><a style=\"pointer-events: none;\" href=\"https:\/\/ens5-caba.infd.edu.ar\/sitio\/wp-content\/uploads\/2022\/05\/Solicitud-EQUIVALENCIA-N\u00b0-1.pdf\" target=\"_blank\" rel=\"noopener\">Solicitud Equivalencia N\u00b0 1<\/a><\/p>\n\n\n\n<p><a href=\"https:\/\/ens5-caba.infd.edu.ar\/sitio\/wp-content\/uploads\/2022\/05\/Solicitud-EQUIVALENCIA-N\u00b0-2.pdf\" data-type=\"URL\" data-id=\"https:\/\/ens5-caba.infd.edu.ar\/sitio\/wp-content\/uploads\/2022\/05\/Solicitud-EQUIVALENCIA-N\u00b0-2.pdf\" target=\"_blank\" rel=\"noreferrer noopener\">Solicitud Equivalencia N\u00b0 2<\/a><\/p>\n\n\n\n<p><a href=\"https:\/\/ens5-caba.infd.edu.ar\/sitio\/wp-content\/uploads\/2022\/05\/Solicitud-EQUIVALENCIA-N\u00b0-3.pdf\" data-type=\"URL\" data-id=\"https:\/\/ens5-caba.infd.edu.ar\/sitio\/wp-content\/uploads\/2022\/05\/Solicitud-EQUIVALENCIA-N\u00b0-3.pdf\" target=\"_blank\" rel=\"noreferrer noopener\">Solicitud Equivalencia N\u00b0 3<\/a><\/p>\n\n\n\n<p><a href=\"https:\/\/ens5-caba.infd.edu.ar\/sitio\/wp-content\/uploads\/2024\/05\/Constancia_Alumno_Regular.doc\" data-type=\"attachment\" data-id=\"820\" target=\"_blank\" rel=\"noreferrer noopener\">Constancia de Alumno Regular<\/a><\/p>\n\n\n\n<p><a href=\"https:\/\/ens5-caba.infd.edu.ar\/sitio\/wp-content\/uploads\/2024\/05\/Constancia_Examen.doc\" data-type=\"attachment\" data-id=\"821\" target=\"_blank\" rel=\"noreferrer noopener\">Constancia de Examen<\/a><\/p>\n\n\n\n<p><strong>Ficha de Inscripci\u00f3n a los Talleres:<\/strong><\/p>\n\n\n\n<p><a href=\"https:\/\/drive.google.com\/file\/d\/1dUHHlX3J91rti2LF6ihObdPCEhkNfEAH\/view?usp=sharing\" target=\"_blank\" rel=\"noreferrer noopener\"><strong>Taller 3 de Pr\u00e1ctica de Nivel Primario<\/strong> <\/a><\/p>\n\n\n\n<p><strong><a href=\"https:\/\/drive.google.com\/file\/d\/1J4Ka6OFzy8FB6OJdcoMnawPtMMToOOQ6\/view?usp=sharing\" target=\"_blank\" rel=\"noreferrer noopener\">Taller 4 de Pr\u00e1ctica de Nivel Primario<\/a><\/strong><\/p>\n\n\n\n<p><strong><a href=\"https:\/\/drive.google.com\/file\/d\/1Anrqol5rXZ5AOsHb1PG8TzFtzgm0jr9q\/view?usp=sharing\" target=\"_blank\" rel=\"noreferrer noopener\">Taller 5 de Pr\u00e1ctica de Nivel Primario<\/a><\/strong><\/p>\n\n\n\n<p><strong><a href=\"https:\/\/drive.google.com\/file\/d\/1zwE018Gg4ebUfF0ippy8eOHjN1vTPbwq\/view?usp=sharing\" target=\"_blank\" rel=\"noreferrer noopener\">Taller 6 de Pr\u00e1ctica de Nivel Primario<\/a><\/strong><\/p>\n\n\n\n<p><a href=\"https:\/\/ens5-caba.infd.edu.ar\/sitio\/wp-content\/uploads\/2021\/11\/Planilla-Pre-Inscripcion-NI-2022.doc\" data-type=\"URL\" data-id=\"https:\/\/ens5-caba.infd.edu.ar\/sitio\/wp-content\/uploads\/2021\/11\/Planilla-Pre-Inscripcion-NI-2022.doc\">Ficha de Pre Inscripci\u00f3n a Talleres de Pr\u00e1ctica de Nivel Inicial (doc)<\/a><\/p>\n\n\n\n<p><a href=\"https:\/\/ens5-caba.infd.edu.ar\/sitio\/wp-content\/uploads\/2021\/11\/Planilla-Pre-Inscripcion-NI-2022.pdf\" data-type=\"URL\" data-id=\"https:\/\/ens5-caba.infd.edu.ar\/sitio\/wp-content\/uploads\/2021\/11\/Planilla-Pre-Inscripcion-NI-2022.pdf\" target=\"_blank\" rel=\"noreferrer noopener\">Ficha de Pre Inscripci\u00f3n a Talleres de Pr\u00e1ctica de Nivel Inicial (pdf)<\/a><\/p>\n\n\n\n<p><a href=\"https:\/\/ens5-caba.infd.edu.ar\/sitio\/wp-content\/uploads\/2021\/11\/Formulario-de-solicitud-de-beca-de-refrigerio-medio-y-adultos.pdf\" data-type=\"URL\" data-id=\"https:\/\/ens5-caba.infd.edu.ar\/sitio\/wp-content\/uploads\/2021\/11\/Formulario-de-solicitud-de-beca-de-refrigerio-medio-y-adultos.pdf\" target=\"_blank\" rel=\"noreferrer noopener\">Solicitud de Beca Colaci\u00f3n\/Refrigerio<\/a><\/p>\n\n\n\n<p><a href=\"https:\/\/ens5-caba.infd.edu.ar\/sitio\/wp-content\/uploads\/sitio\/Porcentaje_instancias_curriculares_aprobadas.doc\" data-type=\"URL\" data-id=\"https:\/\/ens5-caba.infd.edu.ar\/sitio\/wp-content\/uploads\/sitio\/Porcentaje_instancias_curriculares_aprobadas.doc\" target=\"_blank\" rel=\"noreferrer noopener\">Planilla Porcentaje Instancias Curriculares Aprobadas<\/a><\/p>\n\n\n\n<p><a href=\"https:\/\/ens5-caba.infd.edu.ar\/sitio\/wp-content\/uploads\/2022\/03\/ALUMNO-VOLANTE-Confirmacion-Vacante.pdf\" data-type=\"URL\" data-id=\"https:\/\/ens5-caba.infd.edu.ar\/sitio\/wp-content\/uploads\/2022\/03\/ALUMNO-VOLANTE-Confirmacion-Vacante.pdf\" target=\"_blank\" rel=\"noreferrer noopener\">Confirmaci\u00f3n de Vacante Alumno Volante<\/a><\/p>\n\n\n\n<p><a href=\"https:\/\/ens5-caba.infd.edu.ar\/sitio\/wp-content\/uploads\/2024\/05\/Autorizacion-Volantes-2024.docx\" data-type=\"URL\" data-id=\"https:\/\/ens5-caba.infd.edu.ar\/sitio\/wp-content\/uploads\/2024\/05\/Autorizacion-Volantes-2024.docx\" target=\"_blank\" rel=\"noreferrer noopener\">Autorizaci\u00f3n para Cursar como Alumno Volante en otra Instituci\u00f3n<\/a><\/p>\n\n\n\n<hr class=\"wp-block-separator has-alpha-channel-opacity\"\/>\n\n\n\n<p><a href=\"https:\/\/ens5-caba.infd.edu.ar\/sitio\/wp-content\/uploads\/2019\/08\/Planilla_insc_PEP_AGOSTO_2019.doc\" data-type=\"URL\" data-id=\"https:\/\/ens5-caba.infd.edu.ar\/sitio\/wp-content\/uploads\/2019\/08\/Planilla_insc_PEP_AGOSTO_2019.doc\" target=\"_blank\" rel=\"noreferrer noopener\">Planilla inscripci\u00f3n a instancias curriculares&nbsp;para el PEP<\/a><\/p>\n\n\n\n<p id=\"yui_3_16_0_ym19_1_1552300640388_48840\">Es la misma para todas las cohortes pues se han unificado las correlatividades.<\/p>\n\n\n\n<p id=\"yui_3_16_0_ym19_1_1552300640388_48841\">Debe imprimirse a doble faz en hoja Oficio y completar todos los datos requeridos pues son necesarios para futuros trabajos de la Bedel\u00eda.<\/p>\n\n\n\n<hr class=\"wp-block-separator has-alpha-channel-opacity\"\/>\n\n\n\n<p><a href=\"https:\/\/ens5-caba.infd.edu.ar\/sitio\/wp-content\/uploads\/2023\/03\/Planilla-Inscrip-PEI-Hasta-cohorte-2012-NUEVA.pdf\" data-type=\"URL\" data-id=\"https:\/\/ens5-caba.infd.edu.ar\/sitio\/wp-content\/uploads\/2023\/03\/Planilla-Inscrip-PEI-Hasta-cohorte-2012-NUEVA.pdf\">Planilla inscripci\u00f3n a instancias curriculares&nbsp;para el PEI hasta el 2012<\/a><\/p>\n\n\n\n<p><a href=\"https:\/\/ens5-caba.infd.edu.ar\/sitio\/wp-content\/uploads\/2023\/03\/Planilla-Inscrip-PEI-Cohorte-2013-a-2015-NUEVA.pdf\" data-type=\"URL\" data-id=\"https:\/\/ens5-caba.infd.edu.ar\/sitio\/wp-content\/uploads\/2023\/03\/Planilla-Inscrip-PEI-Cohorte-2013-a-2015-NUEVA.pdf\">Planilla inscripci\u00f3n a instancias curriculares&nbsp;para el PEI desde 2013 hasta el 2015<\/a><\/p>\n\n\n\n<p><a href=\"https:\/\/ens5-caba.infd.edu.ar\/sitio\/wp-content\/uploads\/2023\/03\/Planilla-Inscrip-PEI-Cohorte-desde-2016-NUEVA.pdf\" data-type=\"URL\" data-id=\"https:\/\/ens5-caba.infd.edu.ar\/sitio\/wp-content\/uploads\/2023\/03\/Planilla-Inscrip-PEI-Cohorte-desde-2016-NUEVA.pdf\">Planilla Inscripci\u00f3n&nbsp; PEI &#8211; Cohorte desde 2016<\/a><\/p>\n\n\n\n<p id=\"yui_3_16_0_ym19_1_1552300640388_48840\">Deber\u00e1n presentar la correspondiente a la cohorte indicada (a\u00f1o de ingreso al profesorado).<\/p>\n\n\n\n<p id=\"yui_3_16_0_ym19_1_1552300640388_48841\">Debe imprimirse a doble faz en hoja Oficio y completar todos los datos requeridos pues son necesarios para futuros trabajos de la Bedel\u00eda.<\/p>\n\n\n\n<hr class=\"wp-block-separator has-alpha-channel-opacity\"\/>\n\n\n\n<div class=\"wp-block-file\"><\/div>\n\n\n\n<div class=\"wp-block-file\"><\/div>\n\n\n\n<div class=\"wp-block-file\"><\/div>\n\n\n\n<div class=\"wp-block-file\"><\/div>\n\n\n\n<div class=\"wp-block-file\"><\/div>\n\n\n\n<div class=\"wp-block-file\"><\/div>\n\n\n\n<div class=\"wp-block-file\"><\/div>\n\n\n\n<div class=\"wp-block-file\"><\/div>\n","protected":false},"excerpt":{"rendered":"<p>PLANILLA PARA ALUMNOS &#8211; PROFESORADOS Planilla Presencia de Hijo Solicitud de inscripci\u00f3n profesorado Instructivo para Equivalencias Solicitud Equivalencia N\u00b0 1 Solicitud Equivalencia N\u00b0 2 Solicitud Equivalencia N\u00b0 3 Constancia de Alumno Regular Constancia de Examen Ficha de Inscripci\u00f3n a los Talleres: Taller 3 de Pr\u00e1ctica de Nivel Primario Taller 4 de Pr\u00e1ctica de Nivel Primario &#8230; <a title=\"PLANILLA PARA ESTUDIANTES &#8211; PROFESORADOS\" class=\"read-more\" href=\"https:\/\/ens5-caba.infd.edu.ar\/sitio\/planilla-para-estudiantes-profesorados\/\" aria-label=\"More on PLANILLA PARA ESTUDIANTES &#8211; PROFESORADOS\">[+]<\/a><\/p>\n","protected":false},"author":1201,"featured_media":0,"parent":0,"menu_order":0,"comment_status":"closed","ping_status":"closed","template":"","meta":[],"acf":[],"_links":{"self":[{"href":"https:\/\/ens5-caba.infd.edu.ar\/sitio\/wp-json\/wp\/v2\/pages\/2337"}],"collection":[{"href":"https:\/\/ens5-caba.infd.edu.ar\/sitio\/wp-json\/wp\/v2\/pages"}],"about":[{"href":"https:\/\/ens5-caba.infd.edu.ar\/sitio\/wp-json\/wp\/v2\/types\/page"}],"author":[{"embeddable":true,"href":"https:\/\/ens5-caba.infd.edu.ar\/sitio\/wp-json\/wp\/v2\/users\/1201"}],"replies":[{"embeddable":true,"href":"https:\/\/ens5-caba.infd.edu.ar\/sitio\/wp-json\/wp\/v2\/comments?post=2337"}],"version-history":[{"count":52,"href":"https:\/\/ens5-caba.infd.edu.ar\/sitio\/wp-json\/wp\/v2\/pages\/2337\/revisions"}],"predecessor-version":[{"id":5932,"href":"https:\/\/ens5-caba.infd.edu.ar\/sitio\/wp-json\/wp\/v2\/pages\/2337\/revisions\/5932"}],"wp:attachment":[{"href":"https:\/\/ens5-caba.infd.edu.ar\/sitio\/wp-json\/wp\/v2\/media?parent=2337"}],"curies":[{"name":"wp","href":"https:\/\/api.w.org\/{rel}","templated":true}]}}