{"id":2285,"date":"2020-07-01T17:29:27","date_gmt":"2020-07-01T20:29:27","guid":{"rendered":"https:\/\/ens5-caba.infd.edu.ar\/sitio\/?page_id=2285"},"modified":"2021-02-17T12:59:20","modified_gmt":"2021-02-17T15:59:20","slug":"inscripcion-a-examenes-nivel-medio","status":"publish","type":"page","link":"https:\/\/ens5-caba.infd.edu.ar\/sitio\/inscripcion-a-examenes-nivel-medio\/","title":{"rendered":"INSCRIPCI\u00d3N A EX\u00c1MENES NIVEL MEDIO"},"content":{"rendered":"<p style=\"text-align: center;\"><img decoding=\"async\" loading=\"lazy\" class=\"alignnone size-medium wp-image-2807\" src=\"https:\/\/ens5-caba.infd.edu.ar\/sitio\/wp-content\/uploads\/2021\/02\/Sec-2020-03-Inscripci\u00f3n-Mesas-Ex\u00e1menes-708x1000.jpg\" alt=\"\" width=\"708\" height=\"1000\" srcset=\"https:\/\/ens5-caba.infd.edu.ar\/sitio\/wp-content\/uploads\/2021\/02\/Sec-2020-03-Inscripci\u00f3n-Mesas-Ex\u00e1menes-708x1000.jpg 708w, https:\/\/ens5-caba.infd.edu.ar\/sitio\/wp-content\/uploads\/2021\/02\/Sec-2020-03-Inscripci\u00f3n-Mesas-Ex\u00e1menes-768x1085.jpg 768w, https:\/\/ens5-caba.infd.edu.ar\/sitio\/wp-content\/uploads\/2021\/02\/Sec-2020-03-Inscripci\u00f3n-Mesas-Ex\u00e1menes.jpg 1241w\" sizes=\"(max-width: 708px) 100vw, 708px\" \/><\/p>\n<h4 style=\"text-align: center;\">Deb\u00e9s completar este formulario, la misma cantidad de veces que la cantidad de materias que vas a rendir. Un formulario por materia, hasta 4 (cuatro). Una materia, un formulario. Dos materias, dos formularios. Tres materias, tres formularios. Cuatro materias, cuatro formularios.<\/h4>\n<h4 style=\"text-align: center;\">Recibir\u00e1s un mail de confirmaci\u00f3n por cada solicitud de inscripci\u00f3n (hasta 4), que deber\u00e1s guardarlos como constancias para posibles reclamos.<\/h4>\n<p>&nbsp;<\/p>\n<h2 style=\"text-align: center;\"><span style=\"color: #ff00ff;\"><strong>&#8212;&gt;&gt;&gt; <a href=\"https:\/\/docs.google.com\/forms\/d\/e\/1FAIpQLSedBsoOrSXHBGsfpiuPXAGpZR70D7vbX5LTNbIGdrhOkkxu3A\/viewform?usp=sf_link\" target=\"_blank\" rel=\"noopener\">FORMULARIO DE INSCRIPCI\u00d3N<\/a> &lt;&lt;&lt;&#8212;<\/strong><\/span><\/h2>\n<h2 style=\"text-align: center;\"><span style=\"color: #ffcc00;\">\u00a0<\/span><\/h2>\n<h3 style=\"text-align: center;\"><strong>\u00a0<span style=\"color: #ff00ff;\">&gt;&gt;&gt; Mesas de Ex\u00e1menes Marzo 2021 &lt;&lt;&lt;<\/span><\/strong><\/h3>\n<p style=\"text-align: center;\"><strong>Consultas<\/strong><strong>:<\/strong><\/p>\n<p style=\"text-align: center;\"><strong>ens5.nmdptodealumnos@bue.edu.ar<\/strong><\/p>\n<h5 style=\"text-align: center;\"><\/h5>\n","protected":false},"excerpt":{"rendered":"<p>Deb\u00e9s completar este formulario, la misma cantidad de veces que la cantidad de materias que vas a rendir. Un formulario por materia, hasta 4 (cuatro). Una materia, un formulario. Dos materias, dos formularios. Tres materias, tres formularios. Cuatro materias, cuatro formularios. Recibir\u00e1s un mail de confirmaci\u00f3n por cada solicitud de inscripci\u00f3n (hasta 4), que deber\u00e1s &#8230; <a title=\"INSCRIPCI\u00d3N A EX\u00c1MENES NIVEL MEDIO\" class=\"read-more\" href=\"https:\/\/ens5-caba.infd.edu.ar\/sitio\/inscripcion-a-examenes-nivel-medio\/\" aria-label=\"More on INSCRIPCI\u00d3N A EX\u00c1MENES NIVEL MEDIO\">[+]<\/a><\/p>\n","protected":false},"author":1201,"featured_media":0,"parent":0,"menu_order":0,"comment_status":"closed","ping_status":"closed","template":"","meta":[],"acf":[],"_links":{"self":[{"href":"https:\/\/ens5-caba.infd.edu.ar\/sitio\/wp-json\/wp\/v2\/pages\/2285"}],"collection":[{"href":"https:\/\/ens5-caba.infd.edu.ar\/sitio\/wp-json\/wp\/v2\/pages"}],"about":[{"href":"https:\/\/ens5-caba.infd.edu.ar\/sitio\/wp-json\/wp\/v2\/types\/page"}],"author":[{"embeddable":true,"href":"https:\/\/ens5-caba.infd.edu.ar\/sitio\/wp-json\/wp\/v2\/users\/1201"}],"replies":[{"embeddable":true,"href":"https:\/\/ens5-caba.infd.edu.ar\/sitio\/wp-json\/wp\/v2\/comments?post=2285"}],"version-history":[{"count":24,"href":"https:\/\/ens5-caba.infd.edu.ar\/sitio\/wp-json\/wp\/v2\/pages\/2285\/revisions"}],"predecessor-version":[{"id":2809,"href":"https:\/\/ens5-caba.infd.edu.ar\/sitio\/wp-json\/wp\/v2\/pages\/2285\/revisions\/2809"}],"wp:attachment":[{"href":"https:\/\/ens5-caba.infd.edu.ar\/sitio\/wp-json\/wp\/v2\/media?parent=2285"}],"curies":[{"name":"wp","href":"https:\/\/api.w.org\/{rel}","templated":true}]}}