{"id":2218,"date":"2020-06-09T13:55:08","date_gmt":"2020-06-09T16:55:08","guid":{"rendered":"https:\/\/ens5-caba.infd.edu.ar\/sitio\/?page_id=2218"},"modified":"2020-06-23T12:42:31","modified_gmt":"2020-06-23T15:42:31","slug":"puedo-ajustar-un-guion-parte-12","status":"publish","type":"page","link":"https:\/\/ens5-caba.infd.edu.ar\/sitio\/puedo-ajustar-un-guion-parte-12\/","title":{"rendered":"Puedo Ajustar un Gui\u00f3n \u2013 Parte 12"},"content":{"rendered":"<p>PUEDO AJUSTAR UN GUION.<br \/>\nEdici\u00f3n Cuarentena<\/p>\n<p>Seguimos mostrando producciones de les pibes en el Aislamiento Social Preventivo y Obligatorio.<\/p>\n<p>Tercer podcast de 3ro comunicaci\u00f3n. Informe latinoamericano sobre el COVID 19.<\/p>\n<p><iframe loading=\"lazy\" width=\"1200\" height=\"675\" src=\"https:\/\/www.youtube.com\/embed\/7DL_4rgBcTk?feature=oembed\" frameborder=\"0\" allow=\"accelerometer; autoplay; encrypted-media; gyroscope; picture-in-picture\" allowfullscreen><\/iframe><\/p>\n<hr \/>\n<p>PUEDO AJUSTAR UN GUION. Especiales cuarentena<\/p>\n<p>Nuevo podcast! 3ro Comunicaci\u00f3n sigue produciendo . Esta vez abordando el tema ecol\u00f3gico y el impacto de la cuarentena mundial .<\/p>\n<p><iframe loading=\"lazy\" width=\"1200\" height=\"675\" src=\"https:\/\/www.youtube.com\/embed\/-pD8GZtZ19o?feature=oembed\" frameborder=\"0\" allow=\"accelerometer; autoplay; encrypted-media; gyroscope; picture-in-picture\" allowfullscreen><\/iframe><\/p>\n<p>Adem\u00e1s si no pudieron escuchar el programa Normalmente Anormal les dejamos un link para poder escucharlo . A pedido del p\u00fablico celebraremos el d\u00eda de nuestra independencia de la misma manera, haciendo radio, haciendo escuela.<\/p>\n<p><iframe loading=\"lazy\" width=\"1200\" height=\"675\" src=\"https:\/\/www.youtube.com\/embed\/RYTqBql7lqk?feature=oembed\" frameborder=\"0\" allow=\"accelerometer; autoplay; encrypted-media; gyroscope; picture-in-picture\" allowfullscreen><\/iframe><\/p>\n<hr \/>\n<p>&nbsp;<\/p>\n","protected":false},"excerpt":{"rendered":"<p>PUEDO AJUSTAR UN GUION. Edici\u00f3n Cuarentena Seguimos mostrando producciones de les pibes en el Aislamiento Social Preventivo y Obligatorio. Tercer podcast de 3ro comunicaci\u00f3n. Informe latinoamericano sobre el COVID 19. PUEDO AJUSTAR UN GUION. Especiales cuarentena Nuevo podcast! 3ro Comunicaci\u00f3n sigue produciendo . Esta vez abordando el tema ecol\u00f3gico y el impacto de la cuarentena &#8230; <a title=\"Puedo Ajustar un Gui\u00f3n \u2013 Parte 12\" class=\"read-more\" href=\"https:\/\/ens5-caba.infd.edu.ar\/sitio\/puedo-ajustar-un-guion-parte-12\/\" aria-label=\"More on Puedo Ajustar un Gui\u00f3n \u2013 Parte 12\">[+]<\/a><\/p>\n","protected":false},"author":1201,"featured_media":0,"parent":0,"menu_order":0,"comment_status":"closed","ping_status":"closed","template":"","meta":[],"acf":[],"_links":{"self":[{"href":"https:\/\/ens5-caba.infd.edu.ar\/sitio\/wp-json\/wp\/v2\/pages\/2218"}],"collection":[{"href":"https:\/\/ens5-caba.infd.edu.ar\/sitio\/wp-json\/wp\/v2\/pages"}],"about":[{"href":"https:\/\/ens5-caba.infd.edu.ar\/sitio\/wp-json\/wp\/v2\/types\/page"}],"author":[{"embeddable":true,"href":"https:\/\/ens5-caba.infd.edu.ar\/sitio\/wp-json\/wp\/v2\/users\/1201"}],"replies":[{"embeddable":true,"href":"https:\/\/ens5-caba.infd.edu.ar\/sitio\/wp-json\/wp\/v2\/comments?post=2218"}],"version-history":[{"count":3,"href":"https:\/\/ens5-caba.infd.edu.ar\/sitio\/wp-json\/wp\/v2\/pages\/2218\/revisions"}],"predecessor-version":[{"id":2260,"href":"https:\/\/ens5-caba.infd.edu.ar\/sitio\/wp-json\/wp\/v2\/pages\/2218\/revisions\/2260"}],"wp:attachment":[{"href":"https:\/\/ens5-caba.infd.edu.ar\/sitio\/wp-json\/wp\/v2\/media?parent=2218"}],"curies":[{"name":"wp","href":"https:\/\/api.w.org\/{rel}","templated":true}]}}