{"id":2204,"date":"2020-06-08T10:07:40","date_gmt":"2020-06-08T13:07:40","guid":{"rendered":"https:\/\/ens5-caba.infd.edu.ar\/sitio\/?page_id=2204"},"modified":"2020-06-09T13:56:10","modified_gmt":"2020-06-09T16:56:10","slug":"puedo-ajustar-un-guion-parte-11","status":"publish","type":"page","link":"https:\/\/ens5-caba.infd.edu.ar\/sitio\/puedo-ajustar-un-guion-parte-11\/","title":{"rendered":"Puedo Ajustar un Gui\u00f3n \u2013 Parte 11"},"content":{"rendered":"<p>PUEDO AJUSTAR UN GUION.<br \/>\nEdici\u00f3n Cuarentena<\/p>\n<p>\u201cComunicadores sin barbijo\u201d<br \/>\nEntrega especial por el d\u00eda del periodista<\/p>\n<p>Hagamos como que podemos pedirle que nos haga un video para les pibes, como que nos tire unos tips para que entender de que viene la cosa, esas particularidades del oficio que les sirven a quien quiere transformarse en un comunicador del pueblos&#8230;<br \/>\nDir\u00eda algo as\u00ed.<\/p>\n<p>\u201cNo puedo, ni quiero, ni debo renunciar a un sentimiento b\u00e1sico: la indignaci\u00f3n ante el atropello, la cobard\u00eda y el asesinato\u201d.<br \/>\n(Pr\u00f3logo para la primera edici\u00f3n de Operaci\u00f3n Masacre, julio de 1957)<\/p>\n<p>\u201cCreo, con toda ingenuidad y firmeza, en el derecho de cualquier ciudadano a divulgar la verdad que conoce, por peligrosa que sea\u201d.<br \/>\n(Introducci\u00f3n de la primera edici\u00f3n de Operaci\u00f3n Masacre, marzo 1957)<\/p>\n<p>\u201cTanto entonces como ahora creo que el periodismo es libre, o es una farsa, sin t\u00e9rminos medios\u201d.<br \/>\n(Provisorio ep\u00edlogo de la primera edici\u00f3n de Operaci\u00f3n Masacre, julio 1957)<\/p>\n<p>\u201cReproduzca esta informaci\u00f3n, h\u00e1gala circular por los medios a su alcance: a mano, a m\u00e1quina, a mime\u00f3grafo. Mande copias a sus amigos: nueve de cada diez las estar\u00e1n esperando. Millones quieren ser informados. El terror se basa en la incomunicaci\u00f3n. Vuelva a sentir la satisfacci\u00f3n moral de un acto de libertad. Derrote al terror. Haga circular est\u00e1 informaci\u00f3n\u201d<\/p>\n<p>\u201cSin esperanza de ser escuchado, con la certeza de ser perseguido, pero fiel al compromiso que asum\u00ed hace mucho tiempo de dar testimonio en momentos dif\u00edciles\u201d.<br \/>\n(Carta abierta de un escritor a la junta militar, 24 de marzo de 1977)<\/p>\n<p>Rodolfo Walsh, periodista y escritor . Asesinado y desaparecido en la \u00faltima dictadura c\u00edvico militar.<\/p>\n<p>Feliz d\u00eda del periodista a los que aman y dignifican esta hermosa tarea .<\/p>\n<hr \/>\n<p>PUEDO AJUSTAR UN GUION.<br \/>\nEdici\u00f3n Cuarentena<\/p>\n<p>Seguimos mostrando producciones de les pibes en el Aislamiento Social Preventivo y Obligatorio.<\/p>\n<p>Segundo podcast de 3ro comunicaci\u00f3n. Esta vez sobre las<br \/>\nlecciones que nos han dejado pandemias de la historia de la humanidad.<\/p>\n<p><iframe loading=\"lazy\" width=\"1200\" height=\"675\" src=\"https:\/\/www.youtube.com\/embed\/RJuAR16SC_U?feature=oembed\" frameborder=\"0\" allow=\"accelerometer; autoplay; encrypted-media; gyroscope; picture-in-picture\" allowfullscreen><\/iframe><\/p>\n<hr \/>\n<h5 style=\"text-align: center;\"><a href=\"https:\/\/ens5-caba.infd.edu.ar\/sitio\/puedo-ajustar-un-guion-parte-12\/\">Siguiente<\/a><\/h5>\n","protected":false},"excerpt":{"rendered":"<p>PUEDO AJUSTAR UN GUION. Edici\u00f3n Cuarentena \u201cComunicadores sin barbijo\u201d Entrega especial por el d\u00eda del periodista Hagamos como que podemos pedirle que nos haga un video para les pibes, como que nos tire unos tips para que entender de que viene la cosa, esas particularidades del oficio que les sirven a quien quiere transformarse en &#8230; <a title=\"Puedo Ajustar un Gui\u00f3n \u2013 Parte 11\" class=\"read-more\" href=\"https:\/\/ens5-caba.infd.edu.ar\/sitio\/puedo-ajustar-un-guion-parte-11\/\" aria-label=\"More on Puedo Ajustar un Gui\u00f3n \u2013 Parte 11\">[+]<\/a><\/p>\n","protected":false},"author":1201,"featured_media":0,"parent":0,"menu_order":0,"comment_status":"closed","ping_status":"closed","template":"","meta":[],"acf":[],"_links":{"self":[{"href":"https:\/\/ens5-caba.infd.edu.ar\/sitio\/wp-json\/wp\/v2\/pages\/2204"}],"collection":[{"href":"https:\/\/ens5-caba.infd.edu.ar\/sitio\/wp-json\/wp\/v2\/pages"}],"about":[{"href":"https:\/\/ens5-caba.infd.edu.ar\/sitio\/wp-json\/wp\/v2\/types\/page"}],"author":[{"embeddable":true,"href":"https:\/\/ens5-caba.infd.edu.ar\/sitio\/wp-json\/wp\/v2\/users\/1201"}],"replies":[{"embeddable":true,"href":"https:\/\/ens5-caba.infd.edu.ar\/sitio\/wp-json\/wp\/v2\/comments?post=2204"}],"version-history":[{"count":4,"href":"https:\/\/ens5-caba.infd.edu.ar\/sitio\/wp-json\/wp\/v2\/pages\/2204\/revisions"}],"predecessor-version":[{"id":2222,"href":"https:\/\/ens5-caba.infd.edu.ar\/sitio\/wp-json\/wp\/v2\/pages\/2204\/revisions\/2222"}],"wp:attachment":[{"href":"https:\/\/ens5-caba.infd.edu.ar\/sitio\/wp-json\/wp\/v2\/media?parent=2204"}],"curies":[{"name":"wp","href":"https:\/\/api.w.org\/{rel}","templated":true}]}}