{"id":2187,"date":"2020-05-28T11:08:06","date_gmt":"2020-05-28T14:08:06","guid":{"rendered":"https:\/\/ens5-caba.infd.edu.ar\/sitio\/?page_id=2187"},"modified":"2020-05-28T11:08:06","modified_gmt":"2020-05-28T14:08:06","slug":"puedo-ajustar-un-guion-parte-08","status":"publish","type":"page","link":"https:\/\/ens5-caba.infd.edu.ar\/sitio\/puedo-ajustar-un-guion-parte-08\/","title":{"rendered":"Puedo Ajustar un Gui\u00f3n \u2013 Parte 08"},"content":{"rendered":"<p>PUEDO AJUSTAR UN GUION.<br \/>\nEdici\u00f3n Cuarentena<\/p>\n<p>En esta oportunidad le compartimos un podcast armado por 4to a\u00f1o comunicaci\u00f3n. Para sentarse a escuchar lo que sienten les pibes en este contexto.<\/p>\n<p>\u201cLos j\u00f3venes en la pandemia\u201d<\/p>\n<p><iframe loading=\"lazy\" width=\"1200\" height=\"675\" src=\"https:\/\/www.youtube.com\/embed\/Kw-cmbL-tvw?feature=oembed\" frameborder=\"0\" allow=\"accelerometer; autoplay; encrypted-media; gyroscope; picture-in-picture\" allowfullscreen><\/iframe><\/p>\n<hr \/>\n<p>PUEDO AJUSTAR UN GUION.<br \/>\nEdici\u00f3n Cuarentena<\/p>\n<p>Despu\u00e9s del cielo del 25 les queremos compartir el cuarto corto de 5to comunicaci\u00f3n donde les ofrecemos pedacitos de cielo en el ASPO.<\/p>\n<p>Con uds &#8230; \u201cUn pedacito de cielo\u201d<\/p>\n<p><iframe loading=\"lazy\" width=\"1200\" height=\"675\" src=\"https:\/\/www.youtube.com\/embed\/u4bwpaeCZ-c?feature=oembed\" frameborder=\"0\" allow=\"accelerometer; autoplay; encrypted-media; gyroscope; picture-in-picture\" allowfullscreen><\/iframe><\/p>\n<hr \/>\n<h5 style=\"text-align: center;\"><a href=\"https:\/\/ens5-caba.infd.edu.ar\/sitio\/puedo-ajustar-un-guion-parte-09\/\">Siguiente<\/a><\/h5>\n","protected":false},"excerpt":{"rendered":"<p>PUEDO AJUSTAR UN GUION. Edici\u00f3n Cuarentena En esta oportunidad le compartimos un podcast armado por 4to a\u00f1o comunicaci\u00f3n. Para sentarse a escuchar lo que sienten les pibes en este contexto. \u201cLos j\u00f3venes en la pandemia\u201d PUEDO AJUSTAR UN GUION. Edici\u00f3n Cuarentena Despu\u00e9s del cielo del 25 les queremos compartir el cuarto corto de 5to comunicaci\u00f3n &#8230; <a title=\"Puedo Ajustar un Gui\u00f3n \u2013 Parte 08\" class=\"read-more\" href=\"https:\/\/ens5-caba.infd.edu.ar\/sitio\/puedo-ajustar-un-guion-parte-08\/\" aria-label=\"More on Puedo Ajustar un Gui\u00f3n \u2013 Parte 08\">[+]<\/a><\/p>\n","protected":false},"author":1201,"featured_media":0,"parent":0,"menu_order":0,"comment_status":"closed","ping_status":"closed","template":"","meta":[],"acf":[],"_links":{"self":[{"href":"https:\/\/ens5-caba.infd.edu.ar\/sitio\/wp-json\/wp\/v2\/pages\/2187"}],"collection":[{"href":"https:\/\/ens5-caba.infd.edu.ar\/sitio\/wp-json\/wp\/v2\/pages"}],"about":[{"href":"https:\/\/ens5-caba.infd.edu.ar\/sitio\/wp-json\/wp\/v2\/types\/page"}],"author":[{"embeddable":true,"href":"https:\/\/ens5-caba.infd.edu.ar\/sitio\/wp-json\/wp\/v2\/users\/1201"}],"replies":[{"embeddable":true,"href":"https:\/\/ens5-caba.infd.edu.ar\/sitio\/wp-json\/wp\/v2\/comments?post=2187"}],"version-history":[{"count":1,"href":"https:\/\/ens5-caba.infd.edu.ar\/sitio\/wp-json\/wp\/v2\/pages\/2187\/revisions"}],"predecessor-version":[{"id":2189,"href":"https:\/\/ens5-caba.infd.edu.ar\/sitio\/wp-json\/wp\/v2\/pages\/2187\/revisions\/2189"}],"wp:attachment":[{"href":"https:\/\/ens5-caba.infd.edu.ar\/sitio\/wp-json\/wp\/v2\/media?parent=2187"}],"curies":[{"name":"wp","href":"https:\/\/api.w.org\/{rel}","templated":true}]}}