{"id":2180,"date":"2020-05-25T13:35:00","date_gmt":"2020-05-25T16:35:00","guid":{"rendered":"https:\/\/ens5-caba.infd.edu.ar\/sitio\/?page_id=2180"},"modified":"2020-05-25T13:35:00","modified_gmt":"2020-05-25T16:35:00","slug":"celebramos-el-25-de-mayo","status":"publish","type":"page","link":"https:\/\/ens5-caba.infd.edu.ar\/sitio\/celebramos-el-25-de-mayo\/","title":{"rendered":"CELEBRAMOS EL 25 DE MAYO"},"content":{"rendered":"<h2>CELEBRAMOS EL 25 DE MAYO<\/h2>\n<p>Aporte de la Prof. Graciela Estevez Scansani (Nivel Medio)<\/p>\n<p>Se cumplen 210 a\u00f1os de la Revoluci\u00f3n de Mayo en el contexto del aislamiento preventivo y obligatorio por el covid-19. Es una gran oportunidad para reflexionar sobre la libertad, que no es s\u00f3lo transitar o decir lo que unx piensa, sino contar con las mismas oportunidades para decidir por uno mismo.<\/p>\n<p>Para hacerlo, les proponemos una brev\u00edsima filmograf\u00eda sobre el tema y algunas preguntas que nos ayuden a pensar y conversar en familia:<\/p>\n<p>\u00bfDe qu\u00e9 se trata cada film exactamente? \u00bfQui\u00e9nes son sus protagonistas centrales? \u00bfQu\u00e9 aspectos de la Revoluci\u00f3n de Mayo aborda cada uno?<\/p>\n<p>Entre la filmaci\u00f3n de La Revoluci\u00f3n de Mayo y Cabeza de Tigre pasaron m\u00e1s de noventa a\u00f1os \u00bfse nota, no? Elijan alguna escena que les haya impactado y comenten porqu\u00e9. Finalmente, \u00bfQu\u00e9 idea de Libertad plantea cada pel\u00edcula? \u00bfQu\u00e9 es para vos ser libre?<\/p>\n<p>Un poco de informaci\u00f3n<\/p>\n<p>La Revoluci\u00f3n de Mayo es considerada por muchos como la primera pel\u00edcula de ficci\u00f3n argentina \u00a1dura menos de cinco minutos! Dirigida por Mario Gallo, inmigrante italiano que hab\u00eda llegado poco antes a Buenos Aires, se estren\u00f3 el 22 de mayo de 1909, s\u00f3lo tres semanas despu\u00e9s de que se inicien las clases por primera vez en nuestra Escuela!<\/p>\n<p><iframe loading=\"lazy\" width=\"1200\" height=\"900\" src=\"https:\/\/www.youtube.com\/embed\/ygKz-LLmDlw?feature=oembed\" frameborder=\"0\" allow=\"accelerometer; autoplay; encrypted-media; gyroscope; picture-in-picture\" allowfullscreen><\/iframe><\/p>\n<p>Cabeza de Tigredebe su nombre al campamento donde suceden los hechos que narra, con Santiago de Liniers y Juan Jos\u00e9 Castelli como protagonistas centrales. Si bien cont\u00f3 con muy poco presupuesto, el director Claudio Etcheberry logr\u00f3 reunir un importante equipo: H\u00e9ctor Alterio, Dami\u00e1n de Santo, Pablo Cedr\u00f3n, Erika Rivas y Juan Bautista Stagnaro, entre otros. Se estren\u00f3 el 31 de mayo de 2001, un a\u00f1o clave de nuestra historia reciente.<\/p>\n<p>Cabeza de tigre, de Claudio Etcheberry (2001)<\/p>\n<p><iframe loading=\"lazy\" width=\"1200\" height=\"675\" src=\"https:\/\/www.youtube.com\/embed\/bdpKO6IwP1c?feature=oembed\" frameborder=\"0\" allow=\"accelerometer; autoplay; encrypted-media; gyroscope; picture-in-picture\" allowfullscreen><\/iframe><\/p>\n<p><iframe loading=\"lazy\" width=\"1200\" height=\"900\" src=\"https:\/\/www.youtube.com\/embed\/uK75b9cBCbk?feature=oembed\" frameborder=\"0\" allow=\"accelerometer; autoplay; encrypted-media; gyroscope; picture-in-picture\" allowfullscreen><\/iframe><\/p>\n<p>\u00a1Esperamos que nos cuenten qu\u00e9 les pareci\u00f3 la propuesta!<\/p>\n","protected":false},"excerpt":{"rendered":"<p>CELEBRAMOS EL 25 DE MAYO Aporte de la Prof. Graciela Estevez Scansani (Nivel Medio) Se cumplen 210 a\u00f1os de la Revoluci\u00f3n de Mayo en el contexto del aislamiento preventivo y obligatorio por el covid-19. Es una gran oportunidad para reflexionar sobre la libertad, que no es s\u00f3lo transitar o decir lo que unx piensa, sino &#8230; <a title=\"CELEBRAMOS EL 25 DE MAYO\" class=\"read-more\" href=\"https:\/\/ens5-caba.infd.edu.ar\/sitio\/celebramos-el-25-de-mayo\/\" aria-label=\"More on CELEBRAMOS EL 25 DE MAYO\">[+]<\/a><\/p>\n","protected":false},"author":1201,"featured_media":0,"parent":0,"menu_order":0,"comment_status":"closed","ping_status":"closed","template":"","meta":[],"acf":[],"_links":{"self":[{"href":"https:\/\/ens5-caba.infd.edu.ar\/sitio\/wp-json\/wp\/v2\/pages\/2180"}],"collection":[{"href":"https:\/\/ens5-caba.infd.edu.ar\/sitio\/wp-json\/wp\/v2\/pages"}],"about":[{"href":"https:\/\/ens5-caba.infd.edu.ar\/sitio\/wp-json\/wp\/v2\/types\/page"}],"author":[{"embeddable":true,"href":"https:\/\/ens5-caba.infd.edu.ar\/sitio\/wp-json\/wp\/v2\/users\/1201"}],"replies":[{"embeddable":true,"href":"https:\/\/ens5-caba.infd.edu.ar\/sitio\/wp-json\/wp\/v2\/comments?post=2180"}],"version-history":[{"count":1,"href":"https:\/\/ens5-caba.infd.edu.ar\/sitio\/wp-json\/wp\/v2\/pages\/2180\/revisions"}],"predecessor-version":[{"id":2181,"href":"https:\/\/ens5-caba.infd.edu.ar\/sitio\/wp-json\/wp\/v2\/pages\/2180\/revisions\/2181"}],"wp:attachment":[{"href":"https:\/\/ens5-caba.infd.edu.ar\/sitio\/wp-json\/wp\/v2\/media?parent=2180"}],"curies":[{"name":"wp","href":"https:\/\/api.w.org\/{rel}","templated":true}]}}