{"id":2170,"date":"2020-05-15T09:39:19","date_gmt":"2020-05-15T12:39:19","guid":{"rendered":"https:\/\/ens5-caba.infd.edu.ar\/sitio\/?page_id=2170"},"modified":"2020-05-28T11:07:49","modified_gmt":"2020-05-28T14:07:49","slug":"puedo-ajustar-un-guion-parte-07","status":"publish","type":"page","link":"https:\/\/ens5-caba.infd.edu.ar\/sitio\/puedo-ajustar-un-guion-parte-07\/","title":{"rendered":"Puedo Ajustar un Gui\u00f3n &#8211; Parte 07"},"content":{"rendered":"<p>PUEDO AJUSTAR UN GUION.<br \/>\nEdici\u00f3n Cuarentena<\/p>\n<p>Compartimos con uds el nuevo video institucional del Circuito Cultural Barracas . Un espacio donde participan estudiantes de nuestra escuela y much\u00edsimos vecinos de nuestro barrio. As\u00ed como lo hacemos con el pasaje Lan\u00edn y La Flor de Barracas compartimos con orgullo las actividades del maravilloso mundo de Barracas al sur. El Normal es parte de esa pasi\u00f3n.<\/p>\n<p><iframe loading=\"lazy\" src=\"https:\/\/www.youtube.com\/embed\/JIMZkZV_bnc\" width=\"560\" height=\"315\" frameborder=\"0\" allowfullscreen=\"allowfullscreen\"><\/iframe><\/p>\n<p>&nbsp;<\/p>\n<hr \/>\n<p>PUEDO AJUSTAR UN GUION.<br \/>\nEdici\u00f3n Cuarentena<\/p>\n<p>\u201cComunicadores sin barbijo\u201d<br \/>\nNovena entrega<\/p>\n<p>La educaci\u00f3n en medios de comunicaci\u00f3n<\/p>\n<p>Hoy: Alejandra Alliaud. Referente del programa \u201cMedios en la Escuela\u201d<\/p>\n<p><iframe loading=\"lazy\" src=\"https:\/\/www.youtube.com\/embed\/RmRdDjhjCVM\" width=\"560\" height=\"315\" frameborder=\"0\" allowfullscreen=\"allowfullscreen\"><\/iframe><\/p>\n<hr \/>\n<h5 style=\"text-align: center;\"><a href=\"https:\/\/ens5-caba.infd.edu.ar\/sitio\/puedo-ajustar-un-guion-parte-08\/\">Siguiente<\/a><\/h5>\n","protected":false},"excerpt":{"rendered":"<p>PUEDO AJUSTAR UN GUION. Edici\u00f3n Cuarentena Compartimos con uds el nuevo video institucional del Circuito Cultural Barracas . Un espacio donde participan estudiantes de nuestra escuela y much\u00edsimos vecinos de nuestro barrio. As\u00ed como lo hacemos con el pasaje Lan\u00edn y La Flor de Barracas compartimos con orgullo las actividades del maravilloso mundo de Barracas &#8230; <a title=\"Puedo Ajustar un Gui\u00f3n &#8211; Parte 07\" class=\"read-more\" href=\"https:\/\/ens5-caba.infd.edu.ar\/sitio\/puedo-ajustar-un-guion-parte-07\/\" aria-label=\"More on Puedo Ajustar un Gui\u00f3n &#8211; Parte 07\">[+]<\/a><\/p>\n","protected":false},"author":1201,"featured_media":0,"parent":0,"menu_order":0,"comment_status":"closed","ping_status":"closed","template":"","meta":[],"acf":[],"_links":{"self":[{"href":"https:\/\/ens5-caba.infd.edu.ar\/sitio\/wp-json\/wp\/v2\/pages\/2170"}],"collection":[{"href":"https:\/\/ens5-caba.infd.edu.ar\/sitio\/wp-json\/wp\/v2\/pages"}],"about":[{"href":"https:\/\/ens5-caba.infd.edu.ar\/sitio\/wp-json\/wp\/v2\/types\/page"}],"author":[{"embeddable":true,"href":"https:\/\/ens5-caba.infd.edu.ar\/sitio\/wp-json\/wp\/v2\/users\/1201"}],"replies":[{"embeddable":true,"href":"https:\/\/ens5-caba.infd.edu.ar\/sitio\/wp-json\/wp\/v2\/comments?post=2170"}],"version-history":[{"count":4,"href":"https:\/\/ens5-caba.infd.edu.ar\/sitio\/wp-json\/wp\/v2\/pages\/2170\/revisions"}],"predecessor-version":[{"id":2188,"href":"https:\/\/ens5-caba.infd.edu.ar\/sitio\/wp-json\/wp\/v2\/pages\/2170\/revisions\/2188"}],"wp:attachment":[{"href":"https:\/\/ens5-caba.infd.edu.ar\/sitio\/wp-json\/wp\/v2\/media?parent=2170"}],"curies":[{"name":"wp","href":"https:\/\/api.w.org\/{rel}","templated":true}]}}