{"id":2167,"date":"2020-05-15T09:35:44","date_gmt":"2020-05-15T12:35:44","guid":{"rendered":"https:\/\/ens5-caba.infd.edu.ar\/sitio\/?page_id=2167"},"modified":"2020-05-15T09:50:23","modified_gmt":"2020-05-15T12:50:23","slug":"puedo-ajustar-un-guion-parte-06","status":"publish","type":"page","link":"https:\/\/ens5-caba.infd.edu.ar\/sitio\/puedo-ajustar-un-guion-parte-06\/","title":{"rendered":"Puedo Ajustar un Gui\u00f3n &#8211; Parte 06"},"content":{"rendered":"<p>PUEDO AJUSTAR UN GUION.<br \/>\nEdici\u00f3n Cuarentena<\/p>\n<p>\u201cComunicadores sin barbijo\u201d<\/p>\n<p>La comunicaci\u00f3n popular es un puntal fundamental para las organizaciones populares y mucho m\u00e1s en este contexto<\/p>\n<p>Hoy: Nelson Santa Cruz. Periodista de La Garganta Poderosa<\/p>\n<p><iframe loading=\"lazy\" src=\"https:\/\/www.youtube.com\/embed\/h_LMx4reLqk\" width=\"560\" height=\"315\" frameborder=\"0\" allowfullscreen=\"allowfullscreen\" data-mce-fragment=\"1\"><\/iframe><\/p>\n<hr \/>\n<p>PUEDO AJUSTAR UN GUION.<br \/>\nEdici\u00f3n Cuarentena<\/p>\n<p>\u201cComunicadores sin barbijo\u201d<br \/>\nOctava entrega<\/p>\n<p>La investigaci\u00f3n en el periodismo<\/p>\n<p>Hoy: Pablo Llonto. Periodista \/ Abogado especialista en DDHH<\/p>\n<p><iframe loading=\"lazy\" src=\"https:\/\/www.youtube.com\/embed\/uniRRa-P7Z0\" width=\"560\" height=\"315\" frameborder=\"0\" allowfullscreen=\"allowfullscreen\" data-mce-fragment=\"1\"><\/iframe><\/p>\n<hr \/>\n<h5 style=\"text-align: center;\"><a href=\"https:\/\/ens5-caba.infd.edu.ar\/sitio\/puedo-ajustar-un-guion-parte-07\/\">Siguiente<\/a><\/h5>\n","protected":false},"excerpt":{"rendered":"<p>PUEDO AJUSTAR UN GUION. Edici\u00f3n Cuarentena \u201cComunicadores sin barbijo\u201d La comunicaci\u00f3n popular es un puntal fundamental para las organizaciones populares y mucho m\u00e1s en este contexto Hoy: Nelson Santa Cruz. Periodista de La Garganta Poderosa PUEDO AJUSTAR UN GUION. Edici\u00f3n Cuarentena \u201cComunicadores sin barbijo\u201d Octava entrega La investigaci\u00f3n en el periodismo Hoy: Pablo Llonto. Periodista &#8230; <a title=\"Puedo Ajustar un Gui\u00f3n &#8211; Parte 06\" class=\"read-more\" href=\"https:\/\/ens5-caba.infd.edu.ar\/sitio\/puedo-ajustar-un-guion-parte-06\/\" aria-label=\"More on Puedo Ajustar un Gui\u00f3n &#8211; Parte 06\">[+]<\/a><\/p>\n","protected":false},"author":1201,"featured_media":0,"parent":0,"menu_order":0,"comment_status":"closed","ping_status":"closed","template":"","meta":[],"acf":[],"_links":{"self":[{"href":"https:\/\/ens5-caba.infd.edu.ar\/sitio\/wp-json\/wp\/v2\/pages\/2167"}],"collection":[{"href":"https:\/\/ens5-caba.infd.edu.ar\/sitio\/wp-json\/wp\/v2\/pages"}],"about":[{"href":"https:\/\/ens5-caba.infd.edu.ar\/sitio\/wp-json\/wp\/v2\/types\/page"}],"author":[{"embeddable":true,"href":"https:\/\/ens5-caba.infd.edu.ar\/sitio\/wp-json\/wp\/v2\/users\/1201"}],"replies":[{"embeddable":true,"href":"https:\/\/ens5-caba.infd.edu.ar\/sitio\/wp-json\/wp\/v2\/comments?post=2167"}],"version-history":[{"count":2,"href":"https:\/\/ens5-caba.infd.edu.ar\/sitio\/wp-json\/wp\/v2\/pages\/2167\/revisions"}],"predecessor-version":[{"id":2177,"href":"https:\/\/ens5-caba.infd.edu.ar\/sitio\/wp-json\/wp\/v2\/pages\/2167\/revisions\/2177"}],"wp:attachment":[{"href":"https:\/\/ens5-caba.infd.edu.ar\/sitio\/wp-json\/wp\/v2\/media?parent=2167"}],"curies":[{"name":"wp","href":"https:\/\/api.w.org\/{rel}","templated":true}]}}