{"id":2163,"date":"2020-05-15T09:34:53","date_gmt":"2020-05-15T12:34:53","guid":{"rendered":"https:\/\/ens5-caba.infd.edu.ar\/sitio\/?page_id=2163"},"modified":"2020-05-15T09:49:31","modified_gmt":"2020-05-15T12:49:31","slug":"puedo-ajustar-un-guion-parte-05","status":"publish","type":"page","link":"https:\/\/ens5-caba.infd.edu.ar\/sitio\/puedo-ajustar-un-guion-parte-05\/","title":{"rendered":"Puedo Ajustar un Gui\u00f3n &#8211; Parte 05"},"content":{"rendered":"<p>PUEDO AJUSTAR UN GUION. Edici\u00f3n Cuarentena<\/p>\n<p>\u201cComunicadores sin barbijo\u201d<\/p>\n<p>Le dedicamos un espacio a un trabajo en comunicaci\u00f3n que no se ve mucho pero que important\u00edsimo para la creaci\u00f3n de contenidos en televisi\u00f3n y cine . La edici\u00f3n y postproducci\u00f3n.<\/p>\n<p>Hoy : Pablo Mart\u00ednez. Editor<br \/>\nEx estudiante de nuestra escuela.<\/p>\n<p><iframe loading=\"lazy\" src=\"https:\/\/www.youtube.com\/embed\/m-zNWRGDdyo\" width=\"560\" height=\"315\" frameborder=\"0\" allowfullscreen=\"allowfullscreen\" data-mce-fragment=\"1\"><\/iframe><\/p>\n<hr \/>\n<p>PUEDO AJUSTAR UN GUION. Edici\u00f3n Cuarentena .<\/p>\n<p>Una producci\u00f3n de la orientaci\u00f3n de comunicaci\u00f3n del Normal 5.<\/p>\n<p>Tercer corto de 5to Comunicaci\u00f3n. Esta vez incursionamos en la t\u00e9cnica de stopmotion. Les presentamos \u201c La hora de los barbijos\u201d<\/p>\n<p>A disfrutar!<\/p>\n<p><iframe loading=\"lazy\" src=\"https:\/\/www.youtube.com\/embed\/CyyhjLqwslQ\" width=\"560\" height=\"315\" frameborder=\"0\" allowfullscreen=\"allowfullscreen\" data-mce-fragment=\"1\"><\/iframe><\/p>\n<hr \/>\n<h5 style=\"text-align: center;\"><a href=\"https:\/\/ens5-caba.infd.edu.ar\/sitio\/puedo-ajustar-un-guion-parte-06\/\">Siguiente<\/a><\/h5>\n","protected":false},"excerpt":{"rendered":"<p>PUEDO AJUSTAR UN GUION. Edici\u00f3n Cuarentena \u201cComunicadores sin barbijo\u201d Le dedicamos un espacio a un trabajo en comunicaci\u00f3n que no se ve mucho pero que important\u00edsimo para la creaci\u00f3n de contenidos en televisi\u00f3n y cine . La edici\u00f3n y postproducci\u00f3n. Hoy : Pablo Mart\u00ednez. Editor Ex estudiante de nuestra escuela. PUEDO AJUSTAR UN GUION. Edici\u00f3n &#8230; <a title=\"Puedo Ajustar un Gui\u00f3n &#8211; Parte 05\" class=\"read-more\" href=\"https:\/\/ens5-caba.infd.edu.ar\/sitio\/puedo-ajustar-un-guion-parte-05\/\" aria-label=\"More on Puedo Ajustar un Gui\u00f3n &#8211; Parte 05\">[+]<\/a><\/p>\n","protected":false},"author":1201,"featured_media":0,"parent":0,"menu_order":0,"comment_status":"closed","ping_status":"closed","template":"","meta":[],"acf":[],"_links":{"self":[{"href":"https:\/\/ens5-caba.infd.edu.ar\/sitio\/wp-json\/wp\/v2\/pages\/2163"}],"collection":[{"href":"https:\/\/ens5-caba.infd.edu.ar\/sitio\/wp-json\/wp\/v2\/pages"}],"about":[{"href":"https:\/\/ens5-caba.infd.edu.ar\/sitio\/wp-json\/wp\/v2\/types\/page"}],"author":[{"embeddable":true,"href":"https:\/\/ens5-caba.infd.edu.ar\/sitio\/wp-json\/wp\/v2\/users\/1201"}],"replies":[{"embeddable":true,"href":"https:\/\/ens5-caba.infd.edu.ar\/sitio\/wp-json\/wp\/v2\/comments?post=2163"}],"version-history":[{"count":2,"href":"https:\/\/ens5-caba.infd.edu.ar\/sitio\/wp-json\/wp\/v2\/pages\/2163\/revisions"}],"predecessor-version":[{"id":2176,"href":"https:\/\/ens5-caba.infd.edu.ar\/sitio\/wp-json\/wp\/v2\/pages\/2163\/revisions\/2176"}],"wp:attachment":[{"href":"https:\/\/ens5-caba.infd.edu.ar\/sitio\/wp-json\/wp\/v2\/media?parent=2163"}],"curies":[{"name":"wp","href":"https:\/\/api.w.org\/{rel}","templated":true}]}}