{"id":2162,"date":"2020-05-15T09:33:37","date_gmt":"2020-05-15T12:33:37","guid":{"rendered":"https:\/\/ens5-caba.infd.edu.ar\/sitio\/?page_id=2162"},"modified":"2020-05-15T09:48:34","modified_gmt":"2020-05-15T12:48:34","slug":"puedo-ajustar-un-guion-parte-04","status":"publish","type":"page","link":"https:\/\/ens5-caba.infd.edu.ar\/sitio\/puedo-ajustar-un-guion-parte-04\/","title":{"rendered":"Puedo Ajustar un Gui\u00f3n &#8211; Parte 04"},"content":{"rendered":"<p>PUEDO AJUSTAR UN GUION. Edici\u00f3n Cuarentena<\/p>\n<p>\u201cComunicadores sin barbijo\u201d<\/p>\n<p>Cap\u00edtulo 5<\/p>\n<p>Gesti\u00f3n cultural y proyecto de comunicaci\u00f3n.<\/p>\n<p>Hoy : Carlos Cantini, responsable del Bar notable \u201cLa flor de Barracas\u201d . Escritor y guionista<\/p>\n<p><iframe loading=\"lazy\" src=\"https:\/\/www.youtube.com\/embed\/9En9owND3yw\" width=\"560\" height=\"315\" frameborder=\"0\" allowfullscreen=\"allowfullscreen\" data-mce-fragment=\"1\"><\/iframe><\/p>\n<hr \/>\n<p>PUEDO AJUSTAR UN GUION<br \/>\nEdici\u00f3n especial .<\/p>\n<p>Feliz d\u00eda a todxs lxs trabajadorxs!!<\/p>\n<p>Les dejamos una producci\u00f3n de la escuela como regalo y un fragmento de Eduardo Galeano del libro \u201cEspejos\u201d<\/p>\n<p>\u201cLa tar\u00e1ntula universal\u201d<\/p>\n<p>Ocurri\u00f3 en Chicago, en 1886.<\/p>\n<p>El primero de mayo, cuando la huelga obrera paraliz\u00f3 Chicago y otras ciudades, el diario \u00abPhiladelphia Tribune\u00bb diagnostic\u00f3: El elemento laboral ha sido picado por una especie de tar\u00e1ntula universal, y se ha vuelto loco de remate.<\/p>\n<p>Locos de remate estaban los obreros que luchaban por la jornada de trabajo de ocho horas y por el derecho a la organizaci\u00f3n sindical.<\/p>\n<p>(&#8230;)<\/p>\n<p>Cada primero de mayo, el mundo entero los recuerda.<\/p>\n<p>Con el paso del tiempo, las convenciones internacionales, las constituciones y las leyes les han dado la raz\u00f3n.<\/p>\n<p>Sin embargo, las empresas m\u00e1s exitosas siguen sin enterarse.<\/p>\n<p>Proh\u00edben los sindicatos obreros y miden la jornada de trabajo con aquellos relojes derretidos que pint\u00f3 Salvador Dal\u00ed.<\/p>\n<p>Abrazo a todes!<\/p>\n<p><iframe loading=\"lazy\" src=\"https:\/\/www.youtube.com\/embed\/I5AuCCvvaY8\" width=\"560\" height=\"315\" frameborder=\"0\" allowfullscreen=\"allowfullscreen\" data-mce-fragment=\"1\"><\/iframe><\/p>\n<hr \/>\n<h5 style=\"text-align: center;\"><a href=\"https:\/\/ens5-caba.infd.edu.ar\/sitio\/puedo-ajustar-un-guion-parte-05\/\">Siguiente<\/a><\/h5>\n","protected":false},"excerpt":{"rendered":"<p>PUEDO AJUSTAR UN GUION. Edici\u00f3n Cuarentena \u201cComunicadores sin barbijo\u201d Cap\u00edtulo 5 Gesti\u00f3n cultural y proyecto de comunicaci\u00f3n. Hoy : Carlos Cantini, responsable del Bar notable \u201cLa flor de Barracas\u201d . Escritor y guionista PUEDO AJUSTAR UN GUION Edici\u00f3n especial . Feliz d\u00eda a todxs lxs trabajadorxs!! Les dejamos una producci\u00f3n de la escuela como regalo &#8230; <a title=\"Puedo Ajustar un Gui\u00f3n &#8211; Parte 04\" class=\"read-more\" href=\"https:\/\/ens5-caba.infd.edu.ar\/sitio\/puedo-ajustar-un-guion-parte-04\/\" aria-label=\"More on Puedo Ajustar un Gui\u00f3n &#8211; Parte 04\">[+]<\/a><\/p>\n","protected":false},"author":1201,"featured_media":0,"parent":0,"menu_order":0,"comment_status":"closed","ping_status":"closed","template":"","meta":[],"acf":[],"_links":{"self":[{"href":"https:\/\/ens5-caba.infd.edu.ar\/sitio\/wp-json\/wp\/v2\/pages\/2162"}],"collection":[{"href":"https:\/\/ens5-caba.infd.edu.ar\/sitio\/wp-json\/wp\/v2\/pages"}],"about":[{"href":"https:\/\/ens5-caba.infd.edu.ar\/sitio\/wp-json\/wp\/v2\/types\/page"}],"author":[{"embeddable":true,"href":"https:\/\/ens5-caba.infd.edu.ar\/sitio\/wp-json\/wp\/v2\/users\/1201"}],"replies":[{"embeddable":true,"href":"https:\/\/ens5-caba.infd.edu.ar\/sitio\/wp-json\/wp\/v2\/comments?post=2162"}],"version-history":[{"count":2,"href":"https:\/\/ens5-caba.infd.edu.ar\/sitio\/wp-json\/wp\/v2\/pages\/2162\/revisions"}],"predecessor-version":[{"id":2175,"href":"https:\/\/ens5-caba.infd.edu.ar\/sitio\/wp-json\/wp\/v2\/pages\/2162\/revisions\/2175"}],"wp:attachment":[{"href":"https:\/\/ens5-caba.infd.edu.ar\/sitio\/wp-json\/wp\/v2\/media?parent=2162"}],"curies":[{"name":"wp","href":"https:\/\/api.w.org\/{rel}","templated":true}]}}