{"id":2160,"date":"2020-05-15T09:33:25","date_gmt":"2020-05-15T12:33:25","guid":{"rendered":"https:\/\/ens5-caba.infd.edu.ar\/sitio\/?page_id=2160"},"modified":"2020-05-15T09:46:26","modified_gmt":"2020-05-15T12:46:26","slug":"puedo-ajustar-un-guion-parte-02","status":"publish","type":"page","link":"https:\/\/ens5-caba.infd.edu.ar\/sitio\/puedo-ajustar-un-guion-parte-02\/","title":{"rendered":"Puedo Ajustar un Gui\u00f3n &#8211; Parte 02"},"content":{"rendered":"<div>\n<p>PUEDO AJUSTAR UN GUION. Especiales Cuarentena.<\/p>\n<p>Todos los a\u00f1os desde la Coordinaci\u00f3n del Bachillerato orientado en Comunicaci\u00f3n se hacen charlas con periodistas y\/o comunicadores para que los estudiantes puedan conocer el mundo de la profesi\u00f3n contado en primera persona. Como no podemos hacerlo por obvias razones, se nos ocurri\u00f3 crear un ciclo de peque\u00f1as charlas, denominado \u00abComunicadores sin Barbijo\u00bb que enviaremos a lo largo de los d\u00edas.<\/p>\n<p>Sin m\u00e1s pre\u00e1mbulos les presentamos a Mariano Slutzky, Periodista desde Holanda.<br \/>\nEs un regalo de muchos que vendr\u00e1n. Disfrutar!<\/p>\n<p>Quedate en casa<\/p>\n<\/div>\n<p><iframe loading=\"lazy\" src=\"https:\/\/www.youtube.com\/embed\/6Z-aMc470Wc\" width=\"560\" height=\"315\" frameborder=\"0\" allowfullscreen=\"allowfullscreen\" data-mce-fragment=\"1\"><\/iframe><\/p>\n<hr \/>\n<p>PUEDO AJUSTAR UN GUION.\u00a0Especiales cuarentena<\/p>\n<p>Seguimos con el ciclo \u201cComunicadores sin barbijo\u201d<\/p>\n<p>Hoy: Gabriel S\u00fanico nos ofrece \u201cEl oficio de prensa y los medios hegem\u00f3nicos\u00bb<\/p>\n<p>No se cansen. Habr\u00e1 m\u00e1s en estos d\u00edas.<\/p>\n<p><iframe loading=\"lazy\" src=\"https:\/\/www.youtube.com\/embed\/Q6Dmlzn7VX0\" width=\"560\" height=\"315\" frameborder=\"0\" allowfullscreen=\"allowfullscreen\" data-mce-fragment=\"1\"><\/iframe><\/p>\n<hr \/>\n<h5 style=\"text-align: center;\"><a href=\"https:\/\/ens5-caba.infd.edu.ar\/sitio\/puedo-ajustar-un-guion-parte-03\/\">Siguiente<\/a><\/h5>\n","protected":false},"excerpt":{"rendered":"<p>PUEDO AJUSTAR UN GUION. Especiales Cuarentena. Todos los a\u00f1os desde la Coordinaci\u00f3n del Bachillerato orientado en Comunicaci\u00f3n se hacen charlas con periodistas y\/o comunicadores para que los estudiantes puedan conocer el mundo de la profesi\u00f3n contado en primera persona. Como no podemos hacerlo por obvias razones, se nos ocurri\u00f3 crear un ciclo de peque\u00f1as charlas, &#8230; <a title=\"Puedo Ajustar un Gui\u00f3n &#8211; Parte 02\" class=\"read-more\" href=\"https:\/\/ens5-caba.infd.edu.ar\/sitio\/puedo-ajustar-un-guion-parte-02\/\" aria-label=\"More on Puedo Ajustar un Gui\u00f3n &#8211; Parte 02\">[+]<\/a><\/p>\n","protected":false},"author":1201,"featured_media":0,"parent":0,"menu_order":0,"comment_status":"closed","ping_status":"closed","template":"","meta":[],"acf":[],"_links":{"self":[{"href":"https:\/\/ens5-caba.infd.edu.ar\/sitio\/wp-json\/wp\/v2\/pages\/2160"}],"collection":[{"href":"https:\/\/ens5-caba.infd.edu.ar\/sitio\/wp-json\/wp\/v2\/pages"}],"about":[{"href":"https:\/\/ens5-caba.infd.edu.ar\/sitio\/wp-json\/wp\/v2\/types\/page"}],"author":[{"embeddable":true,"href":"https:\/\/ens5-caba.infd.edu.ar\/sitio\/wp-json\/wp\/v2\/users\/1201"}],"replies":[{"embeddable":true,"href":"https:\/\/ens5-caba.infd.edu.ar\/sitio\/wp-json\/wp\/v2\/comments?post=2160"}],"version-history":[{"count":2,"href":"https:\/\/ens5-caba.infd.edu.ar\/sitio\/wp-json\/wp\/v2\/pages\/2160\/revisions"}],"predecessor-version":[{"id":2173,"href":"https:\/\/ens5-caba.infd.edu.ar\/sitio\/wp-json\/wp\/v2\/pages\/2160\/revisions\/2173"}],"wp:attachment":[{"href":"https:\/\/ens5-caba.infd.edu.ar\/sitio\/wp-json\/wp\/v2\/media?parent=2160"}],"curies":[{"name":"wp","href":"https:\/\/api.w.org\/{rel}","templated":true}]}}