{"id":1714,"date":"2019-10-02T08:57:41","date_gmt":"2019-10-02T11:57:41","guid":{"rendered":"https:\/\/ens5-caba.infd.edu.ar\/sitio\/?page_id=1714"},"modified":"2021-11-02T13:42:53","modified_gmt":"2021-11-02T16:42:53","slug":"puedo-ajustar-un-guion","status":"publish","type":"page","link":"https:\/\/ens5-caba.infd.edu.ar\/sitio\/puedo-ajustar-un-guion\/","title":{"rendered":"Puedo Ajustar un Gui\u00f3n"},"content":{"rendered":"<h2>Las producciones 2021 se encuentran en las redes sociales de la Escuela.<\/h2>\n<h2>PUEDO AJUSTAR UN GUION 2020<\/h2>\n<div><\/div>\n<p>En esta oportunidad queremos compartir la 3ra edici\u00f3n de la revista cultural\u00a0 \u201cUna Flor en el Desierto\u201d que hacen los estudiantes de 4to a\u00f1o Comunicaci\u00f3n Nivel Medio del Normal 5.<\/p>\n<p>Este s\u00e1bado fue presentada en \u201cLa Noche de Arolas\u201d junto con otras actividades y producciones en el bar notable \u201cLa Flor de Barracas\u201d.<\/p>\n<p>La revista surgi\u00f3 hace 4 a\u00f1os para demostrar que los estudiantes tambi\u00e9n pueden transformarse en intelectuales cr\u00edticos de nuestros fen\u00f3menos culturales.<\/p>\n<p>Existe en formato papel, hicimos una impresi\u00f3n de 75 ejemplares pero para trascender las fronteras hoy se necesita\u00a0 socializarla en formato digital .<\/p>\n<p>En el siguiente link pueden verla:<\/p>\n<div><\/div>\n<div><a href=\"https:\/\/www.yumpu.com\/s\/vrVdZbukB8Y0xMgq\" target=\"_blank\" rel=\"nofollow noopener\">https:\/\/www.yumpu.com\/s\/vrVdZbukB8Y0xMgq<\/a><\/div>\n<div><\/div>\n<p>Sin m\u00e1s pre\u00e1mbulos les regalamos una flor en todo este desierto.<\/p>\n<p>Saludos.<\/p>\n<hr \/>\n<div>\n<p><iframe loading=\"lazy\" src=\"https:\/\/www.youtube.com\/embed\/nuVblt6KixI\" width=\"560\" height=\"315\" frameborder=\"0\" allowfullscreen=\"allowfullscreen\"><\/iframe><\/p>\n<hr \/>\n<p><iframe loading=\"lazy\" src=\"https:\/\/www.youtube.com\/embed\/pIPpS-yaRl8\" width=\"560\" height=\"315\" frameborder=\"0\" allowfullscreen=\"allowfullscreen\"><\/iframe><\/p>\n<hr \/>\n<\/div>\n<h5 style=\"text-align: center;\"><a href=\"https:\/\/ens5-caba.infd.edu.ar\/sitio\/puedo-ajustar-un-guion-parte-02\/\">Siguiente<\/a><\/h5>\n","protected":false},"excerpt":{"rendered":"<p>Las producciones 2021 se encuentran en las redes sociales de la Escuela. PUEDO AJUSTAR UN GUION 2020 En esta oportunidad queremos compartir la 3ra edici\u00f3n de la revista cultural\u00a0 \u201cUna Flor en el Desierto\u201d que hacen los estudiantes de 4to a\u00f1o Comunicaci\u00f3n Nivel Medio del Normal 5. Este s\u00e1bado fue presentada en \u201cLa Noche de &#8230; <a title=\"Puedo Ajustar un Gui\u00f3n\" class=\"read-more\" href=\"https:\/\/ens5-caba.infd.edu.ar\/sitio\/puedo-ajustar-un-guion\/\" aria-label=\"More on Puedo Ajustar un Gui\u00f3n\">[+]<\/a><\/p>\n","protected":false},"author":1201,"featured_media":0,"parent":0,"menu_order":0,"comment_status":"closed","ping_status":"closed","template":"","meta":[],"acf":[],"_links":{"self":[{"href":"https:\/\/ens5-caba.infd.edu.ar\/sitio\/wp-json\/wp\/v2\/pages\/1714"}],"collection":[{"href":"https:\/\/ens5-caba.infd.edu.ar\/sitio\/wp-json\/wp\/v2\/pages"}],"about":[{"href":"https:\/\/ens5-caba.infd.edu.ar\/sitio\/wp-json\/wp\/v2\/types\/page"}],"author":[{"embeddable":true,"href":"https:\/\/ens5-caba.infd.edu.ar\/sitio\/wp-json\/wp\/v2\/users\/1201"}],"replies":[{"embeddable":true,"href":"https:\/\/ens5-caba.infd.edu.ar\/sitio\/wp-json\/wp\/v2\/comments?post=1714"}],"version-history":[{"count":15,"href":"https:\/\/ens5-caba.infd.edu.ar\/sitio\/wp-json\/wp\/v2\/pages\/1714\/revisions"}],"predecessor-version":[{"id":3644,"href":"https:\/\/ens5-caba.infd.edu.ar\/sitio\/wp-json\/wp\/v2\/pages\/1714\/revisions\/3644"}],"wp:attachment":[{"href":"https:\/\/ens5-caba.infd.edu.ar\/sitio\/wp-json\/wp\/v2\/media?parent=1714"}],"curies":[{"name":"wp","href":"https:\/\/api.w.org\/{rel}","templated":true}]}}