{"id":1124,"date":"2018-08-29T16:38:28","date_gmt":"2018-08-29T19:38:28","guid":{"rendered":"https:\/\/ens5-caba.infd.edu.ar\/sitio\/profesorados-inicial-y-primaria\/"},"modified":"2025-10-21T20:16:26","modified_gmt":"2025-10-21T23:16:26","slug":"profesorados-inicial-y-primaria","status":"publish","type":"page","link":"https:\/\/ens5-caba.infd.edu.ar\/sitio\/profesorados-inicial-y-primaria\/","title":{"rendered":"Profesorados Inicial y Primaria"},"content":{"rendered":"<table border=\"1\" cellspacing=\"1\" cellpadding=\"5\" align=\"center\">\n<tbody>\n<tr>\n<td style=\"text-align: center;\">\n<h3>Planes de Estudio Vigentes<\/h3>\n<p><img decoding=\"async\" loading=\"lazy\" class=\"alignnone size-medium wp-image-5761\" src=\"https:\/\/ens5-caba.infd.edu.ar\/sitio\/wp-content\/uploads\/2025\/10\/Flyer-pagina-principal-ENS-N\u00b05-707x1000.png\" alt=\"\" width=\"707\" height=\"1000\" srcset=\"https:\/\/ens5-caba.infd.edu.ar\/sitio\/wp-content\/uploads\/2025\/10\/Flyer-pagina-principal-ENS-N\u00b05-707x1000.png 707w, https:\/\/ens5-caba.infd.edu.ar\/sitio\/wp-content\/uploads\/2025\/10\/Flyer-pagina-principal-ENS-N\u00b05-1343x1900.png 1343w, https:\/\/ens5-caba.infd.edu.ar\/sitio\/wp-content\/uploads\/2025\/10\/Flyer-pagina-principal-ENS-N\u00b05-768x1086.png 768w, https:\/\/ens5-caba.infd.edu.ar\/sitio\/wp-content\/uploads\/2025\/10\/Flyer-pagina-principal-ENS-N\u00b05-1086x1536.png 1086w, https:\/\/ens5-caba.infd.edu.ar\/sitio\/wp-content\/uploads\/2025\/10\/Flyer-pagina-principal-ENS-N\u00b05.png 1414w\" sizes=\"(max-width: 707px) 100vw, 707px\" \/><\/p>\n<p><span style=\"color: #333399;\"><a style=\"color: #333399;\" href=\"https:\/\/ens5-caba.infd.edu.ar\/sitio\/wp-content\/uploads\/2025\/10\/Plan-de-Estudios-Aprobado-PEP-\u2013-RES-N\u00b0-890-25-\u2013-MEDGC-2026.pdf\">Plan de Estudios Aprobado PEP- RES N\u00b0 890-25-MEGC 2026<\/a><\/span><\/p>\n<p><span style=\"color: #3366ff;\"><a style=\"color: #3366ff;\" href=\"https:\/\/ens5-caba.infd.edu.ar\/sitio\/wp-content\/uploads\/2020\/02\/Plan-de-Estudios-Aprobado-PEP-RES-N\u00b02514-14-MEGC-2015.pdf\" target=\"_blank\" rel=\"noopener\">Plan de Estudios Aprobado PEP &#8211; RES N\u00b02514-14 &#8211; MEGC 2015<\/a><\/span><\/p>\n<p><a href=\"https:\/\/ens5-caba.infd.edu.ar\/sitio\/wp-content\/uploads\/2020\/02\/Plan-de-Estudios-Aprobado-PEP-RES-N%C2%B06635-09-MEGC-2009.pdf\">Plan de Estudios Aprobado PEP &#8211; RES N\u00b06635-09 MEDGC 2009<\/a><\/p>\n<p><span style=\"color: #333399;\"><a style=\"color: #333399;\" href=\"https:\/\/ens5-caba.infd.edu.ar\/sitio\/wp-content\/uploads\/2025\/10\/Plan-de-Estudios-Aprobado-PEI-\u2013-RES-N\u00b0893-25-\u2013-MEDGC-2026.pdf\">Plan de Estudios Aprobado PEI &#8211; RES N\u00b0 893-25 MEGC 2026\u00a0<\/a><\/span><\/p>\n<p><a href=\"https:\/\/ens5-caba.infd.edu.ar\/sitio\/wp-content\/uploads\/2020\/02\/Plan-de-Estudios-Aprobado-PEI-RES-N\u00b0-2438-14-DGCLEI-2015.pdf\" target=\"_blank\" rel=\"noopener\">Pla<span style=\"color: #3366ff;\">n de Estudios Aprobado PEI &#8211; RES N\u00b0 2438-14 &#8211; DGCLEI 2015<\/span><\/a><\/p>\n<p><a href=\"https:\/\/ens5-caba.infd.edu.ar\/sitio\/wp-content\/uploads\/2025\/10\/Plan-de-Estudios-Aprobado-PEI-RES-N\u00b06626-09-MEGC-2009.pdf\">Plan de Estudios Aprobado PEI &#8211; RES 6626-09 &#8211; MEGC 2009<\/a><\/p>\n<hr \/>\n<p><a href=\"https:\/\/ens5-caba.infd.edu.ar\/sitio\/wp-content\/uploads\/2020\/02\/Res_212.pdf\" target=\"_blank\" rel=\"noopener\">R\u00e9gimen de Promoci\u00f3n y Calificaci\u00f3n &#8211; Resoluci\u00f3n 212<\/a><\/p>\n<p><a title=\"Correlatividades_desde_2009_al_2016\" href=\"https:\/\/ens5-caba.infd.edu.ar\/sitio\/wp-content\/uploads\/2018\/08\/Correlatividades_Primaria.pdf\" target=\"_blank\" rel=\"noopener\">R\u00e9gimen de correlatividades Profesorado de Educaci\u00f3n Primaria<\/a><\/p>\n<p><a href=\"https:\/\/ens5-caba.infd.edu.ar\/sitio\/wp-content\/uploads\/2022\/03\/Correlatividades-todas-las-cohortes-PEI.pdf\" target=\"_blank\" rel=\"noopener\">R\u00e9gimen de Correlatividades Profesorado de Educaci\u00f3n Inicial<\/a><\/p>\n<p><a href=\"https:\/\/ens5-caba.infd.edu.ar\/sitio\/wp-content\/uploads\/2019\/08\/DISPOSICION-313.pdf\" target=\"_blank\" rel=\"noopener\">Alumnos\/as volantes &#8211;\u00a0<\/a><a href=\"https:\/\/ens5-caba.infd.edu.ar\/sitio\/wp-content\/uploads\/2019\/08\/DISPOSICION-313.pdf\" target=\"_blank\" rel=\"noopener\">Disposici\u00f3n 313<\/a><\/p>\n<p><a href=\"https:\/\/ens5-caba.infd.edu.ar\/sitio\/wp-content\/uploads\/2023\/08\/Resolucion-No407-PEI-y-PEP.pdf\" target=\"_blank\" rel=\"noopener\">Resoluci\u00f3n N\u00ba 407 &#8211; PEI y PEP<\/a><\/p>\n<hr \/>\n<p><img decoding=\"async\" loading=\"lazy\" class=\"alignnone size-full wp-image-1813\" src=\"https:\/\/ens5-caba.infd.edu.ar\/sitio\/wp-content\/uploads\/2020\/03\/NO_promocion.jpg\" alt=\"\" width=\"664\" height=\"161\" \/><\/td>\n<\/tr>\n<\/tbody>\n<\/table>\n","protected":false},"excerpt":{"rendered":"<p>Planes de Estudio Vigentes Plan de Estudios Aprobado PEP- RES N\u00b0 890-25-MEGC 2026 Plan de Estudios Aprobado PEP &#8211; RES N\u00b02514-14 &#8211; MEGC 2015 Plan de Estudios Aprobado PEP &#8211; RES N\u00b06635-09 MEDGC 2009 Plan de Estudios Aprobado PEI &#8211; RES N\u00b0 893-25 MEGC 2026\u00a0 Plan de Estudios Aprobado PEI &#8211; RES N\u00b0 2438-14 &#8211; &#8230; <a title=\"Profesorados Inicial y Primaria\" class=\"read-more\" href=\"https:\/\/ens5-caba.infd.edu.ar\/sitio\/profesorados-inicial-y-primaria\/\" aria-label=\"More on Profesorados Inicial y Primaria\">[+]<\/a><\/p>\n","protected":false},"author":1201,"featured_media":0,"parent":0,"menu_order":0,"comment_status":"closed","ping_status":"closed","template":"","meta":[],"acf":[],"_links":{"self":[{"href":"https:\/\/ens5-caba.infd.edu.ar\/sitio\/wp-json\/wp\/v2\/pages\/1124"}],"collection":[{"href":"https:\/\/ens5-caba.infd.edu.ar\/sitio\/wp-json\/wp\/v2\/pages"}],"about":[{"href":"https:\/\/ens5-caba.infd.edu.ar\/sitio\/wp-json\/wp\/v2\/types\/page"}],"author":[{"embeddable":true,"href":"https:\/\/ens5-caba.infd.edu.ar\/sitio\/wp-json\/wp\/v2\/users\/1201"}],"replies":[{"embeddable":true,"href":"https:\/\/ens5-caba.infd.edu.ar\/sitio\/wp-json\/wp\/v2\/comments?post=1124"}],"version-history":[{"count":20,"href":"https:\/\/ens5-caba.infd.edu.ar\/sitio\/wp-json\/wp\/v2\/pages\/1124\/revisions"}],"predecessor-version":[{"id":5769,"href":"https:\/\/ens5-caba.infd.edu.ar\/sitio\/wp-json\/wp\/v2\/pages\/1124\/revisions\/5769"}],"wp:attachment":[{"href":"https:\/\/ens5-caba.infd.edu.ar\/sitio\/wp-json\/wp\/v2\/media?parent=1124"}],"curies":[{"name":"wp","href":"https:\/\/api.w.org\/{rel}","templated":true}]}}