{"id":1093,"date":"2018-08-29T16:38:15","date_gmt":"2018-08-29T19:38:15","guid":{"rendered":"https:\/\/ens5-caba.infd.edu.ar\/sitio\/consejo-directivo\/"},"modified":"2024-09-18T21:12:26","modified_gmt":"2024-09-19T00:12:26","slug":"consejo-directivo","status":"publish","type":"page","link":"https:\/\/ens5-caba.infd.edu.ar\/sitio\/consejo-directivo\/","title":{"rendered":"Consejo Directivo"},"content":{"rendered":"\n<p><\/p>\n\n\n\n<p><strong>Art\u00edculo 38 ROM.<\/strong> Es el \u00f3rgano colegiado responsable del desarrollo del proyecto de nivel terciario y de la orientaci\u00f3n, asesoramiento y supervisi\u00f3n de su gesti\u00f3n. Los integrantes de cada claustro son elegidos cada dos a\u00f1os para ejercer sus funciones.<\/p>\n\n\n<p><strong>Conformaci\u00f3n Consejo Directivo<\/strong><\/p>\n<div>\n<table style=\"width: 595px; height: 1037px;\" border=\"1\" cellspacing=\"0\" cellpadding=\"0\">\n<tbody>\n<tr>\n<td style=\"width: 110px;\" rowspan=\"6\" valign=\"top\"><strong>Claustro Docentes<\/strong><\/td>\n<td style=\"width: 56.7833px;\" rowspan=\"4\" valign=\"top\">Titulares<\/td>\n<td style=\"width: 131.217px;\" valign=\"top\">Adriana Fraguas<\/td>\n<\/tr>\n<tr>\n<td style=\"width: 131.217px;\" valign=\"top\">Yolanda Ortiz Pacheco<\/td>\n<\/tr>\n<tr>\n<td style=\"width: 131.217px;\" valign=\"top\">Laura Yomal<\/td>\n<\/tr>\n<tr>\n<td style=\"width: 131.217px;\" valign=\"top\">Veronica Guerin<\/td>\n<\/tr>\n<tr>\n<td style=\"width: 56.7833px;\" rowspan=\"2\" valign=\"top\">Suplentes<\/td>\n<td style=\"width: 131.217px;\" valign=\"top\">Luciana Gomez<\/td>\n<\/tr>\n<tr>\n<td style=\"width: 131.217px;\" valign=\"top\">Virginia Noe\n<p>\u00a0<\/p>\n<p>Paula Lorenzi<\/p>\n<\/td>\n<\/tr>\n<tr>\n<td style=\"width: 110px;\" rowspan=\"6\" valign=\"top\"><strong>Claustro Estudiantes<\/strong><\/td>\n<td style=\"width: 56.7833px;\" rowspan=\"4\" valign=\"top\">Titulares<\/td>\n<td style=\"width: 131.217px;\" valign=\"top\">Veronica Machiarelli<\/td>\n<\/tr>\n<tr>\n<td style=\"width: 131.217px;\" valign=\"top\">Florencia Sanchez<\/td>\n<\/tr>\n<tr>\n<td style=\"width: 131.217px;\" valign=\"top\">Blanca Liliana Ruiz Diaz Fleitas<\/td>\n<\/tr>\n<tr>\n<td style=\"width: 131.217px;\" valign=\"top\">Maria Giselle Suarez<\/td>\n<\/tr>\n<tr>\n<td style=\"width: 56.7833px;\" rowspan=\"2\" valign=\"top\">Suplentes<\/td>\n<td style=\"width: 131.217px;\" valign=\"top\">Mariana Kebroth<\/td>\n<\/tr>\n<tr>\n<td style=\"width: 131.217px;\" valign=\"top\">Yamila Aguirre<\/td>\n<\/tr>\n<tr>\n<td style=\"width: 110px;\" rowspan=\"2\" valign=\"top\"><strong>Claustro Graduados<\/strong><\/td>\n<td style=\"width: 56.7833px;\" valign=\"top\">Titular<\/td>\n<td style=\"width: 131.217px;\" valign=\"top\">Silvia De Simone<\/td>\n<\/tr>\n<tr>\n<td style=\"width: 56.7833px;\" valign=\"top\">Suplente<\/td>\n<td style=\"width: 131.217px;\" valign=\"top\">Karina Rojas<\/td>\n<\/tr>\n<\/tbody>\n<\/table>\n<\/div>","protected":false},"excerpt":{"rendered":"<p>Art\u00edculo 38 ROM. Es el \u00f3rgano colegiado responsable del desarrollo del proyecto de nivel terciario y de la orientaci\u00f3n, asesoramiento y supervisi\u00f3n de su gesti\u00f3n. Los integrantes de cada claustro son elegidos cada dos a\u00f1os para ejercer sus funciones. Conformaci\u00f3n Consejo Directivo Claustro Docentes Titulares Adriana Fraguas Yolanda Ortiz Pacheco Laura Yomal Veronica Guerin Suplentes &#8230; <a title=\"Consejo Directivo\" class=\"read-more\" href=\"https:\/\/ens5-caba.infd.edu.ar\/sitio\/consejo-directivo\/\" aria-label=\"More on Consejo Directivo\">[+]<\/a><\/p>\n","protected":false},"author":1201,"featured_media":0,"parent":0,"menu_order":0,"comment_status":"closed","ping_status":"closed","template":"","meta":[],"acf":[],"_links":{"self":[{"href":"https:\/\/ens5-caba.infd.edu.ar\/sitio\/wp-json\/wp\/v2\/pages\/1093"}],"collection":[{"href":"https:\/\/ens5-caba.infd.edu.ar\/sitio\/wp-json\/wp\/v2\/pages"}],"about":[{"href":"https:\/\/ens5-caba.infd.edu.ar\/sitio\/wp-json\/wp\/v2\/types\/page"}],"author":[{"embeddable":true,"href":"https:\/\/ens5-caba.infd.edu.ar\/sitio\/wp-json\/wp\/v2\/users\/1201"}],"replies":[{"embeddable":true,"href":"https:\/\/ens5-caba.infd.edu.ar\/sitio\/wp-json\/wp\/v2\/comments?post=1093"}],"version-history":[{"count":9,"href":"https:\/\/ens5-caba.infd.edu.ar\/sitio\/wp-json\/wp\/v2\/pages\/1093\/revisions"}],"predecessor-version":[{"id":5461,"href":"https:\/\/ens5-caba.infd.edu.ar\/sitio\/wp-json\/wp\/v2\/pages\/1093\/revisions\/5461"}],"wp:attachment":[{"href":"https:\/\/ens5-caba.infd.edu.ar\/sitio\/wp-json\/wp\/v2\/media?parent=1093"}],"curies":[{"name":"wp","href":"https:\/\/api.w.org\/{rel}","templated":true}]}}