{"id":1080,"date":"2018-08-29T16:38:09","date_gmt":"2018-08-29T19:38:09","guid":{"rendered":"https:\/\/ens5-caba.infd.edu.ar\/sitio\/deptos-y-coordinaciones\/"},"modified":"2023-08-31T08:56:31","modified_gmt":"2023-08-31T11:56:31","slug":"deptos-y-coordinaciones","status":"publish","type":"page","link":"https:\/\/ens5-caba.infd.edu.ar\/sitio\/deptos-y-coordinaciones\/","title":{"rendered":"Deptos y Coordinaciones"},"content":{"rendered":"<p>El nivel medio trabaja en articulaci\u00f3n con los otros niveles de la instituci\u00f3n, especialmente con el nivel primario y con el terciario, con los cuales se comparten diversos proyectos.<\/p>\n<p>La escuela media, esencialmente trata de integrar una formaci\u00f3n b\u00e1sica\u00a0 de sustentaci\u00f3n cultural para comprender el marco social en el cual se inserta cada persona y para poder adaptarse al mismo. Tambi\u00e9n tiene una funci\u00f3n orientadora y preparatoria para los estudios superiores y para el mundo del trabajo.<\/p>\n<p>Las actividades extracurriculares posibilitadas por el R\u00e9gimen de Profesores por cargo permiten completar las actividades de clase de la escuela media. As\u00ed se ofrecen a los alumnos diversidad de talleres, tanto en el ciclo b\u00e1sico como en el ciclo superior:<\/p>\n<p>Inform\u00e1tica, pl\u00e1stica, m\u00fasica, teatro, escritura, lectura, cocina, huerta, educaci\u00f3n sexual, cuidado de la salud, deportes, coro,\u00a0 juegos de ingenio, viajes, pasant\u00edas, preparaci\u00f3n para el trabajo, etc.<\/p>\n<p>Las actividades de clase disponen de los espacios propicios para el desarrollo de sus tareas: aulas, aulas con gabinetes de video, laboratorio de Biolog\u00eda, laboratorios de F\u00edsica y Qu\u00edmica, aulas de Inform\u00e1tica y Biblioteca. Las actividades deportivas se desarrollan en en Polideportivo California.<\/p>\n<p>Horario de funcionamiento del nivel medio: 7:45 a 12:50.<\/p>\n<p>Las actividades extraescolares suelen desarrollarse en contra turno.<\/p>\n<p>La autoridad del nivel es el Director.<\/p>\n","protected":false},"excerpt":{"rendered":"<p>El nivel medio trabaja en articulaci\u00f3n con los otros niveles de la instituci\u00f3n, especialmente con el nivel primario y con el terciario, con los cuales se comparten diversos proyectos. La escuela media, esencialmente trata de integrar una formaci\u00f3n b\u00e1sica\u00a0 de sustentaci\u00f3n cultural para comprender el marco social en el cual se inserta cada persona y &#8230; <a title=\"Deptos y Coordinaciones\" class=\"read-more\" href=\"https:\/\/ens5-caba.infd.edu.ar\/sitio\/deptos-y-coordinaciones\/\" aria-label=\"More on Deptos y Coordinaciones\">[+]<\/a><\/p>\n","protected":false},"author":1201,"featured_media":0,"parent":0,"menu_order":0,"comment_status":"closed","ping_status":"closed","template":"","meta":[],"acf":[],"_links":{"self":[{"href":"https:\/\/ens5-caba.infd.edu.ar\/sitio\/wp-json\/wp\/v2\/pages\/1080"}],"collection":[{"href":"https:\/\/ens5-caba.infd.edu.ar\/sitio\/wp-json\/wp\/v2\/pages"}],"about":[{"href":"https:\/\/ens5-caba.infd.edu.ar\/sitio\/wp-json\/wp\/v2\/types\/page"}],"author":[{"embeddable":true,"href":"https:\/\/ens5-caba.infd.edu.ar\/sitio\/wp-json\/wp\/v2\/users\/1201"}],"replies":[{"embeddable":true,"href":"https:\/\/ens5-caba.infd.edu.ar\/sitio\/wp-json\/wp\/v2\/comments?post=1080"}],"version-history":[{"count":2,"href":"https:\/\/ens5-caba.infd.edu.ar\/sitio\/wp-json\/wp\/v2\/pages\/1080\/revisions"}],"predecessor-version":[{"id":4768,"href":"https:\/\/ens5-caba.infd.edu.ar\/sitio\/wp-json\/wp\/v2\/pages\/1080\/revisions\/4768"}],"wp:attachment":[{"href":"https:\/\/ens5-caba.infd.edu.ar\/sitio\/wp-json\/wp\/v2\/media?parent=1080"}],"curies":[{"name":"wp","href":"https:\/\/api.w.org\/{rel}","templated":true}]}}