{"id":1070,"date":"2018-08-29T16:38:05","date_gmt":"2018-08-29T19:38:05","guid":{"rendered":"https:\/\/ens5-caba.infd.edu.ar\/sitio\/gestion-de-la-informacion\/"},"modified":"2025-05-13T19:28:20","modified_gmt":"2025-05-13T22:28:20","slug":"gestion-de-la-informacion","status":"publish","type":"page","link":"https:\/\/ens5-caba.infd.edu.ar\/sitio\/gestion-de-la-informacion\/","title":{"rendered":"Gesti\u00f3n de la Informaci\u00f3n"},"content":{"rendered":"<p>REGISTRACI\u00d3N<\/p>\n<p>Si sos Docente de alguno de nuestros cuatro niveles (Inicial, Primario, Medio o Terciario), Egresado o Alumno de nuestros Profesorados (Inicial-PEI o Primario-PNP), te invitamos a que te registres en nuestra base de datos para mantenerte informado sobre las novedades de nuestra Escuela.<br \/>\nSi ya recib\u00eds informaci\u00f3n no te registres.<br \/>\nLos datos suministrados son confidenciales.<\/p>\n<p><a title=\"Gesti\u00f3n de la Informaci\u00f3n (Registraci\u00f3n y Grupos)\" href=\"index.cgi?wid_seccion=28\">Registrate AQU\u00cd<\/a><\/p>\n<p><strong>Atenci\u00f3n<\/strong>:<br \/>\nPor favor agreganos a tu Libreta de Direcciones para evitar que nuestros mails lleguen como Correo No Deseado: ens5de5_gestion@bue.edu.ar<\/p>\n<table border=\"1\" align=\"center\">\n<tbody>\n<tr>\n<td>Equipo:<\/td>\n<td>Prof. Marcelo Sangiovanni<\/td>\n<\/tr>\n<tr>\n<td>Correo electr\u00f3nico:<\/td>\n<td>ens5de5_gestion@bue.edu.ar<\/td>\n<\/tr>\n<\/tbody>\n<\/table>\n","protected":false},"excerpt":{"rendered":"<p>REGISTRACI\u00d3N Si sos Docente de alguno de nuestros cuatro niveles (Inicial, Primario, Medio o Terciario), Egresado o Alumno de nuestros Profesorados (Inicial-PEI o Primario-PNP), te invitamos a que te registres en nuestra base de datos para mantenerte informado sobre las novedades de nuestra Escuela. Si ya recib\u00eds informaci\u00f3n no te registres. Los datos suministrados son &#8230; <a title=\"Gesti\u00f3n de la Informaci\u00f3n\" class=\"read-more\" href=\"https:\/\/ens5-caba.infd.edu.ar\/sitio\/gestion-de-la-informacion\/\" aria-label=\"More on Gesti\u00f3n de la Informaci\u00f3n\">[+]<\/a><\/p>\n","protected":false},"author":1201,"featured_media":0,"parent":0,"menu_order":0,"comment_status":"closed","ping_status":"closed","template":"","meta":[],"acf":[],"_links":{"self":[{"href":"https:\/\/ens5-caba.infd.edu.ar\/sitio\/wp-json\/wp\/v2\/pages\/1070"}],"collection":[{"href":"https:\/\/ens5-caba.infd.edu.ar\/sitio\/wp-json\/wp\/v2\/pages"}],"about":[{"href":"https:\/\/ens5-caba.infd.edu.ar\/sitio\/wp-json\/wp\/v2\/types\/page"}],"author":[{"embeddable":true,"href":"https:\/\/ens5-caba.infd.edu.ar\/sitio\/wp-json\/wp\/v2\/users\/1201"}],"replies":[{"embeddable":true,"href":"https:\/\/ens5-caba.infd.edu.ar\/sitio\/wp-json\/wp\/v2\/comments?post=1070"}],"version-history":[{"count":7,"href":"https:\/\/ens5-caba.infd.edu.ar\/sitio\/wp-json\/wp\/v2\/pages\/1070\/revisions"}],"predecessor-version":[{"id":5645,"href":"https:\/\/ens5-caba.infd.edu.ar\/sitio\/wp-json\/wp\/v2\/pages\/1070\/revisions\/5645"}],"wp:attachment":[{"href":"https:\/\/ens5-caba.infd.edu.ar\/sitio\/wp-json\/wp\/v2\/media?parent=1070"}],"curies":[{"name":"wp","href":"https:\/\/api.w.org\/{rel}","templated":true}]}}