{"id":1068,"date":"2018-08-29T16:38:04","date_gmt":"2018-08-29T19:38:04","guid":{"rendered":"https:\/\/ens5-caba.infd.edu.ar\/sitio\/cooperadora\/"},"modified":"2024-02-08T17:53:55","modified_gmt":"2024-02-08T20:53:55","slug":"cooperadora","status":"publish","type":"page","link":"https:\/\/ens5-caba.infd.edu.ar\/sitio\/cooperadora\/","title":{"rendered":"Cooperadora"},"content":{"rendered":"<p>La Asociaci\u00f3n Cooperadora ha pasado a cumplir un rol esencial en el trabajo de la escuela. La colaboraci\u00f3n permanente de esta asociaci\u00f3n de padres permite que la instituci\u00f3n pueda desarrollar su tarea en excelentes condiciones.<\/p>\n<p>La Asociaci\u00f3n Cooperadora se preocupa por la limpieza y el mantenimiento del edificio escolar. Ayuda para tener el mejor equipamiento en los espacios de trabajo y provee el material did\u00e1ctico y de escritorio necesario para la tarea escolar.<\/p>\n<p><strong>Comisi\u00f3n Directiva 2023\/2024<\/strong><\/p>\n<p><strong>Presidente:<\/strong>\u00a0Lema, Lautaro<\/p>\n<p><strong>Secretaria:<\/strong> Moreno, Susana<\/p>\n<p><strong>Tesorero:<\/strong>\u00a0Bernini, Mariano Javier<\/p>\n<p><strong>Vocal 1\u00b0:<\/strong> Hayes, Ines<\/p>\n<p><strong>Vocal 2\u00b0:<\/strong> Veiga, Mariano<\/p>\n<p><strong>Vocal 3\u00b0:<\/strong> Zitrynovitch, Andrea<\/p>\n<p><strong>COMISION REVISADORA DE CUENTAS:<\/strong><\/p>\n<p><strong>TITULAR 1:<\/strong> Melmhan, Silvio<\/p>\n<p><strong>TITULAR 2:<\/strong> Sanchez, Gabriela<\/p>\n<p>NOMINA DE INTEGRANTES DE LA COMISI\u00d3N REVISORA DE CUENTAS Y FISCALIZADORA CORRESPONDIENTE AL PERIODO 2017<\/p>\n<p>TITULAR 1:\u00a0Biloni, Eduardo<\/p>\n<p>TITULAR 2:\u00a0Melnik, Horacio<\/p>\n<p>SUPLENTE:\u00a0Mehlman, Silvio<\/p>\n<hr \/>\n<h4 style=\"text-align: center;\"><a href=\"https:\/\/ens5-caba.infd.edu.ar\/sitio\/wp-content\/uploads\/2022\/03\/Manual-Cooperadoras-Final.pdf\" target=\"_blank\" rel=\"noopener\"><strong>MANUAL PARA COOPERADORAS CABA<\/strong><\/a><\/h4>\n<hr \/>\n<p style=\"text-align: center;\">En la direcci\u00f3n de correo electr\u00f3nico<br \/>\n<strong>cooperadora.ens5de5@bue.edu.ar<\/strong><br \/>\nse recibir\u00e1n las inquietudes relacionadas con el funcionamiento de la Asociaci\u00f3n<br \/>\ny los socios podr\u00e1n solicitar informaci\u00f3n de las actividades.<\/p>\n<hr \/>\n<p style=\"text-align: center;\">Estimadas familias:<br \/>\ndesde la Cooperadora hemos abierto una nueva v\u00eda de comunicaci\u00f3n.<br \/>\nLos invitamos a seguirnos en:<br \/>\n<a href=\"https:\/\/www.instagram.com\/cooperadoranormal5\/\">https:\/\/www.instagram.com\/cooperadoranormal5\/<\/a><\/p>\n","protected":false},"excerpt":{"rendered":"<p>La Asociaci\u00f3n Cooperadora ha pasado a cumplir un rol esencial en el trabajo de la escuela. La colaboraci\u00f3n permanente de esta asociaci\u00f3n de padres permite que la instituci\u00f3n pueda desarrollar su tarea en excelentes condiciones. La Asociaci\u00f3n Cooperadora se preocupa por la limpieza y el mantenimiento del edificio escolar. Ayuda para tener el mejor equipamiento &#8230; <a title=\"Cooperadora\" class=\"read-more\" href=\"https:\/\/ens5-caba.infd.edu.ar\/sitio\/cooperadora\/\" aria-label=\"More on Cooperadora\">[+]<\/a><\/p>\n","protected":false},"author":1201,"featured_media":0,"parent":0,"menu_order":0,"comment_status":"closed","ping_status":"closed","template":"","meta":[],"acf":[],"_links":{"self":[{"href":"https:\/\/ens5-caba.infd.edu.ar\/sitio\/wp-json\/wp\/v2\/pages\/1068"}],"collection":[{"href":"https:\/\/ens5-caba.infd.edu.ar\/sitio\/wp-json\/wp\/v2\/pages"}],"about":[{"href":"https:\/\/ens5-caba.infd.edu.ar\/sitio\/wp-json\/wp\/v2\/types\/page"}],"author":[{"embeddable":true,"href":"https:\/\/ens5-caba.infd.edu.ar\/sitio\/wp-json\/wp\/v2\/users\/1201"}],"replies":[{"embeddable":true,"href":"https:\/\/ens5-caba.infd.edu.ar\/sitio\/wp-json\/wp\/v2\/comments?post=1068"}],"version-history":[{"count":7,"href":"https:\/\/ens5-caba.infd.edu.ar\/sitio\/wp-json\/wp\/v2\/pages\/1068\/revisions"}],"predecessor-version":[{"id":5127,"href":"https:\/\/ens5-caba.infd.edu.ar\/sitio\/wp-json\/wp\/v2\/pages\/1068\/revisions\/5127"}],"wp:attachment":[{"href":"https:\/\/ens5-caba.infd.edu.ar\/sitio\/wp-json\/wp\/v2\/media?parent=1068"}],"curies":[{"name":"wp","href":"https:\/\/api.w.org\/{rel}","templated":true}]}}