{"id":1064,"date":"2018-08-29T16:38:03","date_gmt":"2018-08-29T19:38:03","guid":{"rendered":"https:\/\/ens5-caba.infd.edu.ar\/sitio\/patrono\/"},"modified":"2024-06-19T18:58:08","modified_gmt":"2024-06-19T21:58:08","slug":"patrono","status":"publish","type":"page","link":"https:\/\/ens5-caba.infd.edu.ar\/sitio\/patrono\/","title":{"rendered":"Patrono"},"content":{"rendered":"<p>Naci\u00f3 en 1785 y fue bautizado bajo el nombre de Juan Mart\u00edn Miguel de Mata (apodado m\u00e1s tarde por sus compa\u00f1eros de tropa como Mart\u00edn Miguel de G\u00fcemes). Era hijo de un alto funcionario espa\u00f1ol. Se inici\u00f3 en la milicia a los 14 a\u00f1os.<\/p>\n<p>Apenas cumplidos sus 21 a\u00f1os de edad, G\u00fcemes particip\u00f3 de la defensa de Buenos Aires (bajo el mando de Santiago de Liniers) durante las invasiones inglesas.<\/p>\n<p>Por su buen desempe\u00f1o en la lucha contra los ingleses, G\u00fcemes fue ascendido a Capit\u00e1n del Quinto Regimiento de Infanter\u00eda en Salta. All\u00ed reuni\u00f3 un ej\u00e9rcito integrado por gauchos experimentados en la lucha a campo abierto. Con \u00e9l, puso en fuga a la vanguardia realista del Alto Per\u00fa al mando del General Nieto.<\/p>\n<p>Retorn\u00f3 a Salta, desde donde brind\u00f3 ayuda a las campa\u00f1as emancipadoras e independentistas.<\/p>\n<p>Muri\u00f3 en batalla contra una partida de soldados realistas en el a\u00f1o 1821.<\/p>\n<p>\u00a0<\/p>\n\n\n<figure class=\"wp-block-audio\"><audio controls src=\"https:\/\/ens5-caba.infd.edu.ar\/sitio\/wp-content\/uploads\/2024\/02\/Himno_Guemes.mp3\"><\/audio><figcaption class=\"wp-element-caption\"><strong><mark style=\"background-color:rgba(0, 0, 0, 0)\" class=\"has-inline-color has-accent-color\">Himno a G\u00fcemes<\/mark><\/strong>  <\/figcaption><\/figure>\n\n\n\n<figure class=\"wp-block-audio\"><audio controls src=\"https:\/\/ens5-caba.infd.edu.ar\/sitio\/wp-content\/uploads\/2024\/06\/Chacarera-de-mi-Jardin.mp3\"><\/audio><\/figure>\n\n\n\n<p><strong>Chacarera de mi Jard\u00edn<\/strong><\/p>\n\n\n\n<p><strong> LETRA: <\/strong><a href=\"https:\/\/ens5-caba.infd.edu.ar\/sitio\/wp-content\/uploads\/2024\/06\/CHACARERA-DE-MI-JARDIN.pdf\" data-type=\"URL\" data-id=\"https:\/\/ens5-caba.infd.edu.ar\/sitio\/wp-content\/uploads\/2024\/06\/CHACARERA-DE-MI-JARDIN.pdf\" target=\"_blank\" rel=\"noreferrer noopener\">https:\/\/ens5-caba.infd.edu.ar\/sitio\/wp-content\/uploads\/2024\/06\/CHACARERA-DE-MI-JARDIN.pdf<\/a><\/p>\n","protected":false},"excerpt":{"rendered":"<p>Naci\u00f3 en 1785 y fue bautizado bajo el nombre de Juan Mart\u00edn Miguel de Mata (apodado m\u00e1s tarde por sus compa\u00f1eros de tropa como Mart\u00edn Miguel de G\u00fcemes). Era hijo de un alto funcionario espa\u00f1ol. Se inici\u00f3 en la milicia a los 14 a\u00f1os. Apenas cumplidos sus 21 a\u00f1os de edad, G\u00fcemes particip\u00f3 de la &#8230; <a title=\"Patrono\" class=\"read-more\" href=\"https:\/\/ens5-caba.infd.edu.ar\/sitio\/patrono\/\" aria-label=\"More on Patrono\">[+]<\/a><\/p>\n","protected":false},"author":1201,"featured_media":0,"parent":0,"menu_order":0,"comment_status":"closed","ping_status":"closed","template":"","meta":[],"acf":[],"_links":{"self":[{"href":"https:\/\/ens5-caba.infd.edu.ar\/sitio\/wp-json\/wp\/v2\/pages\/1064"}],"collection":[{"href":"https:\/\/ens5-caba.infd.edu.ar\/sitio\/wp-json\/wp\/v2\/pages"}],"about":[{"href":"https:\/\/ens5-caba.infd.edu.ar\/sitio\/wp-json\/wp\/v2\/types\/page"}],"author":[{"embeddable":true,"href":"https:\/\/ens5-caba.infd.edu.ar\/sitio\/wp-json\/wp\/v2\/users\/1201"}],"replies":[{"embeddable":true,"href":"https:\/\/ens5-caba.infd.edu.ar\/sitio\/wp-json\/wp\/v2\/comments?post=1064"}],"version-history":[{"count":3,"href":"https:\/\/ens5-caba.infd.edu.ar\/sitio\/wp-json\/wp\/v2\/pages\/1064\/revisions"}],"predecessor-version":[{"id":5340,"href":"https:\/\/ens5-caba.infd.edu.ar\/sitio\/wp-json\/wp\/v2\/pages\/1064\/revisions\/5340"}],"wp:attachment":[{"href":"https:\/\/ens5-caba.infd.edu.ar\/sitio\/wp-json\/wp\/v2\/media?parent=1064"}],"curies":[{"name":"wp","href":"https:\/\/api.w.org\/{rel}","templated":true}]}}