{"id":1062,"date":"2018-08-29T16:38:02","date_gmt":"2018-08-29T19:38:02","guid":{"rendered":"https:\/\/ens5-caba.infd.edu.ar\/sitio\/edificio\/"},"modified":"2020-04-22T13:15:56","modified_gmt":"2020-04-22T16:15:56","slug":"edificio","status":"publish","type":"page","link":"https:\/\/ens5-caba.infd.edu.ar\/sitio\/edificio\/","title":{"rendered":"Edificio"},"content":{"rendered":"<p>La escuela conserva lo esencial de su estructura edilicia: dos pabellones altos y bajos unidos por un largo sal\u00f3n de actos cuyas puertas se abren sobre un ancho corredor que se contin\u00faa en el patio de recreo.<\/p>\n<p>Un jard\u00edn separaba la casa particular de la Directora del resto del edificio. En ese espacio se construye m\u00e1s tarde un gimnasio y se habilitan nuevas aulas en las que comienza a funcionar el Jard\u00edn de Infantes.<\/p>\n<p>En 1961, el Jard\u00edn de Infantes, que hab\u00eda sido creado en 1942, ocupa la totalidad de la casa primitivamente destinada a la vivienda de la Directora de la escuela.<\/p>\n<p>En 1972, se construyen los laboratorios de f\u00edsica y qu\u00edmica que introducen una de las m\u00e1s importantes reformas del colegio: la construcci\u00f3n\u00a0 determina el cerramiento del patio de juegos.<\/p>\n<p>Nuestro patio sufri\u00f3 varios cambios a partir de su creaci\u00f3n hasta la actualidad.<\/p>\n<p>Desde 1909 la Escuela contaba con un patio descubierto que ten\u00eda como separaci\u00f3n de la calle una simple reja de metal. Despu\u00e9s se incorpor\u00f3 un pared\u00f3n de cemento con tejas rojas.<\/p>\n<p>En 1972 cuando la Escuela pasa a depender del Ministerio de Justicia e Instrucci\u00f3n P\u00fablica, se hace la \u00faltima y m\u00e1s importante reforma: con la incorporaci\u00f3n de los laboratorios de F\u00edsica y Qu\u00edmica, el patio se transforma en un gimnasio techado.<\/p>\n<p>El sal\u00f3n de actos tambi\u00e9n conserva sus rasgos originales. Est\u00e1 revestido de boisserie en sus paredes laterales y las antiguas aberturas poseen las puertas con los postigos y las ventanas con las persianas del tiempo de su fundaci\u00f3n.<\/p>\n<p>El escenario ha brindado la posibilidad para el\u00a0 teatro, la m\u00fasica y la danza .<\/p>\n<p>Desde 1960, la escuela concret\u00f3 planes de acercamiento al mundo del teatro. \u201cEducaci\u00f3n del adolescente como espectador\u201d fue uno de los proyectos que inici\u00f3 esta actividad. As\u00ed este modesto escenario tuvo el honor de ver actuar a Luisa Vehil y la comedia nacional, entre las primeras experiencias realizadas.<\/p>\n<p>La biblioteca principal de la Escuela Normal N\u00ba 5 se conserva con sus caracter\u00edsticas originales: \u00edntegramente revestida en madera y con muebles de la tradicional Maple: anaqueles, mesas, sillas. Su escalera interna le permite acceder a un primer nivel. Tambi\u00e9n conserva una de las salamandras originales del edificio escolar.<\/p>\n<p>En la actualidad posee 14.698 vol\u00famenes y es centro de informaci\u00f3n.<\/p>\n<p>Su actividad es intensa : funciona en\u00a0 turno ma\u00f1ana y tarde.<\/p>\n<p>Tambi\u00e9n hay salas de biblioteca en el Jard\u00edn de Infantes y en el Departamento de Aplicaci\u00f3n.<\/p>\n<hr \/>\n<p>Por\u00a0<a title=\"Decreto_1288-2015\" href=\"https:\/\/ens5-caba.infd.edu.ar\/sitio\/upload\/Decreto_1288-2015.pdf\" target=\"_blank\" rel=\"noopener\">decreto 1288\/2015<\/a>\u00a0el edificio de nuestra escuela\u00a0fue declarado Monumento Hist\u00f3rico Nacional.<\/p>\n<p>La comunidad educativa espera su puesta en valor<\/p>\n<table class=\"egt\">\n<tbody>\n<tr>\n<td>\n<h4 style=\"text-align: center;\">Antes<\/h4>\n<p><strong><img decoding=\"async\" loading=\"lazy\" class=\"aligncenter\" title=\"escuela_historica\" src=\"https:\/\/ens5-caba.infd.edu.ar\/sitio\/wp-content\/uploads\/2018\/08\/escuela_historica.jpg\" alt=\"escuela_historica\" width=\"403\" height=\"289\" border=\"0\" \/><\/strong><\/td>\n<td>\n<h4 style=\"text-align: center;\">Ahora<\/h4>\n<p><strong><img decoding=\"async\" loading=\"lazy\" class=\"aligncenter\" title=\"escuela_actual\" src=\"https:\/\/ens5-caba.infd.edu.ar\/sitio\/wp-content\/uploads\/2018\/08\/escuela_actual.jpg\" alt=\"escuela_actual\" width=\"428\" height=\"289\" border=\"0\" \/><\/strong><\/td>\n<\/tr>\n<\/tbody>\n<\/table>\n<p><b>\u00a0<\/b><\/p>\n","protected":false},"excerpt":{"rendered":"<p>La escuela conserva lo esencial de su estructura edilicia: dos pabellones altos y bajos unidos por un largo sal\u00f3n de actos cuyas puertas se abren sobre un ancho corredor que se contin\u00faa en el patio de recreo. Un jard\u00edn separaba la casa particular de la Directora del resto del edificio. En ese espacio se construye &#8230; <a title=\"Edificio\" class=\"read-more\" href=\"https:\/\/ens5-caba.infd.edu.ar\/sitio\/edificio\/\" aria-label=\"More on Edificio\">[+]<\/a><\/p>\n","protected":false},"author":1201,"featured_media":0,"parent":0,"menu_order":0,"comment_status":"closed","ping_status":"closed","template":"","meta":[],"acf":[],"_links":{"self":[{"href":"https:\/\/ens5-caba.infd.edu.ar\/sitio\/wp-json\/wp\/v2\/pages\/1062"}],"collection":[{"href":"https:\/\/ens5-caba.infd.edu.ar\/sitio\/wp-json\/wp\/v2\/pages"}],"about":[{"href":"https:\/\/ens5-caba.infd.edu.ar\/sitio\/wp-json\/wp\/v2\/types\/page"}],"author":[{"embeddable":true,"href":"https:\/\/ens5-caba.infd.edu.ar\/sitio\/wp-json\/wp\/v2\/users\/1201"}],"replies":[{"embeddable":true,"href":"https:\/\/ens5-caba.infd.edu.ar\/sitio\/wp-json\/wp\/v2\/comments?post=1062"}],"version-history":[{"count":3,"href":"https:\/\/ens5-caba.infd.edu.ar\/sitio\/wp-json\/wp\/v2\/pages\/1062\/revisions"}],"predecessor-version":[{"id":2084,"href":"https:\/\/ens5-caba.infd.edu.ar\/sitio\/wp-json\/wp\/v2\/pages\/1062\/revisions\/2084"}],"wp:attachment":[{"href":"https:\/\/ens5-caba.infd.edu.ar\/sitio\/wp-json\/wp\/v2\/media?parent=1062"}],"curies":[{"name":"wp","href":"https:\/\/api.w.org\/{rel}","templated":true}]}}