{"id":1055,"date":"2018-08-29T16:37:59","date_gmt":"2018-08-29T19:37:59","guid":{"rendered":"https:\/\/ens5-caba.infd.edu.ar\/sitio\/historia\/"},"modified":"2024-12-16T19:42:54","modified_gmt":"2024-12-16T22:42:54","slug":"historia","status":"publish","type":"page","link":"https:\/\/ens5-caba.infd.edu.ar\/sitio\/historia\/","title":{"rendered":"Historia"},"content":{"rendered":"<p>El acta de fundaci\u00f3n consigna la planta funcional completa de la Escuela Normal y de su Departamento de Aplicaci\u00f3n.<\/p>\n<p>La escuela nace encuadrada por los principios de la Ley 1420 (1884) seg\u00fan la cual se determina que \u201cLos diplomas de maestros de la ense\u00f1anza primaria en cualquiera de sus grados, ser\u00e1n expedidos por las Escuelas Normales de la Naci\u00f3n o de las Provincias&#8230;\u201d<br \/>\n(art. 25).<\/p>\n<p>Las clases se iniciaron el 1\u00b0 de mayo de 1909 en el edificio que aun hoy ocupa, en la calle Arcamendia 743. Arcamendia y Su\u00e1rez. Junto al puente por donde pasan los trenes que van y vienen del sur.<\/p>\n<p>La directora fundadora fue la profesora Clotilde Guill\u00e9n de Rezzano, que le\u00a0 imprimi\u00f3 desde su fundaci\u00f3n la fuerza de su esp\u00edritu innovador y comprometido con la educaci\u00f3n de su pa\u00eds. Ella misma fue quien organiz\u00f3 la instituci\u00f3n.<\/p>\n<p>La Doctora Rezzano se preocup\u00f3 por adaptar a las caracter\u00edsticas y necesidades de nuestro medio los postulados pedag\u00f3gicos y las concepciones doctrinarias de inminentes pedagogos europeos, como Mar\u00eda Montessori y Ovidio Decroly. De su ensayo, surgi\u00f3 la introducci\u00f3n en el pa\u00eds de los \u201ccentros de inter\u00e9s\u201d, que ella adopt\u00f3 para los primeros grados del Departamento de Aplicaci\u00f3n de la Escuela Normal N\u00ba 5.<\/p>\n<p>A su fecunda y creativa actividad se deben adem\u00e1s las tentativas de aplicaci\u00f3n del \u201cPlan Dalton\u201d, llevadas a la pr\u00e1ctica en algunas asignaturas de los \u00faltimos grados de la escuela primaria.<\/p>\n<p>La\u00a0 escuela normal, posteriormente regulada por decretos del Poder Ejecutivo, se conform\u00f3 con un ciclo b\u00e1sico igual que el bachillerato y un ciclo superior de Magisterio.<\/p>\n<p>En la actualidad, la Escuela Normal Superior N\u00ba 5, \u201cGral. Mart\u00edn Miguel de G\u00fcemes\u201d abarca todos los niveles de la ense\u00f1anza: inicial, primaria, media y terciaria.<\/p>\n<p>La Escuela Normal 5, como las once escuelas normales de la ciudad, son las \u00fanicas escuelas p\u00fablicas que ofrecen, en esta jurisdicci\u00f3n, la posibilidad de que un alumno pueda transitar los diferentes niveles de la ense\u00f1anza en una misma instituci\u00f3n.<\/p>\n<p>Todos los niveles trabajan en unidad acad\u00e9mica, con un proyecto institucional que articula la tarea de todos, con cohesi\u00f3n e integraci\u00f3n de los mismos.<\/p>\n<p>La Escuela Normal Superior N\u00ba 5 es una escuela tradicional por su historia, pero innovadora porque siempre ha elegido la participaci\u00f3n en todas las propuestas de renovaci\u00f3n. Y estas decisiones de las sucesivas autoridades del establecimiento fueron tomadas, fundamentadas y aprovechadas para propiciar en los docentes el desarrollo de inquietudes tendientes a generar estrategias que posibilitaran una mejor calidad de la ense\u00f1anza.<\/p>\n<p>RECTORES:<\/p>\n<p>* Clotilde Guill\u00e9n de Rezzano: 16\/02\/09 al 31\/10\/32<\/p>\n<p>* Sra. de L\u00f3pez : 01\/11\/32 al 07\/09\/33<\/p>\n<p>* Matilde de Del Castillo: 08\/09\/33 al 30\/05\/40<\/p>\n<p>* Mar\u00eda Elena Rocha de Lorda: 01\/06\/40 al 28\/10\/40<\/p>\n<p>* Josefina Quiroga: 29\/10\/40 al 30\/04\/48<\/p>\n<p>* Carolina Pina Mom de Conforte: 01\/05\/48 al 31\/05\/49<\/p>\n<p>* Lucrecia Carmen De Segre: 01\/06\/49 al 13\/12\/53<\/p>\n<p>* Eva Rossi de Ackerman: 14\/12\/53 al 31\/08\/59<\/p>\n<p>* Amanda L\u00f3pez de L\u00f3pez Silva: 01\/09\/59 al 31\/07\/68<\/p>\n<p>* Renee Hardy de Chaneton: 01\/08\/68 al 28\/02\/90<\/p>\n<p>* Teresita Stampalia de Etcheverry: 01\/03\/90 al 26\/02\/91<\/p>\n<p>* Marina Elorrieta de Pizzoli: 27\/02\/91 al 31\/03\/92<\/p>\n<p>* Mar\u00eda In\u00e9s Vallarino de Isaac: 01\/04\/92 al 15\/03\/2008<\/p>\n<p>* Laura Salom\u00e9 Russian: 18\/03\/2008 al 07\/06\/2017<\/p>\n<p>* Rosana Carl\u00e9s: 08\/06\/2017 al 08\/06\/2021<\/p>\n<p>* David Sosa 13\/10\/2021 al 30\/08\/2024<\/p>\n<p>* Viviana Alonso 14\/10\/24 hasta la actualidad<\/p>\n","protected":false},"excerpt":{"rendered":"<p>El acta de fundaci\u00f3n consigna la planta funcional completa de la Escuela Normal y de su Departamento de Aplicaci\u00f3n. La escuela nace encuadrada por los principios de la Ley 1420 (1884) seg\u00fan la cual se determina que \u201cLos diplomas de maestros de la ense\u00f1anza primaria en cualquiera de sus grados, ser\u00e1n expedidos por las Escuelas &#8230; <a title=\"Historia\" class=\"read-more\" href=\"https:\/\/ens5-caba.infd.edu.ar\/sitio\/historia\/\" aria-label=\"More on Historia\">[+]<\/a><\/p>\n","protected":false},"author":1201,"featured_media":0,"parent":0,"menu_order":0,"comment_status":"closed","ping_status":"closed","template":"","meta":[],"acf":[],"_links":{"self":[{"href":"https:\/\/ens5-caba.infd.edu.ar\/sitio\/wp-json\/wp\/v2\/pages\/1055"}],"collection":[{"href":"https:\/\/ens5-caba.infd.edu.ar\/sitio\/wp-json\/wp\/v2\/pages"}],"about":[{"href":"https:\/\/ens5-caba.infd.edu.ar\/sitio\/wp-json\/wp\/v2\/types\/page"}],"author":[{"embeddable":true,"href":"https:\/\/ens5-caba.infd.edu.ar\/sitio\/wp-json\/wp\/v2\/users\/1201"}],"replies":[{"embeddable":true,"href":"https:\/\/ens5-caba.infd.edu.ar\/sitio\/wp-json\/wp\/v2\/comments?post=1055"}],"version-history":[{"count":9,"href":"https:\/\/ens5-caba.infd.edu.ar\/sitio\/wp-json\/wp\/v2\/pages\/1055\/revisions"}],"predecessor-version":[{"id":5588,"href":"https:\/\/ens5-caba.infd.edu.ar\/sitio\/wp-json\/wp\/v2\/pages\/1055\/revisions\/5588"}],"wp:attachment":[{"href":"https:\/\/ens5-caba.infd.edu.ar\/sitio\/wp-json\/wp\/v2\/media?parent=1055"}],"curies":[{"name":"wp","href":"https:\/\/api.w.org\/{rel}","templated":true}]}}