{"id":1053,"date":"2018-08-29T16:37:59","date_gmt":"2018-08-29T19:37:59","guid":{"rendered":"https:\/\/ens5-caba.infd.edu.ar\/sitio\/autoridades\/"},"modified":"2026-03-21T12:20:34","modified_gmt":"2026-03-21T15:20:34","slug":"autoridades","status":"publish","type":"page","link":"https:\/\/ens5-caba.infd.edu.ar\/sitio\/autoridades\/","title":{"rendered":"Autoridades"},"content":{"rendered":"<h2>CONSEJO DE UNIDAD ACAD\u00c9MICA (CUA)<\/h2>\n<table style=\"height: 378px;\" border=\"0\" width=\"895\">\n<tbody>\n<tr>\n<td><strong>RECTORA<\/strong>: Prof. Viviana <strong>Alonso<\/strong><\/td>\n<\/tr>\n<tr>\n<td><strong>VICERRECTOR\/A<\/strong>:\u00a0<\/td>\n<\/tr>\n<tr>\n<td><strong>VICERRECTOR<\/strong>:\u00a0<\/td>\n<\/tr>\n<tr>\n<td><strong>Regente del Nivel Terciario<\/strong>:<\/td>\n<\/tr>\n<tr>\n<td><strong>Directora del Nivel Medio<\/strong>: Prof. Myrka Yasmin <strong>Bitar<\/strong><\/td>\n<\/tr>\n<tr>\n<td><strong>Vicedirectora del Nivel Medio<\/strong>: Prof. Victoria <strong>Mancuso<\/strong><\/td>\n<\/tr>\n<tr>\n<td><strong>Regente del Nivel Primario<\/strong>: Prof. Mar\u00eda de los \u00c1ngeles <strong>\u00c1balo<\/strong> \/ <strong>Supl. <\/strong>Prof. Mar\u00eda<strong> Longueira<\/strong><\/td>\n<\/tr>\n<tr>\n<td><strong>Subregente del Nivel Primario<\/strong>: Prof. Mar\u00eda <strong>Longueira \/<\/strong> <strong>Supl.<\/strong> Prof. Geraldine<strong> Pettis<\/strong>\n<p>\u00a0<\/p>\n<p><strong>Secretaria del Nivel Primario:<\/strong> Prof. Mariana<strong> Ortega<\/strong><\/p>\n<\/td>\n<\/tr>\n<tr>\n<td><strong>Directora del Nivel Inicial<\/strong>: Prof. Julieta <strong>Garcia Artal<\/strong><\/td>\n<\/tr>\n<tr>\n<td><strong>Vicedirectora del Nivel Inicial<\/strong>: Prof. Mar\u00eda Bel\u00e9n <strong>Varrone<\/strong>\n<p>\u00a0<\/p>\n<p><strong>Secretaria del Nivel Inicial:<\/strong> Prof. Sandra Tolaba<\/p>\n<\/td>\n<\/tr>\n<\/tbody>\n<\/table>\n\n\n<h2 class=\"wp-block-heading\">Sector Administrativo<\/h2>\n\n\n\n<p><strong>Secretario del Nivel Terciario:<\/strong> Gabriela <strong>Slavich<\/strong><\/p>\n\n\n\n<p><strong>Prosecretaria:<\/strong> Gabriela <strong>Slavich<\/strong>\/ Macarena <strong>Straniero<\/strong><\/p>\n\n\n\n<p><strong>Prosecretaria del Nivel Medio: <\/strong>Sofia <strong>Chabarria<\/strong><\/p>\n","protected":false},"excerpt":{"rendered":"<p>CONSEJO DE UNIDAD ACAD\u00c9MICA (CUA) RECTORA: Prof. Viviana Alonso VICERRECTOR\/A:\u00a0 VICERRECTOR:\u00a0 Regente del Nivel Terciario: Directora del Nivel Medio: Prof. Myrka Yasmin Bitar Vicedirectora del Nivel Medio: Prof. Victoria Mancuso Regente del Nivel Primario: Prof. Mar\u00eda de los \u00c1ngeles \u00c1balo \/ Supl. Prof. Mar\u00eda Longueira Subregente del Nivel Primario: Prof. Mar\u00eda Longueira \/ Supl. Prof. &#8230; <a title=\"Autoridades\" class=\"read-more\" href=\"https:\/\/ens5-caba.infd.edu.ar\/sitio\/autoridades\/\" aria-label=\"More on Autoridades\">[+]<\/a><\/p>\n","protected":false},"author":1201,"featured_media":0,"parent":0,"menu_order":0,"comment_status":"closed","ping_status":"closed","template":"","meta":[],"acf":[],"_links":{"self":[{"href":"https:\/\/ens5-caba.infd.edu.ar\/sitio\/wp-json\/wp\/v2\/pages\/1053"}],"collection":[{"href":"https:\/\/ens5-caba.infd.edu.ar\/sitio\/wp-json\/wp\/v2\/pages"}],"about":[{"href":"https:\/\/ens5-caba.infd.edu.ar\/sitio\/wp-json\/wp\/v2\/types\/page"}],"author":[{"embeddable":true,"href":"https:\/\/ens5-caba.infd.edu.ar\/sitio\/wp-json\/wp\/v2\/users\/1201"}],"replies":[{"embeddable":true,"href":"https:\/\/ens5-caba.infd.edu.ar\/sitio\/wp-json\/wp\/v2\/comments?post=1053"}],"version-history":[{"count":31,"href":"https:\/\/ens5-caba.infd.edu.ar\/sitio\/wp-json\/wp\/v2\/pages\/1053\/revisions"}],"predecessor-version":[{"id":5923,"href":"https:\/\/ens5-caba.infd.edu.ar\/sitio\/wp-json\/wp\/v2\/pages\/1053\/revisions\/5923"}],"wp:attachment":[{"href":"https:\/\/ens5-caba.infd.edu.ar\/sitio\/wp-json\/wp\/v2\/media?parent=1053"}],"curies":[{"name":"wp","href":"https:\/\/api.w.org\/{rel}","templated":true}]}}