{"id":1046,"date":"2018-08-29T16:37:56","date_gmt":"2018-08-29T19:37:56","guid":{"rendered":"https:\/\/ens5-caba.infd.edu.ar\/sitio\/equipo-situaciones-criticas\/"},"modified":"2022-11-17T12:24:55","modified_gmt":"2022-11-17T15:24:55","slug":"equipo-situaciones-criticas","status":"publish","type":"page","link":"https:\/\/ens5-caba.infd.edu.ar\/sitio\/equipo-situaciones-criticas\/","title":{"rendered":"Equipo Situaciones Cr\u00edticas"},"content":{"rendered":"<p style=\"text-align: left;\">\n<div id=\"yiv6127651103yui_3_16_0_ym19_1_1525776296013_3932\" class=\"yiv6127651103MsoNormal\" style=\"text-align: justify;\"><span id=\"yiv6127651103yui_3_16_0_ym19_1_1525776296013_3931\" style=\"font-size: 12pt;\">Desde hace muchos a\u00f1os la Escuela Normal N\u00b05 cuenta con un espacio de participaci\u00f3n que representa a los diferentes niveles y claustros de la Comunidad Educativa, personal de servicios generales y familias. Este espacio ha tenido el objetivo de resolver situaciones complejas que impactaran sobre la Escuela de manera directa e indirecta. As\u00ed se tomaron cuestiones como la repercusi\u00f3n al interior de la instituci\u00f3n de la crisis del 2001, la Gripe A, el Dengue, las amenazas de bomba en distintos per\u00edodos, problemas de infraestructura y plagas.<\/span><\/div>\n<div id=\"yiv6127651103yui_3_16_0_ym19_1_1525776296013_3939\" class=\"yiv6127651103MsoNormal\" style=\"text-align: justify;\"><span id=\"yiv6127651103yui_3_16_0_ym19_1_1525776296013_3938\" style=\"font-size: 12pt;\">A partir de 2016, este espacio de participaci\u00f3n adquiri\u00f3&nbsp; un formato organizado, d\u00e1ndosele el nombre de <strong id=\"yiv6127651103yui_3_16_0_ym19_1_1525776296013_3940\"> Equipo de anticipaci\u00f3n e intervenci\u00f3n en situaciones cr\u00edticas.<\/strong><\/span><\/div>\n<div id=\"yiv6127651103yui_3_16_0_ym19_1_1525776296013_3942\" class=\"yiv6127651103MsoNormal\" style=\"text-align: justify;\"><span id=\"yiv6127651103yui_3_16_0_ym19_1_1525776296013_3941\" style=\"font-size: 12pt;\">Dada la dif\u00edcil <span id=\"yiv6127651103yui_3_16_0_ym19_1_1525776296013_3950\">&nbsp;<\/span>situaci\u00f3n que est\u00e1 atravesando nuestra Escuela Normal al igual que los 28 institutos de formaci\u00f3n terciaria de la Ciudad de Bs As., que generan un clima de incertidumbre y malestar institucional, es que este Equipo de anticipaci\u00f3n e intervenci\u00f3n&nbsp; en situaciones cr\u00edticas, como espacio de participaci\u00f3n y representaci\u00f3n de la Comunidad en su conjunto de la ENS, tomar\u00e1 la iniciativa de recoger y abrir instancias de participaci\u00f3n, para establecer acuerdos consensuados entre las diferentes voces institucionales.<\/span><\/div>\n<div id=\"yiv6127651103yui_3_16_0_ym19_1_1525776296013_3944\" class=\"yiv6127651103MsoNormal\" style=\"text-align: justify;\"><span id=\"yiv6127651103yui_3_16_0_ym19_1_1525776296013_3943\" style=\"font-size: 12pt;\">Como establece su accionar, es el canal de comunicaci\u00f3n oficial de la instituci\u00f3n durante las situaciones cr\u00edticas, concentr\u00e1ndose as\u00ed la difusi\u00f3n de acciones que representen a la ENS N\u00b05 en su conjunto y que se informar\u00e1n a trav\u00e9s de la p\u00e1gina web y facebook de la escuela, como \u00fanicos canales. Las actividades que no se canalicen a trav\u00e9s de este equipo no podr\u00e1n realizarse en nombre de la Instituci\u00f3n.<\/span><\/div>\n<div>Para llevar adelante los acuerdos necesarios se realizan reuniones cada vez que la situaci\u00f3n lo amerite, adem\u00e1s de otras instancias de participaci\u00f3n y reuniones ampliadas.<\/p>\n<\/div>\n<div><\/div>\n<div><\/div>\n<div class=\"yiv6127651103MsoNormal\" style=\"text-align: justify;\"><span style=\"font-size: 12pt;\">El &nbsp;<strong>Equipo de anticipaci\u00f3n e intervenci\u00f3n en situaciones cr\u00edticas <\/strong>est\u00e1 integrado por:<\/span><\/div>\n<ul>\n<li><span id=\"yiv6127651103yui_3_16_0_ym19_1_1525776296013_3958\" style=\"font-size: 12pt;\">el CUA (Consejo de Unidad Acad\u00e9mica), <\/span><\/li>\n<li><span style=\"font-size: 12pt;\">dos docentes por el nivel inicial,<\/span><\/li>\n<li><span style=\"font-size: 12pt;\">dos docentes por el nivel primario, <\/span><\/li>\n<li><span id=\"yiv6127651103yui_3_16_0_ym19_1_1525776296013_3960\" style=\"font-size: 12pt;\">dos docentes por el nivel medio: un preceptor y un profesor, <\/span><\/li>\n<li><span id=\"yiv6127651103yui_3_16_0_ym19_1_1525776296013_3962\" style=\"font-size: 12pt;\">tres representantes por el nivel terciario: uno por cada claustro, <\/span><\/li>\n<li><span id=\"yiv6127651103yui_3_16_0_ym19_1_1525776296013_3964\" style=\"font-size: 12pt;\">un representante de servicios generales <\/span><\/li>\n<li><span style=\"font-size: 12pt;\">dos miembros de cooperadora&nbsp; y <\/span><\/li>\n<li><span style=\"font-size: 12pt;\">dos padres o madres<\/span><\/li>\n<\/ul>\n<div id=\"yiv6127651103yui_3_16_0_ym19_1_1525776296013_3968\" class=\"yiv6127651103MsoNormal\" style=\"text-align: justify;\"><span id=\"yiv6127651103yui_3_16_0_ym19_1_1525776296013_3967\" style=\"font-size: 12pt;\">Todos ellos con car\u00e1cter rotativo de ser necesario.<\/span><\/div>\n<div id=\"yiv6127651103yui_3_16_0_ym19_1_1525776296013_3970\" class=\"yiv6127651103MsoNormal\" style=\"text-align: justify;\"><span id=\"yiv6127651103yui_3_16_0_ym19_1_1525776296013_3969\" style=\"font-size: 12pt;\">Se espera contar con la participaci\u00f3n de toda la comunidad, directamente en las reuniones o acercando propuestas a trav\u00e9s de los distintos miembros del equipo.<\/span><\/div>\n<div id=\"yiv6127651103yui_3_16_0_ym19_1_1525776296013_3972\" class=\"yiv6127651103MsoNormal\" style=\"text-align: justify;\"><span style=\"font-size: 12pt;\"> &nbsp;<\/span><\/div>\n<div id=\"yiv6127651103yui_3_16_0_ym19_1_1525776296013_3973\" class=\"yiv6127651103MsoNormal\" style=\"text-align: right;\"><span style=\"font-size: 12pt;\">Rectorado\/ENS 5<\/span><\/div>\n<p><span style=\"font-size: 14pt;\">&nbsp;<\/span><\/p>\n<p style=\"text-align: left;\">\n","protected":false},"excerpt":{"rendered":"<p>Desde hace muchos a\u00f1os la Escuela Normal N\u00b05 cuenta con un espacio de participaci\u00f3n que representa a los diferentes niveles y claustros de la Comunidad Educativa, personal de servicios generales y familias. Este espacio ha tenido el objetivo de resolver situaciones complejas que impactaran sobre la Escuela de manera directa e indirecta. As\u00ed se tomaron &#8230; <a title=\"Equipo Situaciones Cr\u00edticas\" class=\"read-more\" href=\"https:\/\/ens5-caba.infd.edu.ar\/sitio\/equipo-situaciones-criticas\/\" aria-label=\"More on Equipo Situaciones Cr\u00edticas\">[+]<\/a><\/p>\n","protected":false},"author":1201,"featured_media":0,"parent":0,"menu_order":0,"comment_status":"closed","ping_status":"closed","template":"","meta":[],"acf":[],"_links":{"self":[{"href":"https:\/\/ens5-caba.infd.edu.ar\/sitio\/wp-json\/wp\/v2\/pages\/1046"}],"collection":[{"href":"https:\/\/ens5-caba.infd.edu.ar\/sitio\/wp-json\/wp\/v2\/pages"}],"about":[{"href":"https:\/\/ens5-caba.infd.edu.ar\/sitio\/wp-json\/wp\/v2\/types\/page"}],"author":[{"embeddable":true,"href":"https:\/\/ens5-caba.infd.edu.ar\/sitio\/wp-json\/wp\/v2\/users\/1201"}],"replies":[{"embeddable":true,"href":"https:\/\/ens5-caba.infd.edu.ar\/sitio\/wp-json\/wp\/v2\/comments?post=1046"}],"version-history":[{"count":4,"href":"https:\/\/ens5-caba.infd.edu.ar\/sitio\/wp-json\/wp\/v2\/pages\/1046\/revisions"}],"predecessor-version":[{"id":4456,"href":"https:\/\/ens5-caba.infd.edu.ar\/sitio\/wp-json\/wp\/v2\/pages\/1046\/revisions\/4456"}],"wp:attachment":[{"href":"https:\/\/ens5-caba.infd.edu.ar\/sitio\/wp-json\/wp\/v2\/media?parent=1046"}],"curies":[{"name":"wp","href":"https:\/\/api.w.org\/{rel}","templated":true}]}}