{"id":1033,"date":"2018-08-29T16:37:50","date_gmt":"2018-08-29T19:37:50","guid":{"rendered":"https:\/\/ens5-caba.infd.edu.ar\/sitio\/nivel-medio\/"},"modified":"2019-05-02T12:45:34","modified_gmt":"2019-05-02T15:45:34","slug":"nivel-medio","status":"publish","type":"page","link":"https:\/\/ens5-caba.infd.edu.ar\/sitio\/nivel-medio\/","title":{"rendered":"Nivel Medio"},"content":{"rendered":"<p>En el a\u00f1o 1909, cuando la escuela se funda, la secci\u00f3n secundaria s\u00f3lo era de mujeres.<\/p>\n<p>En 1969 egresa la \u00faltima promoci\u00f3n de maestras formadas en el nivel medio. Por esta raz\u00f3n, el ciclo superior se transforma en los bachilleratos especializados, que en ese a\u00f1o fueron en Letras, Ciencias F\u00edsico-Matem\u00e1ticas, Ciencias Biol\u00f3gicas y\u00a0 Orientaci\u00f3n Docente. La idea era que en todas las especialidades se construyera un saber pedag\u00f3gico, a la vez que se profundizaba el dominio de una disciplina determinada.<\/p>\n<p>En 1976, a iniciativa de sus autoridades, la escuela media se convierte en mixta, gradu\u00e1ndose en 1980 la primera promoci\u00f3n de varones.<\/p>\n<p>A partir de 1980, el\u00a0 nivel medio de la instituci\u00f3n participa en el Plan de Profesores por cargo, m\u00e1s conocido por proyecto 13. Se crea el cargo de Asesor Pedag\u00f3gico y muchos de sus profesores pueden trabajar con horas extras que les permiten concretar muchos proyectos enriquecedores de la tarea educativa.<\/p>\n<p>Jefaturas de Departamento, tutor\u00edas, clases de apoyo, orientaci\u00f3n vocacional, deportes, viajes educativos, coro, talleres de arte, talleres de cocina, cursos preparatorios para el ingreso a primer a\u00f1o, talleres de lectura, teatro, etc.<\/p>\n<p>En 1993, la Asociaci\u00f3n Cooperadora dona la Sala I de Computaci\u00f3n (Actualmente en primaria); en 1996 la II Multimedia (en nivel medio) y en 1999, la Sala III para el nivel terciario.<\/p>\n<p>El nivel medio de la Escuela Normal N\u00ba 5 es el m\u00e1s numeroso de la instituci\u00f3n.<\/p>\n","protected":false},"excerpt":{"rendered":"<p>En el a\u00f1o 1909, cuando la escuela se funda, la secci\u00f3n secundaria s\u00f3lo era de mujeres. En 1969 egresa la \u00faltima promoci\u00f3n de maestras formadas en el nivel medio. Por esta raz\u00f3n, el ciclo superior se transforma en los bachilleratos especializados, que en ese a\u00f1o fueron en Letras, Ciencias F\u00edsico-Matem\u00e1ticas, Ciencias Biol\u00f3gicas y\u00a0 Orientaci\u00f3n Docente. &#8230; <a title=\"Nivel Medio\" class=\"read-more\" href=\"https:\/\/ens5-caba.infd.edu.ar\/sitio\/nivel-medio\/\" aria-label=\"More on Nivel Medio\">[+]<\/a><\/p>\n","protected":false},"author":1201,"featured_media":0,"parent":0,"menu_order":0,"comment_status":"closed","ping_status":"closed","template":"","meta":[],"acf":[],"_links":{"self":[{"href":"https:\/\/ens5-caba.infd.edu.ar\/sitio\/wp-json\/wp\/v2\/pages\/1033"}],"collection":[{"href":"https:\/\/ens5-caba.infd.edu.ar\/sitio\/wp-json\/wp\/v2\/pages"}],"about":[{"href":"https:\/\/ens5-caba.infd.edu.ar\/sitio\/wp-json\/wp\/v2\/types\/page"}],"author":[{"embeddable":true,"href":"https:\/\/ens5-caba.infd.edu.ar\/sitio\/wp-json\/wp\/v2\/users\/1201"}],"replies":[{"embeddable":true,"href":"https:\/\/ens5-caba.infd.edu.ar\/sitio\/wp-json\/wp\/v2\/comments?post=1033"}],"version-history":[{"count":1,"href":"https:\/\/ens5-caba.infd.edu.ar\/sitio\/wp-json\/wp\/v2\/pages\/1033\/revisions"}],"predecessor-version":[{"id":1455,"href":"https:\/\/ens5-caba.infd.edu.ar\/sitio\/wp-json\/wp\/v2\/pages\/1033\/revisions\/1455"}],"wp:attachment":[{"href":"https:\/\/ens5-caba.infd.edu.ar\/sitio\/wp-json\/wp\/v2\/media?parent=1033"}],"curies":[{"name":"wp","href":"https:\/\/api.w.org\/{rel}","templated":true}]}}