{"id":1031,"date":"2018-08-29T16:37:50","date_gmt":"2018-08-29T19:37:50","guid":{"rendered":"https:\/\/ens5-caba.infd.edu.ar\/sitio\/nivel-primario\/"},"modified":"2019-05-02T12:42:51","modified_gmt":"2019-05-02T15:42:51","slug":"nivel-primario","status":"publish","type":"page","link":"https:\/\/ens5-caba.infd.edu.ar\/sitio\/nivel-primario\/","title":{"rendered":"Nivel Primario"},"content":{"rendered":"<p>&nbsp;<\/p>\n<p>En los lineamientos curriculares para las Escuelas Primarias dependientes del Gobierno de la Ciudad Aut\u00f3noma de Buenos Aires se considera la Educaci\u00f3n General B\u00e1sica como una unidad de sentido formativo, definido por medio de cuatro finalidades:<\/p>\n<ul>\n<li>\u201cGarantizar el acceso a saberes, pr\u00e1cticas y experiencias culturales relevantes para la realizaci\u00f3n integral de las personas\u201d.<\/li>\n<li>\u201cBrindar los saberes y las experiencias necesarios para que puedan intervenir en los asuntos p\u00fablicos y ejerzan diferentes maneras de participaci\u00f3n\u00a0 en una sociedad democr\u00e1tica y se formen como ciudadanos<\/li>\n<li>\u201cPromocionar el desarrollo de la personalidad, el pensamiento cr\u00edtico, la solidaridad social y el juicio moral aut\u00f3nomo, incrementando su capacidad de conocerse y cambiar, conocer el mundo e influir en \u00e9l\u201d.<\/li>\n<li>\u201cGarantizar el dominio de las herramientas y medios necesarios para continuar su aprendizaje m\u00e1s all\u00e1 de la educaci\u00f3n primaria\u201d.<\/li>\n<\/ul>\n<p>El Nivel Primario de la Escuela Normal Superior N\u00ba 5, como Departamento de Aplicaci\u00f3n, tiene la doble finalidad de conducir el proceso de aprendizaje de los alumnos del propio nivel y de constituirse en un \u00e1mbito formativo, de investigaci\u00f3n y experimentaci\u00f3n para los alumnos del Profesorado para la Ense\u00f1anza Primaria, futuros docentes.<\/p>\n","protected":false},"excerpt":{"rendered":"<p>&nbsp; En los lineamientos curriculares para las Escuelas Primarias dependientes del Gobierno de la Ciudad Aut\u00f3noma de Buenos Aires se considera la Educaci\u00f3n General B\u00e1sica como una unidad de sentido formativo, definido por medio de cuatro finalidades: \u201cGarantizar el acceso a saberes, pr\u00e1cticas y experiencias culturales relevantes para la realizaci\u00f3n integral de las personas\u201d. \u201cBrindar &#8230; <a title=\"Nivel Primario\" class=\"read-more\" href=\"https:\/\/ens5-caba.infd.edu.ar\/sitio\/nivel-primario\/\" aria-label=\"More on Nivel Primario\">[+]<\/a><\/p>\n","protected":false},"author":1201,"featured_media":0,"parent":0,"menu_order":0,"comment_status":"closed","ping_status":"closed","template":"","meta":[],"acf":[],"_links":{"self":[{"href":"https:\/\/ens5-caba.infd.edu.ar\/sitio\/wp-json\/wp\/v2\/pages\/1031"}],"collection":[{"href":"https:\/\/ens5-caba.infd.edu.ar\/sitio\/wp-json\/wp\/v2\/pages"}],"about":[{"href":"https:\/\/ens5-caba.infd.edu.ar\/sitio\/wp-json\/wp\/v2\/types\/page"}],"author":[{"embeddable":true,"href":"https:\/\/ens5-caba.infd.edu.ar\/sitio\/wp-json\/wp\/v2\/users\/1201"}],"replies":[{"embeddable":true,"href":"https:\/\/ens5-caba.infd.edu.ar\/sitio\/wp-json\/wp\/v2\/comments?post=1031"}],"version-history":[{"count":1,"href":"https:\/\/ens5-caba.infd.edu.ar\/sitio\/wp-json\/wp\/v2\/pages\/1031\/revisions"}],"predecessor-version":[{"id":1454,"href":"https:\/\/ens5-caba.infd.edu.ar\/sitio\/wp-json\/wp\/v2\/pages\/1031\/revisions\/1454"}],"wp:attachment":[{"href":"https:\/\/ens5-caba.infd.edu.ar\/sitio\/wp-json\/wp\/v2\/media?parent=1031"}],"curies":[{"name":"wp","href":"https:\/\/api.w.org\/{rel}","templated":true}]}}