{"id":1029,"date":"2018-08-29T16:37:49","date_gmt":"2018-08-29T19:37:49","guid":{"rendered":"https:\/\/ens5-caba.infd.edu.ar\/sitio\/nivel-inicial\/"},"modified":"2022-08-10T10:50:51","modified_gmt":"2022-08-10T13:50:51","slug":"nivel-inicial","status":"publish","type":"page","link":"https:\/\/ens5-caba.infd.edu.ar\/sitio\/nivel-inicial\/","title":{"rendered":"Nivel Inicial"},"content":{"rendered":"<h5><img decoding=\"async\" loading=\"lazy\" class=\"size-full wp-image-4124 aligncenter\" src=\"https:\/\/ens5-caba.infd.edu.ar\/sitio\/wp-content\/uploads\/2022\/06\/Incial.jpeg\" alt=\"\" width=\"692\" height=\"694\" srcset=\"https:\/\/ens5-caba.infd.edu.ar\/sitio\/wp-content\/uploads\/2022\/06\/Incial.jpeg 692w, https:\/\/ens5-caba.infd.edu.ar\/sitio\/wp-content\/uploads\/2022\/06\/Incial-500x500.jpeg 500w\" sizes=\"(max-width: 692px) 100vw, 692px\" \/><\/h5>\n<hr \/>\n<p><img decoding=\"async\" loading=\"lazy\" class=\" wp-image-4202 aligncenter\" src=\"https:\/\/ens5-caba.infd.edu.ar\/sitio\/wp-content\/uploads\/2022\/08\/qrcode_28378882_undefined-1000x1000.png\" alt=\"\" width=\"185\" height=\"185\" srcset=\"https:\/\/ens5-caba.infd.edu.ar\/sitio\/wp-content\/uploads\/2022\/08\/qrcode_28378882_undefined-1000x1000.png 1000w, https:\/\/ens5-caba.infd.edu.ar\/sitio\/wp-content\/uploads\/2022\/08\/qrcode_28378882_undefined-1900x1900.png 1900w, https:\/\/ens5-caba.infd.edu.ar\/sitio\/wp-content\/uploads\/2022\/08\/qrcode_28378882_undefined-500x500.png 500w, https:\/\/ens5-caba.infd.edu.ar\/sitio\/wp-content\/uploads\/2022\/08\/qrcode_28378882_undefined-768x768.png 768w, https:\/\/ens5-caba.infd.edu.ar\/sitio\/wp-content\/uploads\/2022\/08\/qrcode_28378882_undefined-1536x1536.png 1536w, https:\/\/ens5-caba.infd.edu.ar\/sitio\/wp-content\/uploads\/2022\/08\/qrcode_28378882_undefined-2048x2048.png 2048w\" sizes=\"(max-width: 185px) 100vw, 185px\" \/><\/p>\n<h5 style=\"text-align: center;\"><span style=\"color: #ff9900;\"><a style=\"color: #ff9900;\" href=\"https:\/\/ensn5ni.blogspot.com\/?m=1\" target=\"_blank\" rel=\"noopener\">Blog del Nivel Inicial<\/a><\/span><\/h5>\n<hr \/>\n<p><strong>Objetivo<\/strong><\/p>\n<p>Nuestro prop\u00f3sito es estimular las capacidades expresivas comunicativas de los ni\u00f1os y ni\u00f1as a trav\u00e9s del juego, la m\u00fasica, la pl\u00e1stica, la literatura y el arte, a partir de propuestas que favorezcan el desarrollo de la autonom\u00eda, la socializaci\u00f3n y la mirada cr\u00edtica y reflexiva del mundo. El Nivel Inicial articula su propuesta con los otros niveles de la escuela. Los docentes de las secciones de 5 a\u00f1os trabajan articuladamente con los alumnos de 1er grado del Nivel Primario.\u00a0Es nuestra intenci\u00f3n crear un jard\u00edn maternal para ni\u00f1os y ni\u00f1as de 45 d\u00edas a 2 a\u00f1os.<\/p>\n<p>El proceso de ense\u00f1anza-aprendizaje se desarrolla sobre la base de los lineamientos curriculares del Gobierno de la Ciudad de Buenos Aires<\/p>\n<p><strong>Funcionamiento:<\/strong><\/p>\n<p>Tiene entrada propia por\u00a0 Arcamendia 719<\/p>\n<p><strong>Horario:<\/strong><\/p>\n<p>Turno ma\u00f1ana de 8:45 a 12:00<\/p>\n<p>Turno tarde de 13:00 a 16:15<\/p>\n<p><strong>Disponibilidad de matr\u00edcula:<\/strong> 200 alumnos<\/p>\n<p><strong>Cantidad de secciones:<\/strong><\/p>\n<table border=\"1\" cellspacing=\"0\" cellpadding=\"0\">\n<tbody>\n<tr>\n<td valign=\"top\" width=\"299\"><strong>Turno ma\u00f1ana<\/strong><\/td>\n<td valign=\"top\" width=\"299\"><strong>Turno ma\u00f1ana<\/strong><\/td>\n<\/tr>\n<tr>\n<td valign=\"top\" width=\"299\">2 salas de 3 a\u00f1os<\/td>\n<td valign=\"top\" width=\"299\">2 salas de 3 a\u00f1os<\/td>\n<\/tr>\n<tr>\n<td valign=\"top\" width=\"299\">2 salas de 4 a\u00f1os<\/td>\n<td valign=\"top\" width=\"299\">2 salas de 4 a\u00f1os<\/td>\n<\/tr>\n<tr>\n<td valign=\"top\" width=\"299\">2 salas de 5 a\u00f1os<\/td>\n<td valign=\"top\" width=\"299\">2 salas de 5 a\u00f1os<\/td>\n<\/tr>\n<\/tbody>\n<\/table>\n<p><strong>Inscripci\u00f3n<\/strong><\/p>\n<p>Requisitos para el ingreso: 3 a\u00f1os cumplidos al 30 de junio<\/p>\n<p><strong>Contamos con:<\/strong><\/p>\n<p>-Biblioteca<\/p>\n<p>-Computadora en sala para ni\u00f1os de 5 a\u00f1os<\/p>\n<p>-Recursos electr\u00f3nicos: Televisor, video<\/p>\n<p>-Sala de m\u00fasica<\/p>\n<p>-Patio de juegos al aire libre<\/p>\n<p><strong>As\u00ed fuimos creciendo<\/strong><\/p>\n<p>1942: El Jard\u00edn de Infantes se crea siendo rectora de la escuela la Profesora Josefina Quiroga. Funcionaba con una \u00fanica sala en el turno ma\u00f1ana, a cargo de una sola maestra.<\/p>\n<p>1943: Se crea otro cargo de maestra y as\u00ed funcionan dos salas.<\/p>\n<p>1944:\u00a0Se crea el cargo de auxiliar de m\u00fasica del Jard\u00edn de Infantes.<\/p>\n<p>1961:\u00a0La Rectora de la Escuela Normal, Profesora Amanda L\u00f3pez de L\u00f3pez Silva cede la casa, destinada a vivienda de la directora para el Jard\u00edn de Infantes. La actividad del jard\u00edn se enriquece considerablemente: se crean simult\u00e1neamente los cargos de directora, maestra especial de m\u00fasica y dos cargos de maestra de secci\u00f3n. Funcionan 4 salas.<\/p>\n<p>1963: Se crea otro cargo de maestra de secci\u00f3n.<\/p>\n<p>1965:\u00a0Se crea un nuevo cargo de maestra de secci\u00f3n.<\/p>\n<p>1967:\u00a0El Jard\u00edn comienza a funcionar en el turno tarde. Se crean dos cargos de maestra de secci\u00f3n.<\/p>\n<p>1988:\u00a0\u00a0Comienzan a funcionar dos\u00a0 salas m\u00e1s en el turno tarde: se crea el cargo de Vice-directora en el turno tarde y dos cargos m\u00e1s de maestra de secci\u00f3n.<\/p>\n<p>1989:\u00a0Se autoriza la inscripci\u00f3n de ni\u00f1os de 3 a\u00f1os cumplidos al 30 de junio.<\/p>\n<p>1994:\u00a0Se crean dos salas m\u00e1s en el turno tarde<\/p>\n","protected":false},"excerpt":{"rendered":"<p>Blog del Nivel Inicial Objetivo Nuestro prop\u00f3sito es estimular las capacidades expresivas comunicativas de los ni\u00f1os y ni\u00f1as a trav\u00e9s del juego, la m\u00fasica, la pl\u00e1stica, la literatura y el arte, a partir de propuestas que favorezcan el desarrollo de la autonom\u00eda, la socializaci\u00f3n y la mirada cr\u00edtica y reflexiva del mundo. El Nivel Inicial &#8230; <a title=\"Nivel Inicial\" class=\"read-more\" href=\"https:\/\/ens5-caba.infd.edu.ar\/sitio\/nivel-inicial\/\" aria-label=\"More on Nivel Inicial\">[+]<\/a><\/p>\n","protected":false},"author":1201,"featured_media":0,"parent":0,"menu_order":0,"comment_status":"closed","ping_status":"closed","template":"","meta":[],"acf":[],"_links":{"self":[{"href":"https:\/\/ens5-caba.infd.edu.ar\/sitio\/wp-json\/wp\/v2\/pages\/1029"}],"collection":[{"href":"https:\/\/ens5-caba.infd.edu.ar\/sitio\/wp-json\/wp\/v2\/pages"}],"about":[{"href":"https:\/\/ens5-caba.infd.edu.ar\/sitio\/wp-json\/wp\/v2\/types\/page"}],"author":[{"embeddable":true,"href":"https:\/\/ens5-caba.infd.edu.ar\/sitio\/wp-json\/wp\/v2\/users\/1201"}],"replies":[{"embeddable":true,"href":"https:\/\/ens5-caba.infd.edu.ar\/sitio\/wp-json\/wp\/v2\/comments?post=1029"}],"version-history":[{"count":6,"href":"https:\/\/ens5-caba.infd.edu.ar\/sitio\/wp-json\/wp\/v2\/pages\/1029\/revisions"}],"predecessor-version":[{"id":4205,"href":"https:\/\/ens5-caba.infd.edu.ar\/sitio\/wp-json\/wp\/v2\/pages\/1029\/revisions\/4205"}],"wp:attachment":[{"href":"https:\/\/ens5-caba.infd.edu.ar\/sitio\/wp-json\/wp\/v2\/media?parent=1029"}],"curies":[{"name":"wp","href":"https:\/\/api.w.org\/{rel}","templated":true}]}}