{"id":1027,"date":"2018-08-29T16:37:48","date_gmt":"2018-08-29T19:37:48","guid":{"rendered":"https:\/\/ens5-caba.infd.edu.ar\/sitio\/gestion-de-la-informacion-registracion-y-grupos\/"},"modified":"2022-05-26T15:48:02","modified_gmt":"2022-05-26T18:48:02","slug":"gestion-de-la-informacion-registracion-y-grupos","status":"publish","type":"page","link":"https:\/\/ens5-caba.infd.edu.ar\/sitio\/gestion-de-la-informacion-registracion-y-grupos\/","title":{"rendered":"Gesti\u00f3n de la Informaci\u00f3n (Registraci\u00f3n)"},"content":{"rendered":"<p>Si sos Docente de alguno de nuestros cuatro niveles (Inicial, Primario, Secundario\u00a0o Terciario), Egresado, Alumno de nuestros Profesorados (Inicial-PEI o Primario-PEP) o Jubilado, te invitamos a que te registres en nuestra base de datos para mantenerte informado sobre las novedades de nuestra Escuela.<\/p>\n<p>Envia un mail a:<\/p>\n<p><strong>ens5de5_gestion@bue.edu.ar<\/strong><\/p>\n<p><strong>Asunto:\u00a0(EL QUE CORRESPONDA &#8211; NO OMITIR)<\/strong><\/p>\n<p>Suscripci\u00f3n DOCENTE NIVEL INICIAL<\/p>\n<p>Suscripci\u00f3n DOCENTE NIVEL PRIMARIO<\/p>\n<p>Suscripci\u00f3n DOCENTE NIVEL SECUNDARIO<\/p>\n<p>Suscripci\u00f3n DOCENTE NIVEL TERCIARIO<\/p>\n<p>Suscripci\u00f3n ALUMNO PEInicial<\/p>\n<p>Suscripci\u00f3n ALUMNO PEPrimaria<\/p>\n<p>Suscripci\u00f3n EGRESADO NIVEL TERCIARIO &#8211; PROFESORADO<\/p>\n<p>Suscripci\u00f3n JUBILADO<\/p>\n<p><strong>Indicando<\/strong>:<\/p>\n<p>DNI (sin puntos, ni espacios)<br \/>\nNombre y Apellido<br \/>\ncorreo electr\u00f3nico.<\/p>\n<p><strong>IMPORTANTE<\/strong>:<\/p>\n<p>Los datos suministrados son confidenciales.<\/p>\n<p>Por favor agreganos a tu Libreta de direcciones para evitar que nuestros mails\u00a0lleguen como Correo No Deseado (spam):<\/p>\n<p>\u00abEscuela Normal Superior N\u00b0 5 &#8211; Gesti\u00f3n de la Informaci\u00f3n\u00bb <strong>ens5de5_gestion@bue.edu.ar<\/strong><\/p>\n<p><strong>CONTACTO<\/strong>:<\/p>\n<p>Escribinos a:<\/p>\n<p><strong>ens5de5_gestion@bue.edu.ar<\/strong><\/p>\n","protected":false},"excerpt":{"rendered":"<p>Si sos Docente de alguno de nuestros cuatro niveles (Inicial, Primario, Secundario\u00a0o Terciario), Egresado, Alumno de nuestros Profesorados (Inicial-PEI o Primario-PEP) o Jubilado, te invitamos a que te registres en nuestra base de datos para mantenerte informado sobre las novedades de nuestra Escuela. Envia un mail a: ens5de5_gestion@bue.edu.ar Asunto:\u00a0(EL QUE CORRESPONDA &#8211; NO OMITIR) Suscripci\u00f3n &#8230; <a title=\"Gesti\u00f3n de la Informaci\u00f3n (Registraci\u00f3n)\" class=\"read-more\" href=\"https:\/\/ens5-caba.infd.edu.ar\/sitio\/gestion-de-la-informacion-registracion-y-grupos\/\" aria-label=\"More on Gesti\u00f3n de la Informaci\u00f3n (Registraci\u00f3n)\">[+]<\/a><\/p>\n","protected":false},"author":1201,"featured_media":0,"parent":0,"menu_order":0,"comment_status":"closed","ping_status":"closed","template":"","meta":[],"acf":[],"_links":{"self":[{"href":"https:\/\/ens5-caba.infd.edu.ar\/sitio\/wp-json\/wp\/v2\/pages\/1027"}],"collection":[{"href":"https:\/\/ens5-caba.infd.edu.ar\/sitio\/wp-json\/wp\/v2\/pages"}],"about":[{"href":"https:\/\/ens5-caba.infd.edu.ar\/sitio\/wp-json\/wp\/v2\/types\/page"}],"author":[{"embeddable":true,"href":"https:\/\/ens5-caba.infd.edu.ar\/sitio\/wp-json\/wp\/v2\/users\/1201"}],"replies":[{"embeddable":true,"href":"https:\/\/ens5-caba.infd.edu.ar\/sitio\/wp-json\/wp\/v2\/comments?post=1027"}],"version-history":[{"count":9,"href":"https:\/\/ens5-caba.infd.edu.ar\/sitio\/wp-json\/wp\/v2\/pages\/1027\/revisions"}],"predecessor-version":[{"id":4090,"href":"https:\/\/ens5-caba.infd.edu.ar\/sitio\/wp-json\/wp\/v2\/pages\/1027\/revisions\/4090"}],"wp:attachment":[{"href":"https:\/\/ens5-caba.infd.edu.ar\/sitio\/wp-json\/wp\/v2\/media?parent=1027"}],"curies":[{"name":"wp","href":"https:\/\/api.w.org\/{rel}","templated":true}]}}