{"id":1025,"date":"2018-08-29T16:37:48","date_gmt":"2018-08-29T19:37:48","guid":{"rendered":"https:\/\/ens5-caba.infd.edu.ar\/sitio\/documentos\/"},"modified":"2026-03-21T12:37:09","modified_gmt":"2026-03-21T15:37:09","slug":"documentos","status":"publish","type":"page","link":"https:\/\/ens5-caba.infd.edu.ar\/sitio\/documentos\/","title":{"rendered":"Documentos"},"content":{"rendered":"<p><a title=\"ROM ENS\" href=\"upload\/ROM_ENS.pdf\" target=\"_blank\" rel=\"noopener\">Reglamento Org\u00e1nico Marco (ROM) para las ENS<\/a><\/p>\n<p><a href=\"https:\/\/ens5-caba.infd.edu.ar\/sitio\/wp-content\/uploads\/2022\/03\/Reglamento-Academico-Institucional-RAI-2016.pdf\">Reglamento Acad\u00e9mico Institucional\u00a0(RAI)<\/a><\/p>\n<p><a title=\"EDI_proyecto_2016\" href=\"upload\/EDI_proyecto_2016.pdf\" target=\"_blank\" rel=\"noopener\">Proyecto de Definici\u00f3n Institucional (EDI) &#8211; Nivel Terciario &#8211; La Educaci\u00f3n Popular en la Formaci\u00f3n Docente<\/a><\/p>\n<p><a href=\"https:\/\/ens5-caba.infd.edu.ar\/sitio\/wp-content\/uploads\/2024\/04\/Proyecto-Juegoteca-ENS-5-2024.pdf\" target=\"_blank\" rel=\"noopener\">Proyecto Juegoteca 2024<\/a><\/p>\n<p><a href=\"https:\/\/ens5-caba.infd.edu.ar\/sitio\/wp-content\/uploads\/2022\/03\/estatuto_docente_setiembre_2021.pdf\" target=\"_blank\" rel=\"noopener\">Estatuto Docente (Actualizaci\u00f3n Sep-2021)<\/a><\/p>\n<p><a title=\"Reglamento Escolar\" href=\"upload\/Reglamento_Escolar_anexo-res4776.pdf\" target=\"_blank\" rel=\"noopener\">Reglamento Escolar<\/a><\/p>\n<p><a href=\"https:\/\/ens5-caba.infd.edu.ar\/sitio\/wp-content\/uploads\/2018\/10\/Protocolo-Violencia-de-Genero.pdf\" target=\"_blank\" rel=\"noopener\">Protocolo de Acci\u00f3n para la Prevenci\u00f3n e Intervenci\u00f3n ante Situaciones de Violencia de G\u00e9nero y Discriminaci\u00f3n<\/a><\/p>\n<p><a href=\"https:\/\/ens5-caba.infd.edu.ar\/sitio\/wp-content\/uploads\/2018\/10\/Resol-2018-643-MEGC.pdf\" target=\"_blank\" rel=\"noopener\">Resoluci\u00f3n Pautas ante Situaci\u00f3n de Toma del Establecimiento<\/a><\/p>\n<p><a href=\"https:\/\/ens5-caba.infd.edu.ar\/sitio\/wp-content\/uploads\/2018\/10\/Centro_De_Estudiantes.pdf\" target=\"_blank\" rel=\"noopener\">Normativa Centro de Estudiantes<\/a><\/p>\n<p><a href=\"https:\/\/ens5-caba.infd.edu.ar\/sitio\/wp-content\/uploads\/2018\/11\/Estatuto_Normal_5_CC_Terciario.pdf\" target=\"_blank\" rel=\"noopener\">Estatuto Centro de Estudiantes Nivel Terciario<\/a><\/p>\n<p><strong>FORMULARIOS<\/strong><\/p>\n<p><a href=\"https:\/\/ens5-caba.infd.edu.ar\/sitio\/wp-content\/uploads\/2026\/03\/Nota-Art-71.docx\">Solicitud de Licencias<\/a><\/p>\n<p><a href=\"https:\/\/ens5-caba.infd.edu.ar\/sitio\/wp-content\/uploads\/2026\/03\/nota-limitacion-licencia-71.docx\">Solicitud Limitaci\u00f3n Licencia 71<\/a><\/p>\n<p><a href=\"https:\/\/ens5-caba.infd.edu.ar\/sitio\/wp-content\/uploads\/2026\/03\/Nota-de-Renuncia.docx\">Nota de Renuncia<\/a><\/p>\n<p><a href=\"https:\/\/ens5-caba.infd.edu.ar\/sitio\/wp-content\/uploads\/2024\/02\/Membrete_ENS5-1.doc\" target=\"_blank\" rel=\"noopener\">Membrete de la Escuela<\/a><\/p>\n<p><a href=\"https:\/\/ens5-caba.infd.edu.ar\/sitio\/wp-content\/uploads\/2024\/02\/Membrete_GCBA-1.doc\" target=\"_blank\" rel=\"noopener\">Membrete Oficial GCBA<\/a><\/p>\n<p><a href=\"https:\/\/ens5-caba.infd.edu.ar\/sitio\/wp-content\/uploads\/2018\/09\/ESCUDO_NORMAL.jpg\" target=\"_blank\" rel=\"noopener\">Escudo de la Escuela<\/a><\/p>\n<p><a title=\"Escudo Oficial del GCBA\" href=\"upload\/Escudo_Oficial_GCBA.jpg\" target=\"_blank\" rel=\"noopener\">Escudo de la Ciudad de Buenos Aires<\/a><\/p>\n<p><a title=\"Formato_CV_2016\" href=\"upload\/Formato_CV_2016.doc\" target=\"_blank\" rel=\"noopener\">Formato Curriculum Vitae<\/a><\/p>\n<p><a title=\"Bienvenida\" href=\"upload\/Bienvenida_NI_NP_NM.doc\" target=\"_blank\" rel=\"noopener\">Bienvenida para Nivel Inicial, Primario y Medio<\/a><\/p>\n","protected":false},"excerpt":{"rendered":"<p>Reglamento Org\u00e1nico Marco (ROM) para las ENS Reglamento Acad\u00e9mico Institucional\u00a0(RAI) Proyecto de Definici\u00f3n Institucional (EDI) &#8211; Nivel Terciario &#8211; La Educaci\u00f3n Popular en la Formaci\u00f3n Docente Proyecto Juegoteca 2024 Estatuto Docente (Actualizaci\u00f3n Sep-2021) Reglamento Escolar Protocolo de Acci\u00f3n para la Prevenci\u00f3n e Intervenci\u00f3n ante Situaciones de Violencia de G\u00e9nero y Discriminaci\u00f3n Resoluci\u00f3n Pautas ante Situaci\u00f3n &#8230; <a title=\"Documentos\" class=\"read-more\" href=\"https:\/\/ens5-caba.infd.edu.ar\/sitio\/documentos\/\" aria-label=\"More on Documentos\">[+]<\/a><\/p>\n","protected":false},"author":1201,"featured_media":0,"parent":0,"menu_order":0,"comment_status":"closed","ping_status":"closed","template":"","meta":[],"acf":[],"_links":{"self":[{"href":"https:\/\/ens5-caba.infd.edu.ar\/sitio\/wp-json\/wp\/v2\/pages\/1025"}],"collection":[{"href":"https:\/\/ens5-caba.infd.edu.ar\/sitio\/wp-json\/wp\/v2\/pages"}],"about":[{"href":"https:\/\/ens5-caba.infd.edu.ar\/sitio\/wp-json\/wp\/v2\/types\/page"}],"author":[{"embeddable":true,"href":"https:\/\/ens5-caba.infd.edu.ar\/sitio\/wp-json\/wp\/v2\/users\/1201"}],"replies":[{"embeddable":true,"href":"https:\/\/ens5-caba.infd.edu.ar\/sitio\/wp-json\/wp\/v2\/comments?post=1025"}],"version-history":[{"count":31,"href":"https:\/\/ens5-caba.infd.edu.ar\/sitio\/wp-json\/wp\/v2\/pages\/1025\/revisions"}],"predecessor-version":[{"id":5930,"href":"https:\/\/ens5-caba.infd.edu.ar\/sitio\/wp-json\/wp\/v2\/pages\/1025\/revisions\/5930"}],"wp:attachment":[{"href":"https:\/\/ens5-caba.infd.edu.ar\/sitio\/wp-json\/wp\/v2\/media?parent=1025"}],"curies":[{"name":"wp","href":"https:\/\/api.w.org\/{rel}","templated":true}]}}